{"id":11788,"date":"2021-12-09T11:49:33","date_gmt":"2021-12-09T11:49:33","guid":{"rendered":"https:\/\/safina.pt\/projeto-compete-2020\/"},"modified":"2022-05-03T09:53:49","modified_gmt":"2022-05-03T09:53:49","slug":"proyecto-compete-2020","status":"publish","type":"page","link":"https:\/\/safina.pt\/es\/acerca\/proyecto-compete-2020\/","title":{"rendered":"Proyecto Compete 2020"},"content":{"rendered":"<p>[vc_row content_placement=\u00bbtop\u00bb row_content_width=\u00bbgrid\u00bb row_btt_skin=\u00bblight\u00bb enable_bg_pattern=\u00bbyes\u00bb row_background_text_position=\u00bbfront\u00bb row_skin=\u00bbdark\u00bb css=\u00bb.vc_custom_1639050322238{padding-bottom: 150px !important;}\u00bb][vc_column]<div class=\"mkdf-elements-holder   mkdf-one-column  mkdf-responsive-mode-1024 \" ><div class=\"mkdf-eh-item  mkdf-vertical-alignment-top  \"  data-item-class=\"mkdf-eh-custom-9936\" data-1367-1600=\"0px 120px 8px 50px\" data-1025-1366=\"0px 21px 4px 40px\" data-769-1024=\"57px 260px 0 0px\" data-681-768=\"57px 120px 0 0px\" data-680=\"57px 0px 0 0px\">\n\t<div class=\"mkdf-eh-item-inner\">\n\t\t<div class=\"mkdf-eh-item-content mkdf-eh-custom-9936\" style=\"padding: 0px 90px 8px 80px\">\n\t\t\t<div class=\"mkdf-section-title-holder  mkdf-st-standard mkdf-st-title-left mkdf-st-normal-space \" >\n\t<div class=\"mkdf-st-inner\">\n                    <h6 class=\"mkdf-st-intro-title\" >\n                SOBRE SAFINA            <\/h6>\n        \t\t\t\t\t<h2 class=\"mkdf-st-title\" >\n\t\t\t\tPROYECTO COMPETE 2020\t\t\t<\/h2>\n\t\t\t\t\t\t\t<h5 class=\"mkdf-st-text\" style=\"font-size: 18px;line-height: 26px;font-weight: 400;margin-top: 21px\">\n\t\t\t\tCofinanciado por:\t\t\t<\/h5>\n\t\t\t<\/div>\n<\/div>[vc_empty_space]<div class=\"mkdf-single-image-holder   \">\n    <div class=\"mkdf-si-inner\" >\n                                    <img width=\"1024\" height=\"97\" src=\"https:\/\/safina.pt\/wp-content\/uploads\/2021\/12\/compete2020_sem-cofinanciados-black-1024x97.png\" class=\"attachment-large size-large\" alt=\"\" loading=\"lazy\" srcset=\"https:\/\/safina.pt\/wp-content\/uploads\/2021\/12\/compete2020_sem-cofinanciados-black-1024x97.png 1024w, https:\/\/safina.pt\/wp-content\/uploads\/2021\/12\/compete2020_sem-cofinanciados-black-300x28.png 300w, https:\/\/safina.pt\/wp-content\/uploads\/2021\/12\/compete2020_sem-cofinanciados-black-768x73.png 768w, https:\/\/safina.pt\/wp-content\/uploads\/2021\/12\/compete2020_sem-cofinanciados-black-1536x146.png 1536w, https:\/\/safina.pt\/wp-content\/uploads\/2021\/12\/compete2020_sem-cofinanciados-black.png 1920w\" sizes=\"(max-width: 1024px) 100vw, 1024px\" \/>                        <\/div>\n<\/div>[vc_empty_space][vc_column_text]Nombre del proyecto | SAFINA ADAPT<\/p>\n<p>C\u00f3digo del proyecto | POCI-02-08B9-FEDER-068072<br \/>\nObjetivo principal | Reforzar la competitividad de las peque\u00f1as y medianas empresas<br \/>\nRegi\u00f3n de Intervenci\u00f3n | Centro<br \/>\nEntidad beneficiaria | SAFINA-SOCIEDADE INDUSTRIAL DE ALCATIFAS LDA<\/p>\n<p>Fecha de aprobaci\u00f3n 2020-06-29<br \/>\nFecha de inicio | 2020-06-01<br \/>\nFecha de cierre &#8211; 2020-11-30<br \/>\nCoste total subvencionable &#8211; 10.053,91 euros<br \/>\nApoyo financiero de la Uni\u00f3n Europea &#8211; FEDER &#8211; 5.026,96 euros<\/p>\n<p>Con esta inversi\u00f3n, SAFINA pretende<br \/>\n&#8211; Proceder a la adaptaci\u00f3n de su establecimiento, mediante la adopci\u00f3n de nuevos m\u00e9todos de organizaci\u00f3n del trabajo y de relaci\u00f3n con clientes y proveedores dadas las nuevas condiciones de distancia f\u00edsica en el contexto de la pandemia COVID-19 y garantizando el cumplimiento de las normas establecidas y las recomendaciones de las autoridades competentes.<\/p>\n<p>T\u00edtulo del proyecto | Salir al extranjero &#8211; SAFINA<\/p>\n<p>C\u00f3digo del proyecto | POCI-02-0752-FEDER-025679 | POCI-03-3560-FSE-025679<br \/>\nObjetivo principal | Prospecci\u00f3n y presencia en los mercados internacionales (Prospecci\u00f3n y captaci\u00f3n de nuevos clientes)<\/p>\n<p>Regi\u00f3n de intervenci\u00f3n &#8211; Centro<\/p>\n<p>Entidad beneficiaria |SAFINA-SOCIEDADE INDUSTRIAL DE ALCATIFAS LDA<\/p>\n<p>Fecha de aprobaci\u00f3n | 2017-03-28<br \/>\nFecha de inicio | 2017-03-03<br \/>\nFecha de finalizaci\u00f3n | 2019-03-02<br \/>\nCoste total subvencionable: 280.941,17 euros<br \/>\nApoyo financiero de la Uni\u00f3n Europea &#8211; FEDER &#8211; 122.476,50 EUR | FSE &#8211; 5.262,70 EUR<\/p>\n<p>SAFINA ha establecido los siguientes objetivos estrat\u00e9gicos<br \/>\n&#8211; Empezar a exportar la gama de interiores y lograr as\u00ed una fuerte cualificaci\u00f3n de los mercados internacionales;<br \/>\n&#8211; Alcanzar una facturaci\u00f3n cercana a los 14,5 millones de euros en 2019;<br \/>\n&#8211; Penetrar y consolidar su posici\u00f3n en 4 nuevos mercados extraib\u00e9ricos;<br \/>\n&#8211; Introducir 2 nuevas innovaciones: 1 innovaci\u00f3n de marketing y 1 innovaci\u00f3n organizativa.[\/vc_column_text]\t\t<\/div>\n\t<\/div>\n<\/div><\/div>[\/vc_column][\/vc_row]<\/p>\n","protected":false},"excerpt":{"rendered":"<p>[vc_row content_placement=\u00bbtop\u00bb row_content_width=\u00bbgrid\u00bb row_btt_skin=\u00bblight\u00bb enable_bg_pattern=\u00bbyes\u00bb row_background_text_position=\u00bbfront\u00bb row_skin=\u00bbdark\u00bb css=\u00bb.vc_custom_1639050322238{padding-bottom: 150px !important;}\u00bb][vc_column][\/vc_column][\/vc_row]<\/p>\n","protected":false},"author":7,"featured_media":11453,"parent":11910,"menu_order":0,"comment_status":"closed","ping_status":"closed","template":"","meta":{"om_disable_all_campaigns":false,"inline_featured_image":false,"_monsterinsights_skip_tracking":false,"_monsterinsights_sitenote_active":false,"_monsterinsights_sitenote_note":"","_monsterinsights_sitenote_category":0},"aioseo_notices":[],"_links":{"self":[{"href":"https:\/\/safina.pt\/es\/wp-json\/wp\/v2\/pages\/11788"}],"collection":[{"href":"https:\/\/safina.pt\/es\/wp-json\/wp\/v2\/pages"}],"about":[{"href":"https:\/\/safina.pt\/es\/wp-json\/wp\/v2\/types\/page"}],"author":[{"embeddable":true,"href":"https:\/\/safina.pt\/es\/wp-json\/wp\/v2\/users\/7"}],"replies":[{"embeddable":true,"href":"https:\/\/safina.pt\/es\/wp-json\/wp\/v2\/comments?post=11788"}],"version-history":[{"count":3,"href":"https:\/\/safina.pt\/es\/wp-json\/wp\/v2\/pages\/11788\/revisions"}],"predecessor-version":[{"id":12787,"href":"https:\/\/safina.pt\/es\/wp-json\/wp\/v2\/pages\/11788\/revisions\/12787"}],"up":[{"embeddable":true,"href":"https:\/\/safina.pt\/es\/wp-json\/wp\/v2\/pages\/11910"}],"wp:featuredmedia":[{"embeddable":true,"href":"https:\/\/safina.pt\/es\/wp-json\/wp\/v2\/media\/11453"}],"wp:attachment":[{"href":"https:\/\/safina.pt\/es\/wp-json\/wp\/v2\/media?parent=11788"}],"curies":[{"name":"wp","href":"https:\/\/api.w.org\/{rel}","templated":true}]}}