{"id":11793,"date":"2021-12-09T11:33:28","date_gmt":"2021-12-09T11:33:28","guid":{"rendered":"https:\/\/safina.pt\/projeto-centro-2020\/"},"modified":"2022-05-03T09:53:58","modified_gmt":"2022-05-03T09:53:58","slug":"proyecto-centro-2020","status":"publish","type":"page","link":"https:\/\/safina.pt\/es\/acerca\/proyecto-centro-2020\/","title":{"rendered":"Proyecto Centro 2020"},"content":{"rendered":"<p>[vc_row content_placement=\u00bbtop\u00bb row_content_width=\u00bbgrid\u00bb row_btt_skin=\u00bblight\u00bb enable_bg_pattern=\u00bbyes\u00bb row_background_text_position=\u00bbfront\u00bb row_skin=\u00bbdark\u00bb css=\u00bb.vc_custom_1639050322238{padding-bottom: 150px !important;}\u00bb][vc_column]<div class=\"mkdf-elements-holder   mkdf-one-column  mkdf-responsive-mode-1024 \" ><div class=\"mkdf-eh-item  mkdf-vertical-alignment-top  \"  data-item-class=\"mkdf-eh-custom-8357\" data-1367-1600=\"0px 120px 8px 50px\" data-1025-1366=\"0px 21px 4px 40px\" data-769-1024=\"57px 260px 0 0px\" data-681-768=\"57px 120px 0 0px\" data-680=\"57px 0px 0 0px\">\n\t<div class=\"mkdf-eh-item-inner\">\n\t\t<div class=\"mkdf-eh-item-content mkdf-eh-custom-8357\" style=\"padding: 0px 90px 8px 80px\">\n\t\t\t<div class=\"mkdf-section-title-holder  mkdf-st-standard mkdf-st-title-left mkdf-st-normal-space \" >\n\t<div class=\"mkdf-st-inner\">\n                    <h6 class=\"mkdf-st-intro-title\" >\n                SOBRE SAFINA            <\/h6>\n        \t\t\t\t\t<h2 class=\"mkdf-st-title\" >\n\t\t\t\tPROYECTO CENTRO 2020\t\t\t<\/h2>\n\t\t\t\t\t\t\t<h5 class=\"mkdf-st-text\" style=\"font-size: 18px;line-height: 26px;font-weight: 400;margin-top: 21px\">\n\t\t\t\tCofinanciado por:\t\t\t<\/h5>\n\t\t\t<\/div>\n<\/div>[vc_empty_space]<div class=\"mkdf-single-image-holder   \">\n    <div class=\"mkdf-si-inner\" >\n                                    <img width=\"1024\" height=\"90\" src=\"https:\/\/safina.pt\/wp-content\/uploads\/2021\/12\/centro2020_sem-cofinanciados-black-1024x90.png\" class=\"attachment-large size-large\" alt=\"\" loading=\"lazy\" srcset=\"https:\/\/safina.pt\/wp-content\/uploads\/2021\/12\/centro2020_sem-cofinanciados-black-1024x90.png 1024w, https:\/\/safina.pt\/wp-content\/uploads\/2021\/12\/centro2020_sem-cofinanciados-black-300x26.png 300w, https:\/\/safina.pt\/wp-content\/uploads\/2021\/12\/centro2020_sem-cofinanciados-black-768x67.png 768w, https:\/\/safina.pt\/wp-content\/uploads\/2021\/12\/centro2020_sem-cofinanciados-black-1536x134.png 1536w, https:\/\/safina.pt\/wp-content\/uploads\/2021\/12\/centro2020_sem-cofinanciados-black.png 1920w\" sizes=\"(max-width: 1024px) 100vw, 1024px\" \/>                        <\/div>\n<\/div>[vc_empty_space][vc_column_text]T\u00edtulo del proyecto | Innovaci\u00f3n &#8211; Safina<\/p>\n<p>C\u00f3digo del proyecto | CENTRO-02-0853-FEDER-023429<br \/>\nCENTRO-04-3560-FSE-023429\u200b<br \/>\nObjetivo principal | Reforzar la competitividad de las PYME<br \/>\nRegi\u00f3n de Intervenci\u00f3n | Centro<br \/>\nEntidad beneficiaria | SAFINA-SOCIEDADE INDUSTRIAL DE ALCATIFAS LDA<\/p>\n<p>Fecha de aprobaci\u00f3n | 2017-05-18<br \/>\nFecha de inicio | 2016-10-01<br \/>\nFecha de conclusi\u00f3n | 2018-09-30<\/p>\n<p>Coste total subvencionable: 2.047.794,25 euros<br \/>\nApoyo financiero de la Uni\u00f3n Europea FEDER &#8211; 1.219.322,55 euros<br \/>\nESF &#8211; 9.354,00 EUROS<\/p>\n<p>Este proyecto surge a ra\u00edz de la necesidad primaria de SAFINA de llevar a cabo una mejora tecnol\u00f3gica y de infraestructuras que permita a la empresa los siguientes objetivos operativos y productivos en la producci\u00f3n de productos actuales y nuevos en la gama \u00abexterior\u00bb y tambi\u00e9n en la gama \u00abinterior\u00bb, a saber<\/p>\n<p>&#8211; Mejorar las caracter\u00edsticas de sus productos y, a trav\u00e9s del mercado sensorial, aumentar la calidad extr\u00ednseca y la notoriedad de sus productos.<br \/>\n&#8211; Aumentar la calidad del producto final reduciendo el n\u00famero de productos defectuosos (reducci\u00f3n estimada del 70%).<br \/>\n&#8211; Aumento de la productividad en un 25% aproximadamente, con nuevos equipos y m\u00e9todos.<br \/>\n&#8211; Medidas con impacto en la eficiencia operativa y la racionalizaci\u00f3n de costes, as\u00ed como en la mejora de la calidad de vida de los RRHH.<\/p>\n<p>Por lo tanto, se pretende ejecutar este proyecto para obtener 1 innovaci\u00f3n de todo el proceso productivo de SAFINA.[\/vc_column_text]\t\t<\/div>\n\t<\/div>\n<\/div><\/div>[\/vc_column][\/vc_row]<\/p>\n","protected":false},"excerpt":{"rendered":"<p>[vc_row content_placement=\u00bbtop\u00bb row_content_width=\u00bbgrid\u00bb row_btt_skin=\u00bblight\u00bb enable_bg_pattern=\u00bbyes\u00bb row_background_text_position=\u00bbfront\u00bb row_skin=\u00bbdark\u00bb css=\u00bb.vc_custom_1639050322238{padding-bottom: 150px !important;}\u00bb][vc_column][\/vc_column][\/vc_row]<\/p>\n","protected":false},"author":7,"featured_media":11453,"parent":11910,"menu_order":0,"comment_status":"closed","ping_status":"closed","template":"","meta":{"om_disable_all_campaigns":false,"inline_featured_image":false,"_monsterinsights_skip_tracking":false,"_monsterinsights_sitenote_active":false,"_monsterinsights_sitenote_note":"","_monsterinsights_sitenote_category":0},"aioseo_notices":[],"_links":{"self":[{"href":"https:\/\/safina.pt\/es\/wp-json\/wp\/v2\/pages\/11793"}],"collection":[{"href":"https:\/\/safina.pt\/es\/wp-json\/wp\/v2\/pages"}],"about":[{"href":"https:\/\/safina.pt\/es\/wp-json\/wp\/v2\/types\/page"}],"author":[{"embeddable":true,"href":"https:\/\/safina.pt\/es\/wp-json\/wp\/v2\/users\/7"}],"replies":[{"embeddable":true,"href":"https:\/\/safina.pt\/es\/wp-json\/wp\/v2\/comments?post=11793"}],"version-history":[{"count":4,"href":"https:\/\/safina.pt\/es\/wp-json\/wp\/v2\/pages\/11793\/revisions"}],"predecessor-version":[{"id":12788,"href":"https:\/\/safina.pt\/es\/wp-json\/wp\/v2\/pages\/11793\/revisions\/12788"}],"up":[{"embeddable":true,"href":"https:\/\/safina.pt\/es\/wp-json\/wp\/v2\/pages\/11910"}],"wp:featuredmedia":[{"embeddable":true,"href":"https:\/\/safina.pt\/es\/wp-json\/wp\/v2\/media\/11453"}],"wp:attachment":[{"href":"https:\/\/safina.pt\/es\/wp-json\/wp\/v2\/media?parent=11793"}],"curies":[{"name":"wp","href":"https:\/\/api.w.org\/{rel}","templated":true}]}}