{"id":11817,"date":"2021-12-22T19:23:59","date_gmt":"2021-12-22T19:23:59","guid":{"rendered":"https:\/\/safina.pt\/relva-desportiva\/"},"modified":"2022-04-30T09:11:19","modified_gmt":"2022-04-30T09:11:19","slug":"cesped-deportivo","status":"publish","type":"page","link":"https:\/\/safina.pt\/es\/produto\/cesped-deportivo\/","title":{"rendered":"C\u00e9sped Deportivo"},"content":{"rendered":"<p>[vc_row row_btt_skin=\u00bblight\u00bb row_background_text_position=\u00bbfront\u00bb row_skin=\u00bbdark\u00bb][vc_column]<div class=\"mkdf-ss-holder mkdf-ss-image-right mkdf-ss-break-1024 mkdf-ss-light-skin \">\n\t\t\t<div class=\"mkdf-ss-image\" style=\"background-image: url(https:\/\/safina.pt\/wp-content\/uploads\/2022\/03\/desportiva-1.jpg)\">\n\t\t\t<img width=\"2500\" height=\"1667\" src=\"https:\/\/safina.pt\/wp-content\/uploads\/2022\/03\/desportiva-1.jpg\" class=\"attachment-full size-full\" alt=\"\" loading=\"lazy\" srcset=\"https:\/\/safina.pt\/wp-content\/uploads\/2022\/03\/desportiva-1.jpg 2500w, https:\/\/safina.pt\/wp-content\/uploads\/2022\/03\/desportiva-1-300x200.jpg 300w, https:\/\/safina.pt\/wp-content\/uploads\/2022\/03\/desportiva-1-1024x683.jpg 1024w, https:\/\/safina.pt\/wp-content\/uploads\/2022\/03\/desportiva-1-768x512.jpg 768w, https:\/\/safina.pt\/wp-content\/uploads\/2022\/03\/desportiva-1-1536x1024.jpg 1536w\" sizes=\"(max-width: 2500px) 100vw, 2500px\" \/>\t\t<\/div>\n\t\t<div class=\"mkdf-ss-content\">\n        <div class=\"mkdf-ss-content-inner\">\n                            <div class=\"mkdf-ss-top-content\">\n                                            <h6 class=\"mkdf-ss-upper-subtitle\">\n                            C\u00c9SPED                        <\/h6>\n                    \n                                            <h1 class=\"mkdf-ss-upper-title\">\n                            DEPORTIVO                        <\/h1>\n                                    <\/div>\n                                            <\/div>\n        <div class=\"mkdf-ss-background-holder\" style=\"background-color:#1e212b\"><\/div>\n\t<\/div>\n            <div class=\"mkdf-item-background-text\">\n            <div class=\"mkdf-background-text-holder\" style=\"-webkit-text-stroke-color: rgba(255,255,255,0.61)\">\n                <div class=\"mkdf-split-text-outer\">\n                    <span class=\"mkdf-split-text-left\">\n                        <span class=\"mkdf-split-text-left-inner\">\n                            DEPORTIVO                        <\/span>\n                    <\/span>\n                    <span class=\"mkdf-split-text-right\">\n                        <span class=\"mkdf-split-text-right-inner\">\n                            DEPORTIVO                        <\/span>\n                    <\/span>\n                <\/div>\n            <\/div>\n        <\/div>\n    <\/div>[\/vc_column][\/vc_row][vc_row row_btt_skin=\u00bblight\u00bb row_background_text_position=\u00bbfront\u00bb row_skin=\u00bbdark\u00bb el_id=\u00bbproduto-imagem-esquerda-desktop\u00bb][vc_column]<div class=\"mkdf-elements-holder   mkdf-two-columns  mkdf-responsive-mode-1024 \" ><div class=\"mkdf-eh-item    \"  data-item-class=\"mkdf-eh-custom-2104\"     >\n\t<div class=\"mkdf-eh-item-inner\">\n\t\t<div class=\"mkdf-eh-item-content mkdf-eh-custom-2104\" style=\"padding: 0\">\n\t\t\t<div class=\"mkdf-single-image-holder   \">\n    <div class=\"mkdf-si-inner\" >\n                                    <img width=\"2560\" height=\"1706\" src=\"https:\/\/safina.pt\/wp-content\/uploads\/2022\/01\/Relva-Safina-PRO_futebol-scaled.jpg\" class=\"attachment-full size-full\" alt=\"\" loading=\"lazy\" srcset=\"https:\/\/safina.pt\/wp-content\/uploads\/2022\/01\/Relva-Safina-PRO_futebol-scaled.jpg 2560w, https:\/\/safina.pt\/wp-content\/uploads\/2022\/01\/Relva-Safina-PRO_futebol-300x200.jpg 300w, https:\/\/safina.pt\/wp-content\/uploads\/2022\/01\/Relva-Safina-PRO_futebol-1024x683.jpg 1024w, https:\/\/safina.pt\/wp-content\/uploads\/2022\/01\/Relva-Safina-PRO_futebol-768x512.jpg 768w, https:\/\/safina.pt\/wp-content\/uploads\/2022\/01\/Relva-Safina-PRO_futebol-1536x1024.jpg 1536w\" sizes=\"(max-width: 2560px) 100vw, 2560px\" \/>                        <\/div>\n<\/div>\t\t<\/div>\n\t<\/div>\n<\/div><div class=\"mkdf-eh-item   mkdf-horizontal-alignment-right \"  data-item-class=\"mkdf-eh-custom-6622\" data-1367-1600=\"5% 3%\" data-1025-1366=\"5% 3%\">\n\t<div class=\"mkdf-eh-item-inner\">\n\t\t<div class=\"mkdf-eh-item-content mkdf-eh-custom-6622\" >\n\t\t\t<div class=\"mkdf-section-title-holder  mkdf-st-standard mkdf-st-title-left mkdf-st-normal-space \" style=\"padding: 0 5%\">\n\t<div class=\"mkdf-st-inner\">\n                    <h6 class=\"mkdf-st-intro-title\" style=\"color: #8491a3\">\n                C\u00c9SPED DEPORTIVO            <\/h6>\n        \t\t\t\t\t<h2 class=\"mkdf-st-title\" style=\"color: #1e212b\">\n\t\t\t\tSafina PRO\t\t\t<\/h2>\n\t\t\t\t\t\t\t<h5 class=\"mkdf-st-text\" style=\"color: #1e212b;font-size: 18px;line-height: 26px;font-weight: 400;margin-top: 21px\">\n\t\t\t\tSAFINA PRO est\u00e1 concebido para campos de f\u00fatbol y rugby. C\u00e9sped de dos colores con monofilamentos de polietileno con perfil de diamante estriado, con 13 500 dtex, cosido sobre una tela de polipropileno doble, para mejorar la estabilidad dimensional. El c\u00e9sped SAFINA PRO est\u00e1 certificado por la FIFA en campos de toda Europa y es la respuesta a los desaf\u00edos deportivos m\u00e1s exigentes.<br \/>\n50, 60 mm | Verde\t\t\t<\/h5>\n\t\t\t<\/div>\n<\/div>\t\t<\/div>\n\t<\/div>\n<\/div><\/div>[\/vc_column][\/vc_row][vc_row row_btt_skin=\u00bblight\u00bb row_background_text_position=\u00bbfront\u00bb row_skin=\u00bbdark\u00bb el_id=\u00bbproduto-imagem-esquerda-mobile\u00bb][vc_column]<div class=\"mkdf-elements-holder   mkdf-two-columns  mkdf-responsive-mode-1024 \" ><div class=\"mkdf-eh-item   mkdf-horizontal-alignment-right \"  data-item-class=\"mkdf-eh-custom-1396\" data-769-1024=\"100px 25px\" data-681-768=\"100px 25px\" data-680=\"100px 25px\">\n\t<div class=\"mkdf-eh-item-inner\">\n\t\t<div class=\"mkdf-eh-item-content mkdf-eh-custom-1396\" style=\"padding: 100px 90px\">\n\t\t\t<div class=\"mkdf-section-title-holder  mkdf-st-standard mkdf-st-title-left mkdf-st-normal-space \" style=\"padding: 0 5%\">\n\t<div class=\"mkdf-st-inner\">\n                    <h6 class=\"mkdf-st-intro-title\" style=\"color: #8491a3\">\n                C\u00c9SPED DEPORTIVO            <\/h6>\n        \t\t\t\t\t<h2 class=\"mkdf-st-title\" style=\"color: #1e212b\">\n\t\t\t\tSafina PRO\t\t\t<\/h2>\n\t\t\t\t\t\t\t<h5 class=\"mkdf-st-text\" style=\"color: #1e212b;font-size: 18px;line-height: 26px;font-weight: 400;margin-top: 21px\">\n\t\t\t\tSAFINA PRO est\u00e1 concebido para campos de f\u00fatbol y rugby. C\u00e9sped de dos colores con monofilamentos de polietileno con perfil de diamante estriado, con 13 500 dtex, cosido sobre una tela de polipropileno doble, para mejorar la estabilidad dimensional. El c\u00e9sped SAFINA PRO est\u00e1 certificado por la FIFA en campos de toda Europa y es la respuesta a los desaf\u00edos deportivos m\u00e1s exigentes.<br \/>\n50, 60 mm | Verde\t\t\t<\/h5>\n\t\t\t<\/div>\n<\/div>\t\t<\/div>\n\t<\/div>\n<\/div><div class=\"mkdf-eh-item    \"  data-item-class=\"mkdf-eh-custom-8936\"     >\n\t<div class=\"mkdf-eh-item-inner\">\n\t\t<div class=\"mkdf-eh-item-content mkdf-eh-custom-8936\" style=\"padding: 0\">\n\t\t\t<div class=\"mkdf-single-image-holder   \">\n    <div class=\"mkdf-si-inner\" >\n                                    <img width=\"2560\" height=\"1706\" src=\"https:\/\/safina.pt\/wp-content\/uploads\/2022\/01\/Relva-Safina-PRO_futebol-scaled.jpg\" class=\"attachment-full size-full\" alt=\"\" loading=\"lazy\" srcset=\"https:\/\/safina.pt\/wp-content\/uploads\/2022\/01\/Relva-Safina-PRO_futebol-scaled.jpg 2560w, https:\/\/safina.pt\/wp-content\/uploads\/2022\/01\/Relva-Safina-PRO_futebol-300x200.jpg 300w, https:\/\/safina.pt\/wp-content\/uploads\/2022\/01\/Relva-Safina-PRO_futebol-1024x683.jpg 1024w, https:\/\/safina.pt\/wp-content\/uploads\/2022\/01\/Relva-Safina-PRO_futebol-768x512.jpg 768w, https:\/\/safina.pt\/wp-content\/uploads\/2022\/01\/Relva-Safina-PRO_futebol-1536x1024.jpg 1536w\" sizes=\"(max-width: 2560px) 100vw, 2560px\" \/>                        <\/div>\n<\/div>\t\t<\/div>\n\t<\/div>\n<\/div><\/div>[\/vc_column][\/vc_row][vc_row row_btt_skin=\u00bblight\u00bb row_background_text_position=\u00bbfront\u00bb row_skin=\u00bbdark\u00bb][vc_column]<div class=\"mkdf-elements-holder   mkdf-two-columns  mkdf-responsive-mode-1024 \" ><div class=\"mkdf-eh-item    \"  data-item-class=\"mkdf-eh-custom-2065\" data-1367-1600=\"5% 3%\" data-1025-1366=\"5% 3%\" data-769-1024=\"100px 25px\" data-681-768=\"100px 25px\" data-680=\"100px 25px\">\n\t<div class=\"mkdf-eh-item-inner\">\n\t\t<div class=\"mkdf-eh-item-content mkdf-eh-custom-2065\" style=\"padding: 100px 90px\">\n\t\t\t<div class=\"mkdf-section-title-holder  mkdf-st-standard mkdf-st-title-left mkdf-st-normal-space \" style=\"padding: 0 5%\">\n\t<div class=\"mkdf-st-inner\">\n                    <h6 class=\"mkdf-st-intro-title\" style=\"color: #8491a3\">\n                C\u00c9SPED DEPORTIVO            <\/h6>\n        \t\t\t\t\t<h2 class=\"mkdf-st-title\" style=\"color: #1e212b\">\n\t\t\t\tSafina Extra\t\t\t<\/h2>\n\t\t\t\t\t\t\t<h5 class=\"mkdf-st-text\" style=\"color: #1e212b;font-size: 18px;line-height: 26px;font-weight: 400;margin-top: 21px\">\n\t\t\t\tSAFINA EXTRA est\u00e1 pensado para campos de f\u00fatbol y rugby. C\u00e9sped de dos colores con monofilamentos de polietileno con perfil de nervio central, con 12 000 dtex, cosido sobre una tela de polipropileno doble, para mejorar la estabilidad dimensional. El c\u00e9sped SAFINA EXTRA supera las pruebas m\u00e1s estrictas la FIFA, lo que lo convierte en la respuesta ideal para las exigencias de cualquier equipo.<br \/>\n50, 60 mm | 2 tonos de verde\t\t\t<\/h5>\n\t\t\t<\/div>\n<\/div>\t\t<\/div>\n\t<\/div>\n<\/div><div class=\"mkdf-eh-item   mkdf-horizontal-alignment-center \"  data-item-class=\"mkdf-eh-custom-1232\"     >\n\t<div class=\"mkdf-eh-item-inner\">\n\t\t<div class=\"mkdf-eh-item-content mkdf-eh-custom-1232\" style=\"padding: 0\">\n\t\t\t<div class=\"mkdf-single-image-holder   \">\n    <div class=\"mkdf-si-inner\" >\n                                    <img width=\"2560\" height=\"1707\" src=\"https:\/\/safina.pt\/wp-content\/uploads\/2022\/01\/EXTRA-6013_-scaled.jpg\" class=\"attachment-full size-full\" alt=\"\" loading=\"lazy\" srcset=\"https:\/\/safina.pt\/wp-content\/uploads\/2022\/01\/EXTRA-6013_-scaled.jpg 2560w, https:\/\/safina.pt\/wp-content\/uploads\/2022\/01\/EXTRA-6013_-300x200.jpg 300w, https:\/\/safina.pt\/wp-content\/uploads\/2022\/01\/EXTRA-6013_-1024x683.jpg 1024w, https:\/\/safina.pt\/wp-content\/uploads\/2022\/01\/EXTRA-6013_-768x512.jpg 768w\" sizes=\"(max-width: 2560px) 100vw, 2560px\" \/>                        <\/div>\n<\/div>\t\t<\/div>\n\t<\/div>\n<\/div><\/div>[\/vc_column][\/vc_row]<\/p>\n","protected":false},"excerpt":{"rendered":"<p>[vc_row row_btt_skin=\u00bblight\u00bb row_background_text_position=\u00bbfront\u00bb row_skin=\u00bbdark\u00bb][vc_column][\/vc_column][\/vc_row][vc_row row_btt_skin=\u00bblight\u00bb row_background_text_position=\u00bbfront\u00bb row_skin=\u00bbdark\u00bb el_id=\u00bbproduto-imagem-esquerda-desktop\u00bb][vc_column][\/vc_column][\/vc_row][vc_row row_btt_skin=\u00bblight\u00bb row_background_text_position=\u00bbfront\u00bb row_skin=\u00bbdark\u00bb el_id=\u00bbproduto-imagem-esquerda-mobile\u00bb][vc_column][\/vc_column][\/vc_row][vc_row row_btt_skin=\u00bblight\u00bb row_background_text_position=\u00bbfront\u00bb row_skin=\u00bbdark\u00bb][vc_column][\/vc_column][\/vc_row]<\/p>\n","protected":false},"author":7,"featured_media":0,"parent":11906,"menu_order":0,"comment_status":"closed","ping_status":"closed","template":"full-width.php","meta":{"om_disable_all_campaigns":false,"inline_featured_image":false,"_monsterinsights_skip_tracking":false,"_monsterinsights_sitenote_active":false,"_monsterinsights_sitenote_note":"","_monsterinsights_sitenote_category":0},"aioseo_notices":[],"_links":{"self":[{"href":"https:\/\/safina.pt\/es\/wp-json\/wp\/v2\/pages\/11817"}],"collection":[{"href":"https:\/\/safina.pt\/es\/wp-json\/wp\/v2\/pages"}],"about":[{"href":"https:\/\/safina.pt\/es\/wp-json\/wp\/v2\/types\/page"}],"author":[{"embeddable":true,"href":"https:\/\/safina.pt\/es\/wp-json\/wp\/v2\/users\/7"}],"replies":[{"embeddable":true,"href":"https:\/\/safina.pt\/es\/wp-json\/wp\/v2\/comments?post=11817"}],"version-history":[{"count":5,"href":"https:\/\/safina.pt\/es\/wp-json\/wp\/v2\/pages\/11817\/revisions"}],"predecessor-version":[{"id":12773,"href":"https:\/\/safina.pt\/es\/wp-json\/wp\/v2\/pages\/11817\/revisions\/12773"}],"up":[{"embeddable":true,"href":"https:\/\/safina.pt\/es\/wp-json\/wp\/v2\/pages\/11906"}],"wp:attachment":[{"href":"https:\/\/safina.pt\/es\/wp-json\/wp\/v2\/media?parent=11817"}],"curies":[{"name":"wp","href":"https:\/\/api.w.org\/{rel}","templated":true}]}}