{"id":11823,"date":"2019-03-11T08:19:51","date_gmt":"2019-03-11T08:19:51","guid":{"rendered":"https:\/\/safina.pt\/relva-paisagistica\/"},"modified":"2022-08-19T15:20:53","modified_gmt":"2022-08-19T15:20:53","slug":"cesped-paisajistico","status":"publish","type":"page","link":"https:\/\/safina.pt\/es\/produto\/cesped-paisajistico\/","title":{"rendered":"C\u00e9sped paisaj\u00edstico"},"content":{"rendered":"<p>[vc_row row_btt_skin=\u00bblight\u00bb row_background_text_position=\u00bbfront\u00bb row_skin=\u00bbdark\u00bb][vc_column]<div class=\"mkdf-ss-holder mkdf-ss-image-right mkdf-ss-break-1024 mkdf-ss-light-skin \">\n\t\t\t<div class=\"mkdf-ss-image\" style=\"background-image: url(https:\/\/safina.pt\/wp-content\/uploads\/2022\/03\/paisagistica-1.jpg)\">\n\t\t\t<img width=\"2500\" height=\"1667\" src=\"https:\/\/safina.pt\/wp-content\/uploads\/2022\/03\/paisagistica-1.jpg\" class=\"attachment-full size-full\" alt=\"\" loading=\"lazy\" srcset=\"https:\/\/safina.pt\/wp-content\/uploads\/2022\/03\/paisagistica-1.jpg 2500w, https:\/\/safina.pt\/wp-content\/uploads\/2022\/03\/paisagistica-1-300x200.jpg 300w, https:\/\/safina.pt\/wp-content\/uploads\/2022\/03\/paisagistica-1-1024x683.jpg 1024w, https:\/\/safina.pt\/wp-content\/uploads\/2022\/03\/paisagistica-1-768x512.jpg 768w, https:\/\/safina.pt\/wp-content\/uploads\/2022\/03\/paisagistica-1-1536x1024.jpg 1536w\" sizes=\"(max-width: 2500px) 100vw, 2500px\" \/>\t\t<\/div>\n\t\t<div class=\"mkdf-ss-content\">\n        <div class=\"mkdf-ss-content-inner\">\n                            <div class=\"mkdf-ss-top-content\">\n                                            <h6 class=\"mkdf-ss-upper-subtitle\">\n                            C\u00c9SPED                        <\/h6>\n                    \n                                            <h1 class=\"mkdf-ss-upper-title\">\n                            PAISAJ\u00cdSTICO                        <\/h1>\n                                    <\/div>\n                                            <\/div>\n        <div class=\"mkdf-ss-background-holder\" style=\"background-color:#1e212b\"><\/div>\n\t<\/div>\n            <div class=\"mkdf-item-background-text\">\n            <div class=\"mkdf-background-text-holder\" style=\"-webkit-text-stroke-color: rgba(255,255,255,0.61)\">\n                <div class=\"mkdf-split-text-outer\">\n                    <span class=\"mkdf-split-text-left\">\n                        <span class=\"mkdf-split-text-left-inner\">\n                            PAISAJ\u00cdSTICO                        <\/span>\n                    <\/span>\n                    <span class=\"mkdf-split-text-right\">\n                        <span class=\"mkdf-split-text-right-inner\">\n                            PAISAJ\u00cdSTICO                        <\/span>\n                    <\/span>\n                <\/div>\n            <\/div>\n        <\/div>\n    <\/div>[\/vc_column][\/vc_row][vc_row row_btt_skin=\u00bblight\u00bb row_background_text_position=\u00bbfront\u00bb row_skin=\u00bbdark\u00bb el_id=\u00bbproduto-imagem-esquerda-desktop\u00bb][vc_column]<div class=\"mkdf-elements-holder   mkdf-two-columns  mkdf-responsive-mode-1024 \" ><div class=\"mkdf-eh-item    \"  data-item-class=\"mkdf-eh-custom-7622\"     >\n\t<div class=\"mkdf-eh-item-inner\">\n\t\t<div class=\"mkdf-eh-item-content mkdf-eh-custom-7622\" style=\"padding: 0\">\n\t\t\t<div class=\"mkdf-single-image-holder   \">\n    <div class=\"mkdf-si-inner\" >\n                                    <img width=\"2560\" height=\"1707\" src=\"https:\/\/safina.pt\/wp-content\/uploads\/2022\/01\/A78I5798-scaled.jpg\" class=\"attachment-full size-full\" alt=\"\" loading=\"lazy\" srcset=\"https:\/\/safina.pt\/wp-content\/uploads\/2022\/01\/A78I5798-scaled.jpg 2560w, https:\/\/safina.pt\/wp-content\/uploads\/2022\/01\/A78I5798-300x200.jpg 300w, https:\/\/safina.pt\/wp-content\/uploads\/2022\/01\/A78I5798-1024x683.jpg 1024w, https:\/\/safina.pt\/wp-content\/uploads\/2022\/01\/A78I5798-768x512.jpg 768w, https:\/\/safina.pt\/wp-content\/uploads\/2022\/01\/A78I5798-1536x1024.jpg 1536w\" sizes=\"(max-width: 2560px) 100vw, 2560px\" \/>                        <\/div>\n<\/div>\t\t<\/div>\n\t<\/div>\n<\/div><div class=\"mkdf-eh-item   mkdf-horizontal-alignment-right \"  data-item-class=\"mkdf-eh-custom-3741\" data-1367-1600=\"5% 3%\" data-1025-1366=\"5% 3%\">\n\t<div class=\"mkdf-eh-item-inner\">\n\t\t<div class=\"mkdf-eh-item-content mkdf-eh-custom-3741\" >\n\t\t\t<div class=\"mkdf-section-title-holder  mkdf-st-standard mkdf-st-title-left mkdf-st-normal-space \" style=\"padding: 0 5%\">\n\t<div class=\"mkdf-st-inner\">\n                    <h6 class=\"mkdf-st-intro-title\" style=\"color: #8491a3\">\n                C\u00c9SPED PAISAJ\u00cdSTICO            <\/h6>\n        \t\t\t\t\t<h2 class=\"mkdf-st-title\" style=\"color: #1e212b\">\n\t\t\t\tPremium 50\t\t\t<\/h2>\n\t\t\t\t\t\t\t<h5 class=\"mkdf-st-text\" style=\"color: #1e212b;font-size: 18px;line-height: 26px;font-weight: 400;margin-top: 21px\">\n\t\t\t\tEl c\u00e9sped Premium es una mezcla de hilos de monofilamento recto semitexturizados, de polietileno, en dos tonos de verde, con 17 800 dtex, con hilos de polietileno texturizado verde\/beige de 4500 dtex, con estabilizaci\u00f3n UV, a\u00f1adidos a una tela de polipropileno revestida con SBR. Disponible en 50 mm de grosor.\t\t\t<\/h5>\n\t\t\t<\/div>\n<\/div>\t\t<\/div>\n\t<\/div>\n<\/div><\/div>[\/vc_column][\/vc_row][vc_row row_btt_skin=\u00bblight\u00bb row_background_text_position=\u00bbfront\u00bb row_skin=\u00bbdark\u00bb el_id=\u00bbproduto-imagem-esquerda-mobile\u00bb][vc_column]<div class=\"mkdf-elements-holder   mkdf-two-columns  mkdf-responsive-mode-1024 \" ><div class=\"mkdf-eh-item   mkdf-horizontal-alignment-right \"  data-item-class=\"mkdf-eh-custom-4447\" data-769-1024=\"100px 25px\" data-681-768=\"100px 25px\" data-680=\"100px 25px\">\n\t<div class=\"mkdf-eh-item-inner\">\n\t\t<div class=\"mkdf-eh-item-content mkdf-eh-custom-4447\" style=\"padding: 100px 90px\">\n\t\t\t<div class=\"mkdf-section-title-holder  mkdf-st-standard mkdf-st-title-left mkdf-st-normal-space \" style=\"padding: 0 5%\">\n\t<div class=\"mkdf-st-inner\">\n                    <h6 class=\"mkdf-st-intro-title\" style=\"color: #8491a3\">\n                C\u00c9SPED PAISAJ\u00cdSTICO            <\/h6>\n        \t\t\t\t\t<h2 class=\"mkdf-st-title\" style=\"color: #1e212b\">\n\t\t\t\tPremium 50\t\t\t<\/h2>\n\t\t\t\t\t\t\t<h5 class=\"mkdf-st-text\" style=\"color: #1e212b;font-size: 18px;line-height: 26px;font-weight: 400;margin-top: 21px\">\n\t\t\t\tEl c\u00e9sped Premium es una mezcla de hilos de monofilamento recto semitexturizados, de polietileno, en dos tonos de verde, con 17 800 dtex, con hilos de polietileno texturizado verde\/beige de 4500 dtex, con estabilizaci\u00f3n UV, a\u00f1adidos a una tela de polipropileno revestida con SBR. Disponible en 50 mm de grosor.\t\t\t<\/h5>\n\t\t\t<\/div>\n<\/div>\t\t<\/div>\n\t<\/div>\n<\/div><div class=\"mkdf-eh-item    \"  data-item-class=\"mkdf-eh-custom-3616\"     >\n\t<div class=\"mkdf-eh-item-inner\">\n\t\t<div class=\"mkdf-eh-item-content mkdf-eh-custom-3616\" style=\"padding: 0\">\n\t\t\t<div class=\"mkdf-single-image-holder   \">\n    <div class=\"mkdf-si-inner\" >\n                                    <img width=\"2560\" height=\"1707\" src=\"https:\/\/safina.pt\/wp-content\/uploads\/2022\/01\/A78I5798-scaled.jpg\" class=\"attachment-full size-full\" alt=\"\" loading=\"lazy\" srcset=\"https:\/\/safina.pt\/wp-content\/uploads\/2022\/01\/A78I5798-scaled.jpg 2560w, https:\/\/safina.pt\/wp-content\/uploads\/2022\/01\/A78I5798-300x200.jpg 300w, https:\/\/safina.pt\/wp-content\/uploads\/2022\/01\/A78I5798-1024x683.jpg 1024w, https:\/\/safina.pt\/wp-content\/uploads\/2022\/01\/A78I5798-768x512.jpg 768w, https:\/\/safina.pt\/wp-content\/uploads\/2022\/01\/A78I5798-1536x1024.jpg 1536w\" sizes=\"(max-width: 2560px) 100vw, 2560px\" \/>                        <\/div>\n<\/div>\t\t<\/div>\n\t<\/div>\n<\/div><\/div>[\/vc_column][\/vc_row][vc_row row_btt_skin=\u00bblight\u00bb row_background_text_position=\u00bbfront\u00bb row_skin=\u00bbdark\u00bb][vc_column]<div class=\"mkdf-elements-holder   mkdf-two-columns  mkdf-responsive-mode-1024 \" ><div class=\"mkdf-eh-item    \"  data-item-class=\"mkdf-eh-custom-1063\" data-1367-1600=\"5% 3%\" data-1025-1366=\"5% 3%\" data-769-1024=\"100px 25px\" data-681-768=\"100px 25px\" data-680=\"100px 25px\">\n\t<div class=\"mkdf-eh-item-inner\">\n\t\t<div class=\"mkdf-eh-item-content mkdf-eh-custom-1063\" style=\"padding: 100px 90px\">\n\t\t\t<div class=\"mkdf-section-title-holder  mkdf-st-standard mkdf-st-title-left mkdf-st-normal-space \" style=\"padding: 0 5%\">\n\t<div class=\"mkdf-st-inner\">\n                    <h6 class=\"mkdf-st-intro-title\" style=\"color: #8491a3\">\n                C\u00c9SPED PAISAJ\u00cdSTICO            <\/h6>\n        \t\t\t\t\t<h2 class=\"mkdf-st-title\" style=\"color: #1e212b\">\n\t\t\t\tNATUR 50\t\t\t<\/h2>\n\t\t\t\t\t\t\t<h5 class=\"mkdf-st-text\" style=\"color: #1e212b;font-size: 18px;line-height: 26px;font-weight: 400;margin-top: 21px\">\n\t\t\t\tM\u00e1s realismo, suavidad y comodidad. Natur grass combina hilos monofilamento rectos de polietileno tricolor con un total de 10350 Dtex con hilos de polietileno texturado con 4500 Dtex. Estabilizado contra los rayos UV, capiton\u00e9 en tejido de polipropileno recubierto de SBR.<br \/>\nDisponible en 50 mm de espesor en verde\/beige.\t\t\t<\/h5>\n\t\t\t<\/div>\n<\/div>\t\t<\/div>\n\t<\/div>\n<\/div><div class=\"mkdf-eh-item   mkdf-horizontal-alignment-center \"  data-item-class=\"mkdf-eh-custom-1485\"     >\n\t<div class=\"mkdf-eh-item-inner\">\n\t\t<div class=\"mkdf-eh-item-content mkdf-eh-custom-1485\" style=\"padding: 0\">\n\t\t\t<div class=\"mkdf-single-image-holder   \">\n    <div class=\"mkdf-si-inner\" >\n                                    <img src=\"https:\/\/safina.pt\/wp-content\/uploads\/2022\/08\/Natur50-scaled.jpg\" class=\"attachment-full size-full\" alt=\"\" loading=\"lazy\" \/>                        <\/div>\n<\/div>\t\t<\/div>\n\t<\/div>\n<\/div><\/div>[\/vc_column][\/vc_row][vc_row row_btt_skin=\u00bblight\u00bb row_background_text_position=\u00bbfront\u00bb row_skin=\u00bbdark\u00bb el_id=\u00bbproduto-imagem-esquerda-desktop\u00bb][vc_column]<div class=\"mkdf-elements-holder   mkdf-two-columns  mkdf-responsive-mode-1024 \" ><div class=\"mkdf-eh-item    \"  data-item-class=\"mkdf-eh-custom-9474\"     >\n\t<div class=\"mkdf-eh-item-inner\">\n\t\t<div class=\"mkdf-eh-item-content mkdf-eh-custom-9474\" style=\"padding: 0\">\n\t\t\t<div class=\"mkdf-single-image-holder   \">\n    <div class=\"mkdf-si-inner\" >\n                                    <img width=\"2560\" height=\"1707\" src=\"https:\/\/safina.pt\/wp-content\/uploads\/2022\/01\/A78I5682-scaled.jpg\" class=\"attachment-full size-full\" alt=\"\" loading=\"lazy\" srcset=\"https:\/\/safina.pt\/wp-content\/uploads\/2022\/01\/A78I5682-scaled.jpg 2560w, https:\/\/safina.pt\/wp-content\/uploads\/2022\/01\/A78I5682-300x200.jpg 300w, https:\/\/safina.pt\/wp-content\/uploads\/2022\/01\/A78I5682-1024x683.jpg 1024w, https:\/\/safina.pt\/wp-content\/uploads\/2022\/01\/A78I5682-768x512.jpg 768w\" sizes=\"(max-width: 2560px) 100vw, 2560px\" \/>                        <\/div>\n<\/div>\t\t<\/div>\n\t<\/div>\n<\/div><div class=\"mkdf-eh-item   mkdf-horizontal-alignment-right \"  data-item-class=\"mkdf-eh-custom-5493\" data-1367-1600=\"5% 3%\" data-1025-1366=\"5% 3%\">\n\t<div class=\"mkdf-eh-item-inner\">\n\t\t<div class=\"mkdf-eh-item-content mkdf-eh-custom-5493\" >\n\t\t\t<div class=\"mkdf-section-title-holder  mkdf-st-standard mkdf-st-title-left mkdf-st-normal-space \" style=\"padding: 0 5%\">\n\t<div class=\"mkdf-st-inner\">\n                    <h6 class=\"mkdf-st-intro-title\" style=\"color: #8491a3\">\n                C\u00c9SPED PAISAJ\u00cdSTICO            <\/h6>\n        \t\t\t\t\t<h2 class=\"mkdf-st-title\" style=\"color: #1e212b\">\n\t\t\t\tFor\u00eat 40\t\t\t<\/h2>\n\t\t\t\t\t\t\t<h5 class=\"mkdf-st-text\" style=\"color: #1e212b;font-size: 18px;line-height: 26px;font-weight: 400;margin-top: 21px\">\n\t\t\t\tEl c\u00e9sped FOR\u00caT combina hilos de monofilamento recto de dos colores de polietileno con 3750 dtex y perfil c\u00f3ncavo, con hilos de polipropileno texturizados de 3200 dtex, con estabilizaci\u00f3n UV, a\u00f1adidos a una tela de polipropileno revestida con SBR. Disponible en 20, 30 y 40 mm, y en las combinaciones verde\/beige (FOR\u00caT) o verde\/verde (FOR\u00caT VERDE).\t\t\t<\/h5>\n\t\t\t<\/div>\n<\/div>\t\t<\/div>\n\t<\/div>\n<\/div><\/div>[\/vc_column][\/vc_row][vc_row row_btt_skin=\u00bblight\u00bb row_background_text_position=\u00bbfront\u00bb row_skin=\u00bbdark\u00bb el_id=\u00bbproduto-imagem-esquerda-mobile\u00bb][vc_column]<div class=\"mkdf-elements-holder   mkdf-two-columns  mkdf-responsive-mode-1024 \" ><div class=\"mkdf-eh-item   mkdf-horizontal-alignment-right \"  data-item-class=\"mkdf-eh-custom-4779\" data-769-1024=\"100px 25px\" data-681-768=\"100px 25px\" data-680=\"100px 25px\">\n\t<div class=\"mkdf-eh-item-inner\">\n\t\t<div class=\"mkdf-eh-item-content mkdf-eh-custom-4779\" style=\"padding: 100px 90px\">\n\t\t\t<div class=\"mkdf-section-title-holder  mkdf-st-standard mkdf-st-title-left mkdf-st-normal-space \" style=\"padding: 0 5%\">\n\t<div class=\"mkdf-st-inner\">\n                    <h6 class=\"mkdf-st-intro-title\" style=\"color: #8491a3\">\n                C\u00c9SPED PAISAJ\u00cdSTICO            <\/h6>\n        \t\t\t\t\t<h2 class=\"mkdf-st-title\" style=\"color: #1e212b\">\n\t\t\t\tFor\u00eat 40\t\t\t<\/h2>\n\t\t\t\t\t\t\t<h5 class=\"mkdf-st-text\" style=\"color: #1e212b;font-size: 18px;line-height: 26px;font-weight: 400;margin-top: 21px\">\n\t\t\t\tEl c\u00e9sped FOR\u00caT combina hilos de monofilamento recto de dos colores de polietileno con 3750 dtex y perfil c\u00f3ncavo, con hilos de polipropileno texturizados de 3200 dtex, con estabilizaci\u00f3n UV, a\u00f1adidos a una tela de polipropileno revestida con SBR. Disponible en 20, 30 y 40 mm, y en las combinaciones verde\/beige (FOR\u00caT) o verde\/verde (FOR\u00caT VERDE).\t\t\t<\/h5>\n\t\t\t<\/div>\n<\/div>\t\t<\/div>\n\t<\/div>\n<\/div><div class=\"mkdf-eh-item    \"  data-item-class=\"mkdf-eh-custom-4474\"     >\n\t<div class=\"mkdf-eh-item-inner\">\n\t\t<div class=\"mkdf-eh-item-content mkdf-eh-custom-4474\" style=\"padding: 0\">\n\t\t\t<div class=\"mkdf-single-image-holder   \">\n    <div class=\"mkdf-si-inner\" >\n                                    <img width=\"2560\" height=\"1707\" src=\"https:\/\/safina.pt\/wp-content\/uploads\/2022\/01\/A78I5798-scaled.jpg\" class=\"attachment-full size-full\" alt=\"\" loading=\"lazy\" srcset=\"https:\/\/safina.pt\/wp-content\/uploads\/2022\/01\/A78I5798-scaled.jpg 2560w, https:\/\/safina.pt\/wp-content\/uploads\/2022\/01\/A78I5798-300x200.jpg 300w, https:\/\/safina.pt\/wp-content\/uploads\/2022\/01\/A78I5798-1024x683.jpg 1024w, https:\/\/safina.pt\/wp-content\/uploads\/2022\/01\/A78I5798-768x512.jpg 768w, https:\/\/safina.pt\/wp-content\/uploads\/2022\/01\/A78I5798-1536x1024.jpg 1536w\" sizes=\"(max-width: 2560px) 100vw, 2560px\" \/>                        <\/div>\n<\/div>\t\t<\/div>\n\t<\/div>\n<\/div><\/div>[\/vc_column][\/vc_row][vc_row row_btt_skin=\u00bblight\u00bb row_background_text_position=\u00bbfront\u00bb row_skin=\u00bbdark\u00bb][vc_column]<div class=\"mkdf-elements-holder   mkdf-two-columns  mkdf-responsive-mode-1024 \" ><div class=\"mkdf-eh-item    \"  data-item-class=\"mkdf-eh-custom-4645\" data-1367-1600=\"5% 3%\" data-1025-1366=\"5% 3%\" data-769-1024=\"100px 25px\" data-681-768=\"100px 25px\" data-680=\"100px 25px\">\n\t<div class=\"mkdf-eh-item-inner\">\n\t\t<div class=\"mkdf-eh-item-content mkdf-eh-custom-4645\" style=\"padding: 100px 90px\">\n\t\t\t<div class=\"mkdf-section-title-holder  mkdf-st-standard mkdf-st-title-left mkdf-st-normal-space \" style=\"padding: 0 5%\">\n\t<div class=\"mkdf-st-inner\">\n                    <h6 class=\"mkdf-st-intro-title\" style=\"color: #8491a3\">\n                C\u00c9SPED PAISAJ\u00cdSTICO            <\/h6>\n        \t\t\t\t\t<h2 class=\"mkdf-st-title\" style=\"color: #1e212b\">\n\t\t\t\tEmeraud Verde 45\t\t\t<\/h2>\n\t\t\t\t\t\t\t<h5 class=\"mkdf-st-text\" style=\"color: #1e212b;font-size: 18px;line-height: 26px;font-weight: 400;margin-top: 21px\">\n\t\t\t\tEl c\u00e9sped EMERAUD es fruto de la mezcla de hilos de monofilamento recto de dos colores de polietileno con 5000 dtex y perfil de nervio central, con hilos de polipropileno texturizados de 3200 dtex, con estabilizaci\u00f3n UV, a\u00f1adidos a una tela de polipropileno revestida con SBR. Disponible en 25, 35 y 45 mm, y en las combinaciones verde\/beige (EMERAUD) o verde\/verde (EMERAUD VERDE).\t\t\t<\/h5>\n\t\t\t<\/div>\n<\/div>\t\t<\/div>\n\t<\/div>\n<\/div><div class=\"mkdf-eh-item   mkdf-horizontal-alignment-center \"  data-item-class=\"mkdf-eh-custom-9103\"     >\n\t<div class=\"mkdf-eh-item-inner\">\n\t\t<div class=\"mkdf-eh-item-content mkdf-eh-custom-9103\" style=\"padding: 0\">\n\t\t\t<div class=\"mkdf-single-image-holder   \">\n    <div class=\"mkdf-si-inner\" >\n                                    <img width=\"2560\" height=\"1707\" src=\"https:\/\/safina.pt\/wp-content\/uploads\/2022\/01\/A78I5735-scaled.jpg\" class=\"attachment-full size-full\" alt=\"\" loading=\"lazy\" srcset=\"https:\/\/safina.pt\/wp-content\/uploads\/2022\/01\/A78I5735-scaled.jpg 2560w, https:\/\/safina.pt\/wp-content\/uploads\/2022\/01\/A78I5735-300x200.jpg 300w, https:\/\/safina.pt\/wp-content\/uploads\/2022\/01\/A78I5735-1024x683.jpg 1024w, https:\/\/safina.pt\/wp-content\/uploads\/2022\/01\/A78I5735-768x512.jpg 768w, https:\/\/safina.pt\/wp-content\/uploads\/2022\/01\/A78I5735-1536x1024.jpg 1536w\" sizes=\"(max-width: 2560px) 100vw, 2560px\" \/>                        <\/div>\n<\/div>\t\t<\/div>\n\t<\/div>\n<\/div><\/div>[\/vc_column][\/vc_row]<\/p>\n","protected":false},"excerpt":{"rendered":"<p>[vc_row row_btt_skin=\u00bblight\u00bb row_background_text_position=\u00bbfront\u00bb row_skin=\u00bbdark\u00bb][vc_column][\/vc_column][\/vc_row][vc_row row_btt_skin=\u00bblight\u00bb row_background_text_position=\u00bbfront\u00bb row_skin=\u00bbdark\u00bb el_id=\u00bbproduto-imagem-esquerda-desktop\u00bb][vc_column][\/vc_column][\/vc_row][vc_row row_btt_skin=\u00bblight\u00bb row_background_text_position=\u00bbfront\u00bb row_skin=\u00bbdark\u00bb el_id=\u00bbproduto-imagem-esquerda-mobile\u00bb][vc_column][\/vc_column][\/vc_row][vc_row row_btt_skin=\u00bblight\u00bb row_background_text_position=\u00bbfront\u00bb row_skin=\u00bbdark\u00bb][vc_column][\/vc_column][\/vc_row][vc_row row_btt_skin=\u00bblight\u00bb row_background_text_position=\u00bbfront\u00bb row_skin=\u00bbdark\u00bb el_id=\u00bbproduto-imagem-esquerda-desktop\u00bb][vc_column][\/vc_column][\/vc_row][vc_row row_btt_skin=\u00bblight\u00bb row_background_text_position=\u00bbfront\u00bb row_skin=\u00bbdark\u00bb el_id=\u00bbproduto-imagem-esquerda-mobile\u00bb][vc_column][\/vc_column][\/vc_row][vc_row row_btt_skin=\u00bblight\u00bb row_background_text_position=\u00bbfront\u00bb row_skin=\u00bbdark\u00bb][vc_column][\/vc_column][\/vc_row]<\/p>\n","protected":false},"author":7,"featured_media":0,"parent":11906,"menu_order":0,"comment_status":"closed","ping_status":"closed","template":"full-width.php","meta":{"om_disable_all_campaigns":false,"inline_featured_image":false,"_monsterinsights_skip_tracking":false,"_monsterinsights_sitenote_active":false,"_monsterinsights_sitenote_note":"","_monsterinsights_sitenote_category":0},"aioseo_notices":[],"_links":{"self":[{"href":"https:\/\/safina.pt\/es\/wp-json\/wp\/v2\/pages\/11823"}],"collection":[{"href":"https:\/\/safina.pt\/es\/wp-json\/wp\/v2\/pages"}],"about":[{"href":"https:\/\/safina.pt\/es\/wp-json\/wp\/v2\/types\/page"}],"author":[{"embeddable":true,"href":"https:\/\/safina.pt\/es\/wp-json\/wp\/v2\/users\/7"}],"replies":[{"embeddable":true,"href":"https:\/\/safina.pt\/es\/wp-json\/wp\/v2\/comments?post=11823"}],"version-history":[{"count":13,"href":"https:\/\/safina.pt\/es\/wp-json\/wp\/v2\/pages\/11823\/revisions"}],"predecessor-version":[{"id":13141,"href":"https:\/\/safina.pt\/es\/wp-json\/wp\/v2\/pages\/11823\/revisions\/13141"}],"up":[{"embeddable":true,"href":"https:\/\/safina.pt\/es\/wp-json\/wp\/v2\/pages\/11906"}],"wp:attachment":[{"href":"https:\/\/safina.pt\/es\/wp-json\/wp\/v2\/media?parent=11823"}],"curies":[{"name":"wp","href":"https:\/\/api.w.org\/{rel}","templated":true}]}}