{"id":11906,"date":"2021-12-16T18:08:27","date_gmt":"2021-12-16T18:08:27","guid":{"rendered":"https:\/\/safina.pt\/produto\/"},"modified":"2022-04-30T09:36:38","modified_gmt":"2022-04-30T09:36:38","slug":"produto","status":"publish","type":"page","link":"https:\/\/safina.pt\/es\/produto\/","title":{"rendered":"Producto"},"content":{"rendered":"<p>[vc_row row_content_width=\u00bbgrid\u00bb row_btt_skin=\u00bblight\u00bb disable_background_image=\u00bb\u00bb row_background_text_position=\u00bbfront\u00bb row_background_text_align=\u00bbleft\u00bb css=\u00bb.vc_custom_1651308199000{border-bottom-width: 5px !important;padding-top: 5% !important;padding-bottom: 5% !important;border-bottom-color: #f7fff6 !important;border-bottom-style: solid !important;}\u00bb row_background_text_1=\u00bbC\u00e9sped\u00bb row_background_text_size_1440=\u00bb180px\u00bb row_background_text_size_1280=\u00bb180px\u00bb row_background_text_padding_left=\u00bb42px\u00bb row_background_text_size=\u00bb180px\u00bb row_background_text_padding_top=\u00bb0&#8243; row_background_text_padding_top_1440=\u00bb0&#8243; row_background_text_padding_top_1280=\u00bb0&#8243; row_background_text_padding_left_1440=\u00bb42px\u00bb row_background_text_padding_left_1280=\u00bb42px\u00bb el_id=\u00bbproduto-paisagistica-desktop\u00bb simple_background_image=\u00bb12169&#8243;][vc_column]<div class=\"mkdf-elements-holder   mkdf-two-columns  mkdf-responsive-mode-768 \" ><div class=\"mkdf-eh-item    \"  data-item-class=\"mkdf-eh-custom-2611\">\n\t<div class=\"mkdf-eh-item-inner\">\n\t\t<div class=\"mkdf-eh-item-content mkdf-eh-custom-2611\" >\n\t\t\t[vc_column_text]<\/p>\n<h1><span style=\"color: #f7fff6;\">Paisaj\u00edstico<\/span><\/h1>\n<p>[\/vc_column_text]\t\t<\/div>\n\t<\/div>\n<\/div><div class=\"mkdf-eh-item    \" style=\"background-color: rgba(0,0,0,0.4)\" data-item-class=\"mkdf-eh-custom-5528\">\n\t<div class=\"mkdf-eh-item-inner\">\n\t\t<div class=\"mkdf-eh-item-content mkdf-eh-custom-5528\" style=\"padding: 32px 42px 42px 42px\">\n\t\t\t[vc_column_text]<a style=\"color: #fff;\">En el \u00e1mbito paisaj\u00edstico, donde el confort t\u00e1ctil y visual es fundamental, Safina utiliza diferentes materiales para presentar soluciones agradables al tacto y a la vista, muy similares a la hierba natural.<\/a><\/p>\n<ul>\n<li><a style=\"color: #fff;\">Ideal para cubrir zonas exteriores;<\/a><\/li>\n<li><a style=\"color: #fff;\">Simulaci\u00f3n perfecta de hierba natural;<\/a><\/li>\n<li><a style=\"color: #fff;\">Duradero y resistente a los rayos UV <\/a><\/li>\n<li><a style=\"color: #fff;\">Bajo mantenimiento <\/a><\/li>\n<\/ul>\n<p>[\/vc_column_text]\t\t<\/div>\n\t<\/div>\n<\/div><\/div>[vc_row_inner row_content_width=\u00bbgrid\u00bb content_text_aligment=\u00bbright\u00bb css=\u00bb.vc_custom_1640199455163{margin-top: -30px !important;margin-right: 30px !important;}\u00bb][vc_column_inner width=\u00bb2\/3&#8243;][\/vc_column_inner][vc_column_inner width=\u00bb1\/3&#8243;]<a itemprop=\"url\" href=\"\/es\/produto\/cesped-paisajistico\/\" target=\"_self\"  class=\"mkdf-btn mkdf-btn-large mkdf-btn-solid\"  >\n    <span class=\"mkdf-btn-text\">M\u00e1s informaci\u00f3n<\/span>\n    <\/a>[\/vc_column_inner][\/vc_row_inner][\/vc_column][\/vc_row][vc_row row_content_width=\u00bbgrid\u00bb row_btt_skin=\u00bblight\u00bb disable_background_image=\u00bb\u00bb row_background_text_position=\u00bbfront\u00bb row_background_text_align=\u00bbleft\u00bb css=\u00bb.vc_custom_1651308329626{border-bottom-width: 2px !important;padding-top: 5% !important;padding-bottom: 5% !important;border-bottom-color: #f7fff6 !important;border-bottom-style: solid !important;}\u00bb row_background_text_1=\u00bbC\u00e9sped\u00bb row_background_text_size_1440=\u00bb180px\u00bb row_background_text_size_1280=\u00bb180px\u00bb row_background_text_padding_left=\u00bb42px\u00bb row_background_text_size=\u00bb180px\u00bb row_background_text_padding_top=\u00bb0&#8243; row_background_text_padding_top_1440=\u00bb0&#8243; row_background_text_padding_top_1280=\u00bb0&#8243; row_background_text_padding_left_1440=\u00bb42px\u00bb row_background_text_padding_left_1280=\u00bb42px\u00bb el_id=\u00bbproduto-paisagistica-mobile\u00bb simple_background_image=\u00bb12169&#8243;][vc_column]<div class=\"mkdf-elements-holder   mkdf-two-columns  mkdf-responsive-mode-768 \" ><div class=\"mkdf-eh-item    \" style=\"background-color: rgba(0,0,0,0.4)\" data-item-class=\"mkdf-eh-custom-5359\" data-680=\"32px 16px 42px 18px\">\n\t<div class=\"mkdf-eh-item-inner\">\n\t\t<div class=\"mkdf-eh-item-content mkdf-eh-custom-5359\" style=\"padding: 32px 42px 42px 42px\">\n\t\t\t[vc_column_text]<\/p>\n<h1><span style=\"color: #f7fff6;\">Paisaj\u00edstico<\/span><\/h1>\n<p><a style=\"color: #fff;\">En el \u00e1mbito paisaj\u00edstico, donde el confort t\u00e1ctil y visual es fundamental, Safina utiliza diferentes materiales para presentar soluciones agradables al tacto y a la vista, muy similares a la hierba natural.<\/a><\/p>\n<ul>\n<li><a style=\"color: #fff;\">Ideal para cubrir zonas exteriores;<\/a><\/li>\n<li><a style=\"color: #fff;\">Simulaci\u00f3n perfecta de hierba natural;<\/a><\/li>\n<li><a style=\"color: #fff;\">Duradero y resistente a los rayos UV;<\/a><\/li>\n<li><a style=\"color: #fff;\">Bajo mantenimiento.<\/a><\/li>\n<\/ul>\n<p>[\/vc_column_text]\t\t<\/div>\n\t<\/div>\n<\/div><\/div>[vc_row_inner row_content_width=\u00bbgrid\u00bb content_text_aligment=\u00bbright\u00bb css=\u00bb.vc_custom_1640199455163{margin-top: -30px !important;margin-right: 30px !important;}\u00bb][vc_column_inner width=\u00bb2\/3&#8243;][\/vc_column_inner][vc_column_inner width=\u00bb1\/3&#8243;]<a itemprop=\"url\" href=\"\/es\/produto\/cesped-paisajistico\/\" target=\"_self\"  class=\"mkdf-btn mkdf-btn-large mkdf-btn-solid\"  >\n    <span class=\"mkdf-btn-text\">M\u00e1s informaci\u00f3n<\/span>\n    <\/a>[\/vc_column_inner][\/vc_row_inner][\/vc_column][\/vc_row][vc_row row_content_width=\u00bbgrid\u00bb row_btt_skin=\u00bblight\u00bb disable_background_image=\u00bb\u00bb row_background_text_position=\u00bbfront\u00bb row_background_text_align=\u00bbright\u00bb css=\u00bb.vc_custom_1651308446181{border-top-width: 5px !important;border-bottom-width: 5px !important;padding-top: 5% !important;padding-bottom: 5% !important;border-top-color: #f7fff6 !important;border-top-style: solid !important;border-bottom-color: #f7fff6 !important;border-bottom-style: solid !important;}\u00bb row_background_text_1=\u00bbC\u00e9sped\u00bb row_background_text_size_1440=\u00bb180px\u00bb row_background_text_size_1280=\u00bb180px\u00bb row_background_text_padding_left=\u00bb42px\u00bb row_background_text_size=\u00bb180px\u00bb row_background_text_padding_top=\u00bb0&#8243; row_background_text_padding_top_1440=\u00bb0&#8243; row_background_text_padding_top_1280=\u00bb0&#8243; row_background_text_padding_left_1440=\u00bb42px\u00bb row_background_text_padding_left_1280=\u00bb42px\u00bb el_id=\u00bbproduto-desportiva-desktop\u00bb simple_background_image=\u00bb12161&#8243;][vc_column]<div class=\"mkdf-elements-holder   mkdf-two-columns  mkdf-responsive-mode-768 \" ><div class=\"mkdf-eh-item    \" style=\"background-color: rgba(0,0,0,0.4)\" data-item-class=\"mkdf-eh-custom-2395\">\n\t<div class=\"mkdf-eh-item-inner\">\n\t\t<div class=\"mkdf-eh-item-content mkdf-eh-custom-2395\" style=\"padding: 32px 42px 42px 42px\">\n\t\t\t[vc_column_text]<a style=\"color: #fff;\">Un c\u00e9sped de calidad es crucial para el \u00e9xito deportivo y Safina destaca por presentar soluciones que maximizan el rendimiento de los deportistas al tiempo que aumentan el potencial de excelencia sobre el terreno de juego: con una alta resistencia y capacidad de absorci\u00f3n de impactos, el c\u00e9sped Safina es la soluci\u00f3n ideal para entrar en el campo\u2026 y salir ganando..<\/a><\/p>\n<ul>\n<li><a style=\"color: #fff;\">Alta resistencia y excelente absorci\u00f3n de impactos;<\/a><\/li>\n<li><a style=\"color: #fff;\">Bajo mantenimiento;<\/a><\/li>\n<li><a style=\"color: #fff;\">Simulaci\u00f3n de hierba natural. <\/a><\/li>\n<\/ul>\n<p>[\/vc_column_text]\t\t<\/div>\n\t<\/div>\n<\/div><div class=\"mkdf-eh-item   mkdf-horizontal-alignment-right \"  data-item-class=\"mkdf-eh-custom-8108\">\n\t<div class=\"mkdf-eh-item-inner\">\n\t\t<div class=\"mkdf-eh-item-content mkdf-eh-custom-8108\" >\n\t\t\t[vc_column_text]<\/p>\n<h1><span style=\"color: #f7fff6;\">Deportivo<\/span><\/h1>\n<p>[\/vc_column_text]\t\t<\/div>\n\t<\/div>\n<\/div><\/div>[vc_row_inner row_content_width=\u00bbgrid\u00bb content_text_aligment=\u00bbright\u00bb][vc_column_inner width=\u00bb1\/4&#8243; css=\u00bb.vc_custom_1640202096341{margin-top: -30px !important;margin-left: 30px !important;}\u00bb]<a itemprop=\"url\" href=\"\/es\/produto\/cesped-deportivo\/\" target=\"_self\"  class=\"mkdf-btn mkdf-btn-large mkdf-btn-solid\"  >\n    <span class=\"mkdf-btn-text\">M\u00e1s informaci\u00f3n<\/span>\n    <\/a>[\/vc_column_inner][vc_column_inner width=\u00bb3\/4&#8243;][\/vc_column_inner][\/vc_row_inner][\/vc_column][\/vc_row][vc_row row_content_width=\u00bbgrid\u00bb row_btt_skin=\u00bblight\u00bb disable_background_image=\u00bb\u00bb row_background_text_position=\u00bbfront\u00bb row_background_text_align=\u00bbright\u00bb css=\u00bb.vc_custom_1651308543618{border-top-width: 2px !important;border-bottom-width: 2px !important;padding-top: 5% !important;padding-bottom: 5% !important;border-top-color: #f7fff6 !important;border-top-style: solid !important;border-bottom-color: #f7fff6 !important;border-bottom-style: solid !important;}\u00bb row_background_text_1=\u00bbC\u00e9sped\u00bb row_background_text_size_1440=\u00bb180px\u00bb row_background_text_size_1280=\u00bb180px\u00bb row_background_text_padding_left=\u00bb42px\u00bb row_background_text_size=\u00bb180px\u00bb row_background_text_padding_top=\u00bb0&#8243; row_background_text_padding_top_1440=\u00bb0&#8243; row_background_text_padding_top_1280=\u00bb0&#8243; row_background_text_padding_left_1440=\u00bb42px\u00bb row_background_text_padding_left_1280=\u00bb42px\u00bb el_id=\u00bbproduto-desportiva-mobile\u00bb simple_background_image=\u00bb12161&#8243;][vc_column]<div class=\"mkdf-elements-holder   mkdf-two-columns  mkdf-responsive-mode-768 \" ><div class=\"mkdf-eh-item    \" style=\"background-color: rgba(0,0,0,0.4)\" data-item-class=\"mkdf-eh-custom-4388\" data-680=\"32px 16px 42px 18px\">\n\t<div class=\"mkdf-eh-item-inner\">\n\t\t<div class=\"mkdf-eh-item-content mkdf-eh-custom-4388\" style=\"padding: 32px 42px 42px 42px\">\n\t\t\t[vc_column_text]<\/p>\n<h1><span style=\"color: #f7fff6;\">Deportivo<\/span><\/h1>\n<p><a style=\"color: #fff;\">Un c\u00e9sped de calidad es crucial para el \u00e9xito deportivo y Safina destaca por presentar soluciones que maximizan el rendimiento de los deportistas al tiempo que aumentan el potencial de excelencia sobre el terreno de juego: con una alta resistencia y capacidad de absorci\u00f3n de impactos, el c\u00e9sped Safina es la soluci\u00f3n ideal para entrar en el campo\u2026 y salir ganando.<\/a><\/p>\n<ul>\n<li><a style=\"color: #fff;\">Alta resistencia y excelente absorci\u00f3n de impactos;<\/a><\/li>\n<li><a style=\"color: #fff;\">Bajo mantenimiento;<\/a><\/li>\n<li><a style=\"color: #fff;\">Simulaci\u00f3n de hierba natural.<\/a><\/li>\n<\/ul>\n<p>[\/vc_column_text]\t\t<\/div>\n\t<\/div>\n<\/div><\/div>[vc_row_inner row_content_width=\u00bbgrid\u00bb content_text_aligment=\u00bbright\u00bb css=\u00bb.vc_custom_1640199455163{margin-top: -30px !important;margin-right: 30px !important;}\u00bb][vc_column_inner width=\u00bb2\/3&#8243;][\/vc_column_inner][vc_column_inner width=\u00bb1\/3&#8243;]<a itemprop=\"url\" href=\"\/es\/produto\/cesped-deportivo\/\" target=\"_self\"  class=\"mkdf-btn mkdf-btn-large mkdf-btn-solid\"  >\n    <span class=\"mkdf-btn-text\">M\u00e1s informaci\u00f3n<\/span>\n    <\/a>[\/vc_column_inner][\/vc_row_inner][\/vc_column][\/vc_row][vc_row row_content_width=\u00bbgrid\u00bb row_btt_skin=\u00bblight\u00bb disable_background_image=\u00bb\u00bb row_background_text_position=\u00bbfront\u00bb row_background_text_align=\u00bbleft\u00bb css=\u00bb.vc_custom_1651308637817{border-top-width: 5px !important;padding-top: 5% !important;padding-bottom: 5% !important;border-top-color: #f7fff6 !important;border-top-style: solid !important;}\u00bb row_background_text_1=\u00bbC\u00e9sped\u00bb row_background_text_size_1440=\u00bb180px\u00bb row_background_text_size_1280=\u00bb180px\u00bb row_background_text_padding_left=\u00bb42px\u00bb row_background_text_size=\u00bb180px\u00bb row_background_text_padding_top=\u00bb0&#8243; row_background_text_padding_top_1440=\u00bb0&#8243; row_background_text_padding_top_1280=\u00bb0&#8243; row_background_text_padding_left_1440=\u00bb42px\u00bb row_background_text_padding_left_1280=\u00bb42px\u00bb el_id=\u00bbproduto-decorativa-desktop\u00bb simple_background_image=\u00bb12165&#8243;][vc_column]<div class=\"mkdf-elements-holder   mkdf-two-columns  mkdf-responsive-mode-768 \" ><div class=\"mkdf-eh-item    \"  data-item-class=\"mkdf-eh-custom-4009\">\n\t<div class=\"mkdf-eh-item-inner\">\n\t\t<div class=\"mkdf-eh-item-content mkdf-eh-custom-4009\" >\n\t\t\t[vc_column_text]<\/p>\n<h1><span style=\"color: #f7fff6;\">Decorativo<\/span><\/h1>\n<p>[\/vc_column_text]\t\t<\/div>\n\t<\/div>\n<\/div><div class=\"mkdf-eh-item    \" style=\"background-color: rgba(0,0,0,0.4)\" data-item-class=\"mkdf-eh-custom-1488\">\n\t<div class=\"mkdf-eh-item-inner\">\n\t\t<div class=\"mkdf-eh-item-content mkdf-eh-custom-1488\" style=\"padding: 32px 42px 42px 42px\">\n\t\t\t[vc_column_text]<a style=\"color: #fff;\">El c\u00e9sped sint\u00e9tico es una soluci\u00f3n cada vez m\u00e1s extendida para fines decorativos y p\u00fablicos. Desde stands en ferias, espacios para eventos, terrazas e incluso espacios interiores con diversas finalidades, la flexibilidad y ausencia de mantenimiento de este tipo de soluci\u00f3n la convierte en una respuesta eficaz, r\u00e1pida de instalar, econ\u00f3mica y visualmente atractiva. <\/a><\/p>\n<ul>\n<li><a style=\"color: #fff;\">Ideal para decorar espacios interiores y para usar en ferias, eventos y publicidad;<\/a><\/li>\n<li><a style=\"color: #fff;\">Resistente a los rayos UV.<\/a><\/li>\n<\/ul>\n<p>[\/vc_column_text]\t\t<\/div>\n\t<\/div>\n<\/div><\/div>[vc_row_inner row_content_width=\u00bbgrid\u00bb content_text_aligment=\u00bbright\u00bb css=\u00bb.vc_custom_1640199455163{margin-top: -30px !important;margin-right: 30px !important;}\u00bb][vc_column_inner width=\u00bb2\/3&#8243;][\/vc_column_inner][vc_column_inner width=\u00bb1\/3&#8243;]<a itemprop=\"url\" href=\"\/es\/produto\/cesped-decorativo\/\" target=\"_self\"  class=\"mkdf-btn mkdf-btn-large mkdf-btn-solid\"  >\n    <span class=\"mkdf-btn-text\">M\u00e1s informaci\u00f3n<\/span>\n    <\/a>[\/vc_column_inner][\/vc_row_inner][\/vc_column][\/vc_row][vc_row row_content_width=\u00bbgrid\u00bb row_btt_skin=\u00bblight\u00bb disable_background_image=\u00bb\u00bb row_background_text_position=\u00bbfront\u00bb row_background_text_align=\u00bbleft\u00bb css=\u00bb.vc_custom_1651308725002{border-top-width: 2px !important;padding-top: 5% !important;padding-bottom: 5% !important;border-top-color: #f7fff6 !important;border-top-style: solid !important;}\u00bb row_background_text_1=\u00bbC\u00e9sped\u00bb row_background_text_size_1440=\u00bb180px\u00bb row_background_text_size_1280=\u00bb180px\u00bb row_background_text_padding_left=\u00bb42px\u00bb row_background_text_size=\u00bb180px\u00bb row_background_text_padding_top=\u00bb0&#8243; row_background_text_padding_top_1440=\u00bb0&#8243; row_background_text_padding_top_1280=\u00bb0&#8243; row_background_text_padding_left_1440=\u00bb42px\u00bb row_background_text_padding_left_1280=\u00bb42px\u00bb el_id=\u00bbproduto-decorativa-mobile\u00bb simple_background_image=\u00bb12165&#8243;][vc_column]<div class=\"mkdf-elements-holder   mkdf-two-columns  mkdf-responsive-mode-768 \" ><div class=\"mkdf-eh-item    \" style=\"background-color: rgba(0,0,0,0.4)\" data-item-class=\"mkdf-eh-custom-9616\" data-680=\"32px 16px 42px 18px\">\n\t<div class=\"mkdf-eh-item-inner\">\n\t\t<div class=\"mkdf-eh-item-content mkdf-eh-custom-9616\" style=\"padding: 32px 42px 42px 42px\">\n\t\t\t[vc_column_text]<\/p>\n<h1><span style=\"color: #f7fff6;\">Decorativo<\/span><\/h1>\n<p><a style=\"color: #fff;\">El c\u00e9sped sint\u00e9tico es una soluci\u00f3n cada vez m\u00e1s extendida para fines decorativos y p\u00fablicos. Desde stands en ferias, espacios para eventos, terrazas e incluso espacios interiores con diversas finalidades, la flexibilidad y ausencia de mantenimiento de este tipo de soluci\u00f3n la convierte en una respuesta eficaz, r\u00e1pida de instalar, econ\u00f3mica y visualmente atractiva. <\/a><\/p>\n<ul>\n<li><a style=\"color: #fff;\">\u00a0Ideal para decorar espacios interiores y para usar en ferias, eventos y publicidad;<\/a><\/li>\n<li><a style=\"color: #fff;\">\u00a0Resistente a los rayos UV.<\/a><\/li>\n<\/ul>\n<p>[\/vc_column_text]\t\t<\/div>\n\t<\/div>\n<\/div><\/div>[vc_row_inner row_content_width=\u00bbgrid\u00bb content_text_aligment=\u00bbright\u00bb css=\u00bb.vc_custom_1640199455163{margin-top: -30px !important;margin-right: 30px !important;}\u00bb][vc_column_inner width=\u00bb2\/3&#8243;][\/vc_column_inner][vc_column_inner width=\u00bb1\/3&#8243;]<a itemprop=\"url\" href=\"\/es\/produto\/cesped-decorativo\/\" target=\"_self\"  class=\"mkdf-btn mkdf-btn-large mkdf-btn-solid\"  >\n    <span class=\"mkdf-btn-text\">M\u00e1s informaci\u00f3n<\/span>\n    <\/a>[\/vc_column_inner][\/vc_row_inner][\/vc_column][\/vc_row][vc_row row_btt_skin=\u00bblight\u00bb row_background_text_position=\u00bbfront\u00bb][vc_column]<div class=\"mkdf-elements-holder   mkdf-two-columns  mkdf-responsive-mode-1024 \" ><div class=\"mkdf-eh-item    \"  data-item-class=\"mkdf-eh-custom-1099\" data-1367-1600=\"92px 160px 130px 93px\" data-1025-1366=\"92px 125px 130px 126px\" data-769-1024=\"92px 136px 130px 137px\" data-681-768=\"92px 65px 130px 66px\" data-680=\"92px 28px 130px 28px\">\n\t<div class=\"mkdf-eh-item-inner\">\n\t\t<div class=\"mkdf-eh-item-content mkdf-eh-custom-1099\" style=\"padding: 92px 115px 130px 310px\">\n\t\t\t\n<div class=\"wpcf7 no-js\" id=\"wpcf7-f12696-o1\" lang=\"es-ES\" dir=\"ltr\">\n<div class=\"screen-reader-response\"><p role=\"status\" aria-live=\"polite\" aria-atomic=\"true\"><\/p> <ul><\/ul><\/div>\n<form action=\"\/es\/wp-json\/wp\/v2\/pages\/11906#wpcf7-f12696-o1\" method=\"post\" class=\"wpcf7-form init cf7_custom_style_1\" aria-label=\"Formulario de contacto\" novalidate=\"novalidate\" data-status=\"init\">\n<div style=\"display: none;\">\n<input type=\"hidden\" name=\"_wpcf7\" value=\"12696\" \/>\n<input type=\"hidden\" name=\"_wpcf7_version\" value=\"5.7.7\" \/>\n<input type=\"hidden\" name=\"_wpcf7_locale\" value=\"es_ES\" \/>\n<input type=\"hidden\" name=\"_wpcf7_unit_tag\" value=\"wpcf7-f12696-o1\" \/>\n<input type=\"hidden\" name=\"_wpcf7_container_post\" value=\"0\" \/>\n<input type=\"hidden\" name=\"_wpcf7_posted_data_hash\" value=\"\" \/>\n<input type=\"hidden\" name=\"_wpcf7_recaptcha_response\" value=\"\" \/>\n<\/div>\n<p>SU NOMBRE<br \/>\n<span class=\"wpcf7-form-control-wrap\" data-name=\"your-name\"><input size=\"40\" class=\"wpcf7-form-control wpcf7-text wpcf7-validates-as-required\" aria-required=\"true\" aria-invalid=\"false\" value=\"\" type=\"text\" name=\"your-name\" \/><\/span>\n<\/p>\n<p>SU E-MAIL<br \/>\n<span class=\"wpcf7-form-control-wrap\" data-name=\"your-email\"><input size=\"40\" class=\"wpcf7-form-control wpcf7-text wpcf7-email wpcf7-validates-as-required wpcf7-validates-as-email\" aria-required=\"true\" aria-invalid=\"false\" value=\"\" type=\"email\" name=\"your-email\" \/><\/span>\n<\/p>\n<p>ASUNTO <a id=\"from-text-requerido\">\u00a0opcional\u00a0<\/a><br \/>\n<span class=\"wpcf7-form-control-wrap\" data-name=\"your-subject\"><input size=\"40\" class=\"wpcf7-form-control wpcf7-text\" aria-invalid=\"false\" value=\"\" type=\"text\" name=\"your-subject\" \/><\/span>\n<\/p>\n<p>SU MENSAJE<br \/>\n<span class=\"wpcf7-form-control-wrap\" data-name=\"your-message\"><textarea cols=\"40\" rows=\"10\" class=\"wpcf7-form-control wpcf7-textarea wpcf7-validates-as-required\" aria-required=\"true\" aria-invalid=\"false\" name=\"your-message\"><\/textarea><\/span>\n<\/p>\n<p><button class=\"wpcf7-form-control wpcf7-submit mkdf-btn mkdf-btn-medium mkdf-btn-solid\" type=\"submit\"><span class=\"mkdf-btn-text\">Enviar<\/span><\/button>\n<\/p><div class=\"wpcf7-response-output\" aria-hidden=\"true\"><\/div>\n<\/form>\n<\/div>\n\t\t<\/div>\n\t<\/div>\n<\/div><div class=\"mkdf-eh-item    \" style=\"background-color: #8491a3\" data-item-class=\"mkdf-eh-custom-2936\" data-769-1024=\"130px 136px 120px 137px\" data-681-768=\"130px 65px 120px 66px\" data-680=\"130px 28px 120px 28px\">\n\t<div class=\"mkdf-eh-item-inner\">\n\t\t<div class=\"mkdf-eh-item-content mkdf-eh-custom-2936\" style=\"padding: 0px 20% 100px 113px\">\n\t\t\t<div class=\"mkdf-section-title-holder  mkdf-st-standard mkdf-st-title-left mkdf-st-normal-space \" >\n\t<div class=\"mkdf-st-inner\">\n                    <h6 class=\"mkdf-st-intro-title\" style=\"color: #ffffff\">\n                Conf\u00edenos su proyecto            <\/h6>\n        \t\t\t\t\t<h2 class=\"mkdf-st-title\" style=\"color: #ffffff\">\n\t\t\t\tContacto\t\t\t<\/h2>\n\t\t\t\t\t<\/div>\n<\/div>[vc_empty_space height=\u00bb31px\u00bb][vc_column_text]<a class=\"mkdf-white-hover\" href=\"https:\/\/goo.gl\/maps\/VVtKCihLxzcSM4Wn7\" target=\"_blank\" rel=\"noopener\">Travessa da Gandara 65<br \/>\n3886-908 Cortega\u00e7a OVAR<br \/>\nPortugal<br \/>\n<\/a>[\/vc_column_text][vc_empty_space][vc_column_text]<span style=\"color: #ffffff;\">Tel\u00e9fono:: <\/span><a class=\"mkdf-white-hover\" href=\"tel:+351256790120\">(+351) 256 790 120<\/a>[\/vc_column_text][vc_column_text]<\/p>\n<p style=\"margin-bottom: -4px;\"><span style=\"color: #ffffff;\">Email: <\/span><a class=\"mkdf-white-hover\" href=\"mailto:info@safina.pt\">info@safina.pt<\/a><\/p>\n<p>[\/vc_column_text][vc_empty_space height=\u00bb18px\u00bb][vc_column_text]<\/p>\n<h4><a style=\"color: #ffffff;\">S\u00edguenos <\/a><\/h4>\n<p>[\/vc_column_text]    <span class=\"mkdf-icon-shortcode mkdf-normal   \" style=\"margin: 14px 0 0 0\" data-hover-color=\"#d11217\" data-color=\"#ffffff\">\n                    <a itemprop=\"url\" class=\"\" href=\"https:\/\/www.linkedin.com\/company\/safina-relva-artificial\/\" target=\"_blank\">\n                    <span aria-hidden=\"true\" class=\"mkdf-icon-font-elegant social_linkedin mkdf-icon-element\" style=\"color: #ffffff\" ><\/span>                    <\/a>\n            <\/span>\n    <span class=\"mkdf-icon-shortcode mkdf-normal   \" style=\"margin: 14px 0px 0px 24px\" data-hover-color=\"#d11217\" data-color=\"#ffffff\">\n                    <a itemprop=\"url\" class=\"\" href=\"https:\/\/www.facebook.com\/SafinaOficial\/\" target=\"_blank\">\n                    <span aria-hidden=\"true\" class=\"mkdf-icon-font-elegant social_facebook mkdf-icon-element\" style=\"color: #ffffff\" ><\/span>                    <\/a>\n            <\/span>\n    <span class=\"mkdf-icon-shortcode mkdf-normal   \" style=\"margin: 14px 0px 0px 24px\" data-hover-color=\"#d11217\" data-color=\"#ffffff\">\n                    <a itemprop=\"url\" class=\"\" href=\"https:\/\/www.instagram.com\/safina.pt\/\" target=\"_blank\">\n                    <span aria-hidden=\"true\" class=\"mkdf-icon-font-elegant social_instagram mkdf-icon-element\" style=\"color: #ffffff\" ><\/span>                    <\/a>\n            <\/span>\n\t\t<\/div>\n\t<\/div>\n<\/div><\/div>[\/vc_column][\/vc_row]<\/p>\n","protected":false},"excerpt":{"rendered":"<p>[vc_row row_content_width=\u00bbgrid\u00bb row_btt_skin=\u00bblight\u00bb disable_background_image=\u00bb\u00bb row_background_text_position=\u00bbfront\u00bb row_background_text_align=\u00bbleft\u00bb css=\u00bb.vc_custom_1651308199000{border-bottom-width: 5px !important;padding-top: 5% !important;padding-bottom: 5% !important;border-bottom-color: #f7fff6 !important;border-bottom-style: solid !important;}\u00bb row_background_text_1=\u00bbC\u00e9sped\u00bb row_background_text_size_1440=\u00bb180px\u00bb row_background_text_size_1280=\u00bb180px\u00bb row_background_text_padding_left=\u00bb42px\u00bb row_background_text_size=\u00bb180px\u00bb row_background_text_padding_top=\u00bb0&#8243; row_background_text_padding_top_1440=\u00bb0&#8243; row_background_text_padding_top_1280=\u00bb0&#8243; row_background_text_padding_left_1440=\u00bb42px\u00bb row_background_text_padding_left_1280=\u00bb42px\u00bb el_id=\u00bbproduto-paisagistica-desktop\u00bb simple_background_image=\u00bb12169&#8243;][vc_column][vc_row_inner row_content_width=\u00bbgrid\u00bb content_text_aligment=\u00bbright\u00bb css=\u00bb.vc_custom_1640199455163{margin-top: -30px !important;margin-right: 30px !important;}\u00bb][vc_column_inner width=\u00bb2\/3&#8243;][\/vc_column_inner][vc_column_inner width=\u00bb1\/3&#8243;][\/vc_column_inner][\/vc_row_inner][\/vc_column][\/vc_row][vc_row row_content_width=\u00bbgrid\u00bb row_btt_skin=\u00bblight\u00bb [&hellip;]<\/p>\n","protected":false},"author":7,"featured_media":0,"parent":0,"menu_order":0,"comment_status":"closed","ping_status":"closed","template":"full-width.php","meta":{"om_disable_all_campaigns":false,"inline_featured_image":false,"_monsterinsights_skip_tracking":false,"_monsterinsights_sitenote_active":false,"_monsterinsights_sitenote_note":"","_monsterinsights_sitenote_category":0},"aioseo_notices":[],"_links":{"self":[{"href":"https:\/\/safina.pt\/es\/wp-json\/wp\/v2\/pages\/11906"}],"collection":[{"href":"https:\/\/safina.pt\/es\/wp-json\/wp\/v2\/pages"}],"about":[{"href":"https:\/\/safina.pt\/es\/wp-json\/wp\/v2\/types\/page"}],"author":[{"embeddable":true,"href":"https:\/\/safina.pt\/es\/wp-json\/wp\/v2\/users\/7"}],"replies":[{"embeddable":true,"href":"https:\/\/safina.pt\/es\/wp-json\/wp\/v2\/comments?post=11906"}],"version-history":[{"count":21,"href":"https:\/\/safina.pt\/es\/wp-json\/wp\/v2\/pages\/11906\/revisions"}],"predecessor-version":[{"id":12781,"href":"https:\/\/safina.pt\/es\/wp-json\/wp\/v2\/pages\/11906\/revisions\/12781"}],"wp:attachment":[{"href":"https:\/\/safina.pt\/es\/wp-json\/wp\/v2\/media?parent=11906"}],"curies":[{"name":"wp","href":"https:\/\/api.w.org\/{rel}","templated":true}]}}