{"id":11910,"date":"2021-11-17T14:10:36","date_gmt":"2021-11-17T14:10:36","guid":{"rendered":"https:\/\/safina.pt\/sobre\/"},"modified":"2022-05-03T12:04:19","modified_gmt":"2022-05-03T12:04:19","slug":"acerca","status":"publish","type":"page","link":"https:\/\/safina.pt\/es\/acerca\/","title":{"rendered":"Acerca de Safina"},"content":{"rendered":"<p>[vc_row row_content_width=\u00bbgrid\u00bb row_btt_skin=\u00bblight\u00bb row_background_text_position=\u00bbfront\u00bb row_skin=\u00bbdark\u00bb css=\u00bb.vc_custom_1648038016940{padding-top: 54px !important;padding-bottom: 54px !important;}\u00bb simple_background_color=\u00bb#1e212b\u00bb el_id=\u00bbsobre-foto\u00bb][vc_column offset=\u00bbvc_col-lg-offset-0 vc_col-lg-6 vc_col-md-offset-0 vc_col-md-12 vc_col-sm-offset-0&#8243; el_class=\u00bbmkdf-appearing-section mkdf-custom-column-image\u00bb]<div class=\"mkdf-elements-holder   mkdf-one-column mkdf-ehi-float mkdf-responsive-mode-768 \" ><div class=\"mkdf-eh-item    \"  data-item-class=\"mkdf-eh-custom-9117\">\n\t<div class=\"mkdf-eh-item-inner\">\n\t\t<div class=\"mkdf-eh-item-content mkdf-eh-custom-9117\" >\n\t\t\t<div class=\"mkdf-single-image-holder   \">\n    <div class=\"mkdf-si-inner\" >\n                                    <img width=\"1024\" height=\"683\" src=\"https:\/\/safina.pt\/wp-content\/uploads\/2019\/01\/78I9417-1024x683.jpg\" class=\"attachment-large size-large\" alt=\"\" loading=\"lazy\" srcset=\"https:\/\/safina.pt\/wp-content\/uploads\/2019\/01\/78I9417-1024x683.jpg 1024w, https:\/\/safina.pt\/wp-content\/uploads\/2019\/01\/78I9417-1536x1024.jpg 1536w\" sizes=\"(max-width: 1024px) 100vw, 1024px\" \/>                        <\/div>\n<\/div>\t\t<\/div>\n\t<\/div>\n<\/div><\/div>[\/vc_column][vc_column offset=\u00bbvc_col-lg-offset-0 vc_col-lg-6 vc_col-md-offset-0 vc_col-md-12 vc_col-sm-offset-0&#8243;]<div class=\"mkdf-elements-holder   mkdf-one-column  mkdf-responsive-mode-768 \" ><div class=\"mkdf-eh-item    \"  data-item-class=\"mkdf-eh-custom-3737\" data-1367-1600=\"0px 54px 0px 54px\" data-1025-1366=\"0px 0px 0px 54px\">\n\t<div class=\"mkdf-eh-item-inner\">\n\t\t<div class=\"mkdf-eh-item-content mkdf-eh-custom-3737\" >\n\t\t\t[vc_column_text]<\/p>\n<h6><span style=\"color: #8491a3;\">SOBRE SAFINA<\/span><\/h6>\n<p><span style=\"color: #f7fff6;\">Safina, fundada en 1971, se especializ\u00f3 inicialmente en la producci\u00f3n de alfombras, corredores y tapetes. Con el tiempo, ampli\u00f3 su actividad a las \u00e1reas de extrusi\u00f3n de hilo sint\u00e9tico y fabricaci\u00f3n de alfombras de coco. En 1996, comenz\u00f3 la fabricaci\u00f3n y comercializaci\u00f3n de c\u00e9sped artificial decorativo, ampliando la actividad, en 2006, para la fabricaci\u00f3n de c\u00e9sped artificial deportivo y paisaj\u00edstico.<\/span>[\/vc_column_text][vc_empty_space]<a itemprop=\"url\" href=\"\/es\/acerca\/#objectivos-estrategicos\" target=\"_self\" style=\"color: #ffffff;padding: 7px 38px\" class=\"mkdf-btn mkdf-btn-medium mkdf-btn-solid\"  >\n    <span class=\"mkdf-btn-text\">Leer M\u00e1s<\/span>\n    <\/a>\t\t<\/div>\n\t<\/div>\n<\/div><\/div>[\/vc_column][\/vc_row][vc_row row_btt_skin=\u00bblight\u00bb row_background_text_position=\u00bbfront\u00bb row_background_text_align=\u00bbleft\u00bb row_skin=\u00bbdark\u00bb row_background_text_1=\u00bbInstalaciones\u00bb row_background_text_size=\u00bb10em\u00bb row_background_text_size_1280=\u00bb7em\u00bb row_background_text_size_1440=\u00bb9m\u00bb row_background_text_color=\u00bbrgba(222,223,224,0.6)\u00bb simple_background_color=\u00bb#8491a3&#8243; row_background_text_padding_top=\u00bb2%\u00bb row_background_text_padding_top_1440=\u00bb2%\u00bb row_background_text_padding_top_1280=\u00bb2%\u00bb row_background_text_padding_left=\u00bb9%\u00bb row_background_text_padding_left_1440=\u00bb9%\u00bb row_background_text_padding_left_1280=\u00bb9%\u00bb][vc_column]<div class=\"mkdf-elements-holder   mkdf-one-column  mkdf-responsive-mode-768 \" ><div class=\"mkdf-eh-item    \"  data-item-class=\"mkdf-eh-custom-2551\" data-1367-1600=\"54px 0 0 155px\" data-1025-1366=\"54px 0 0 11%\" data-769-1024=\"54px 0 6px 116px\" data-681-768=\"54px 0 6px 72px\" data-680=\"54px 0 11px 35px\">\n\t<div class=\"mkdf-eh-item-inner\">\n\t\t<div class=\"mkdf-eh-item-content mkdf-eh-custom-2551\" style=\"padding: 0% 0% 0% 11%\">\n\t\t\t[vc_column_text css=\u00bb.vc_custom_1651307580558{padding-top: 0px !important;padding-bottom: 0px !important;}\u00bb]<\/p>\n<h1>Instalaciones<\/h1>\n<p>[\/vc_column_text]\t\t<\/div>\n\t<\/div>\n<\/div><\/div>[\/vc_column][\/vc_row][vc_row row_btt_skin=\u00bblight\u00bb row_background_text_position=\u00bbfront\u00bb row_skin=\u00bbdark\u00bb css=\u00bb.vc_custom_1639444576558{padding-top: 43px !important;}\u00bb simple_background_color=\u00bb#8491a3&#8243; el_id=\u00bbinstalacoes-fotos\u00bb][vc_column]<div class=\"mkdf-elements-holder   mkdf-one-column  mkdf-responsive-mode-768 \" ><div class=\"mkdf-eh-item    \"  data-item-class=\"mkdf-eh-custom-5915\" data-1367-1600=\"0 5px 0 5px\" data-1025-1366=\"0 0px 0 0px\" data-769-1024=\"0 87px 5px 87px\" data-681-768=\"0 51px 50px 51px\" data-680=\"0 4px 50px 4px\">\n\t<div class=\"mkdf-eh-item-inner\">\n\t\t<div class=\"mkdf-eh-item-content mkdf-eh-custom-5915\" style=\"padding: 0 4px 0 4px\">\n\t\t\t<div class=\"mkdf-triple-frame-image-highlight-holder   mkdf-tfih-with-nav\">\n    <div class=\"mkdf-triple-frame-image-highlight\">\n        <div class=\"mkdf-tfih-inner\">\n                                        <div class=\"mkdf-tfih-image-holder mkdf-tfih-centered-image-holder\">\n                                                            <img class=\"mkdf-tfih-centered-image\" \n                        src=\"https:\/\/safina.pt\/wp-content\/uploads\/2021\/12\/instalacoes-3-1.jpg\" \n                        alt=\"instalacoes-3\" \/>\n                <\/div>\n                            <div class=\"mkdf-tfih-image-holder mkdf-tfih-left-image-holder\">\n                                                            <img class=\"mkdf-tfih-left-image\" \n                        src=\"https:\/\/safina.pt\/wp-content\/uploads\/2021\/12\/instalacoes-1-1.jpg\" \n                        alt=\"instalacoes-1\" \/>\n                <\/div>\n                            <div class=\"mkdf-tfih-image-holder mkdf-tfih-right-image-holder\">\n                                                            <img class=\"mkdf-tfih-right-image\" \n                        src=\"https:\/\/safina.pt\/wp-content\/uploads\/2021\/12\/instalacoes-2-1.jpg\" \n                        alt=\"instalacoes-2\" \/>\n                <\/div>\n                    <\/div>\n        <div class=\"mkdf-tfih-left-trigger\"><\/div>\n        <div class=\"mkdf-tfih-right-trigger\"><\/div>\n    <\/div>\n            <span class=\"mkdf-tfih-nav mkdf-tfih-left\">\n            <span class=\"arrow_carrot-left\"><\/span>\n        <\/span>\n        <span class=\"mkdf-tfih-nav mkdf-tfih-right\">\n            <span class=\"arrow_carrot-right\"><\/span>\n        <\/span>\n    <\/div>\n\t\t<\/div>\n\t<\/div>\n<\/div><\/div>[\/vc_column][\/vc_row][vc_row row_btt_skin=\u00bblight\u00bb content_text_aligment=\u00bbcenter\u00bb row_background_text_position=\u00bbfront\u00bb row_skin=\u00bbdark\u00bb simple_background_color=\u00bb#1e212b\u00bb css=\u00bb.vc_custom_1648040312301{margin-top: -200px !important;padding-top: 114px !important;padding-bottom: 54px !important;}\u00bb][vc_column][vc_empty_space][\/vc_column][\/vc_row][vc_row row_content_width=\u00bbgrid\u00bb row_btt_skin=\u00bblight\u00bb row_background_text_position=\u00bbfront\u00bb el_id=\u00bbsobre-pessoas-valores\u00bb css=\u00bb.vc_custom_1648042139576{padding-top: 54px !important;padding-bottom: 3% !important;}\u00bb][vc_column]<div class=\"mkdf-elements-holder   mkdf-three-columns  mkdf-responsive-mode-1024 \" ><div class=\"mkdf-eh-item   mkdf-horizontal-alignment-center \"  data-item-class=\"mkdf-eh-custom-9553\" data-769-1024=\"0 0px 0px 0\" data-681-768=\"0 0px 0px 0\" data-680=\"0 0px 0px 0\">\n\t<div class=\"mkdf-eh-item-inner\">\n\t\t<div class=\"mkdf-eh-item-content mkdf-eh-custom-9553\" >\n\t\t\t<div class=\"mkdf-single-image-holder   \">\n    <div class=\"mkdf-si-inner\" >\n                                    <img src=\"https:\/\/safina.pt\/wp-content\/uploads\/2021\/11\/Capturejjj-768x768.png\" alt=\"\" width=\"768\" height=\"768\" \/>                        <\/div>\n<\/div>\t\t<\/div>\n\t<\/div>\n<\/div><div class=\"mkdf-eh-item   mkdf-horizontal-alignment-center \"  data-item-class=\"mkdf-eh-custom-3383\" data-769-1024=\"60px 0px 60px 0px\" data-681-768=\"60px 0px 60px 0px\" data-680=\"60px 0px 60px 0px\">\n\t<div class=\"mkdf-eh-item-inner\">\n\t\t<div class=\"mkdf-eh-item-content mkdf-eh-custom-3383\" style=\"padding: 0 11px 0px 11px\">\n\t\t\t<div class=\"mkdf-iwt clearfix  mkdf-iwt-icon-top-centered mkdf-iwt-boxed mkdf-iwt-icon-medium\" >\n\t<div class=\"mkdf-iwt-icon\">\n\t\t\t\t\t\t\t\t\t    <span class=\"mkdf-icon-shortcode mkdf-normal   mkdf-icon-medium\"  >\n                    <span aria-hidden=\"true\" class=\"mkdf-icon-linear-icons lnr lnr-users mkdf-icon-element\" style=\"\" ><\/span>            <\/span>\n\t\t\t\t\t\t<\/div>\n\t<div class=\"mkdf-iwt-content\" style=\"padding-top: px\">\n        \t\t\t\t\t<h4 class=\"mkdf-iwt-title\" style=\"margin-top: -4px\">\n\t\t\t\t\t\t\t\t<span class=\"mkdf-iwt-title-text\">Los colaboradores<\/span>\n\t\t\t\t\t\t\t<\/h4>\n\t\t\t\t\t\t\t<p class=\"mkdf-iwt-text\" style=\"margin-top: 14px\">Safina cuenta con una plantilla de m\u00e1s de 100 profesionales especializados, altamente comprometidos y dedicados a satisfacer las necesidades de m\u00e1s de 500 clientes nacionales e internacionales.<\/p>\n\t\t\t<\/div>\n<\/div>\t\t<\/div>\n\t<\/div>\n<\/div><div class=\"mkdf-eh-item   mkdf-horizontal-alignment-center \"  data-item-class=\"mkdf-eh-custom-6489\" data-769-1024=\"0 0px 28px 0px\" data-681-768=\"0 0px 28px 0px\" data-680=\"0 0px 28px 0px\">\n\t<div class=\"mkdf-eh-item-inner\">\n\t\t<div class=\"mkdf-eh-item-content mkdf-eh-custom-6489\" >\n\t\t\t<div class=\"mkdf-single-image-holder   \">\n    <div class=\"mkdf-si-inner\" >\n                                    <img src=\"https:\/\/safina.pt\/wp-content\/uploads\/2021\/11\/iuoi-768x768.png\" alt=\"\" width=\"768\" height=\"768\" \/>                        <\/div>\n<\/div>\t\t<\/div>\n\t<\/div>\n<\/div><\/div>[\/vc_column][\/vc_row][vc_row row_content_width=\u00bbgrid\u00bb row_btt_skin=\u00bblight\u00bb row_background_text_position=\u00bbfront\u00bb css=\u00bb.vc_custom_1648041997162{padding-bottom: 0px !important;}\u00bb el_id=\u00bbsobre-pessoas-valores\u00bb][vc_column]<div class=\"mkdf-elements-holder   mkdf-three-columns  mkdf-responsive-mode-1024 \" ><div class=\"mkdf-eh-item   mkdf-horizontal-alignment-center \"  data-item-class=\"mkdf-eh-custom-8220\" data-769-1024=\"0px 0px 28px 0px\" data-681-768=\"0px 0px 28px 0px\" data-680=\"0px 0px 28px 0px\">\n\t<div class=\"mkdf-eh-item-inner\">\n\t\t<div class=\"mkdf-eh-item-content mkdf-eh-custom-8220\" style=\"padding: 0 0px 0px 19px\">\n\t\t\t<div class=\"mkdf-iwt clearfix  mkdf-iwt-icon-top-centered mkdf-iwt-boxed mkdf-iwt-icon-medium\" >\n\t<div class=\"mkdf-iwt-icon\">\n\t\t\t\t\t\t\t\t\t    <span class=\"mkdf-icon-shortcode mkdf-normal   mkdf-icon-medium\"  >\n                    <span aria-hidden=\"true\" class=\"mkdf-icon-linear-icons lnr lnr-heart mkdf-icon-element\" style=\"\" ><\/span>            <\/span>\n\t\t\t\t\t\t<\/div>\n\t<div class=\"mkdf-iwt-content\" style=\"padding-top: px\">\n        \t\t\t\t\t<h4 class=\"mkdf-iwt-title\" style=\"margin-top: -4px\">\n\t\t\t\t\t\t\t\t<span class=\"mkdf-iwt-title-text\">Valores<\/span>\n\t\t\t\t\t\t\t<\/h4>\n\t\t\t\t\t\t\t<p class=\"mkdf-iwt-text\" style=\"margin-top: 14px\">La calidad es s\u00f3lo el punto de partida para la satisfacci\u00f3n: la transparencia en la comunicaci\u00f3n y las relaciones, as\u00ed como el compromiso con los clientes, los empleados y los socios comerciales son un reflejo de los valores de Safina.<\/p>\n\t\t\t<\/div>\n<\/div>\t\t<\/div>\n\t<\/div>\n<\/div><div class=\"mkdf-eh-item   mkdf-horizontal-alignment-center \"  data-item-class=\"mkdf-eh-custom-8154\" data-769-1024=\"60px 0px 60px 0px\" data-681-768=\"60px 0px 60px 0px\" data-680=\"60px 0px 60px 0px\">\n\t<div class=\"mkdf-eh-item-inner\">\n\t\t<div class=\"mkdf-eh-item-content mkdf-eh-custom-8154\" style=\"padding: 0 11px 0px 11px\">\n\t\t\t<div class=\"mkdf-single-image-holder   \">\n    <div class=\"mkdf-si-inner\" >\n                                    <img src=\"https:\/\/safina.pt\/wp-content\/uploads\/2021\/11\/iii-768x768.png\" alt=\"\" width=\"768\" height=\"768\" \/>                        <\/div>\n<\/div>\t\t<\/div>\n\t<\/div>\n<\/div><div class=\"mkdf-eh-item   mkdf-horizontal-alignment-center \"  data-item-class=\"mkdf-eh-custom-3315\" data-769-1024=\"0 0px 0px 0\" data-681-768=\"0 0px 0px 0\" data-680=\"0 0px 0px 0\">\n\t<div class=\"mkdf-eh-item-inner\">\n\t\t<div class=\"mkdf-eh-item-content mkdf-eh-custom-3315\" style=\"padding: 0 20px 0px 0\">\n\t\t\t<div class=\"mkdf-iwt clearfix  mkdf-iwt-icon-top-centered mkdf-iwt-boxed mkdf-iwt-icon-medium\" >\n\t<div class=\"mkdf-iwt-icon\">\n\t\t\t\t\t\t\t\t\t    <span class=\"mkdf-icon-shortcode mkdf-normal   mkdf-icon-medium\"  >\n                    <span aria-hidden=\"true\" class=\"mkdf-icon-linear-icons lnr lnr-book mkdf-icon-element\" style=\"\" ><\/span>            <\/span>\n\t\t\t\t\t\t<\/div>\n\t<div class=\"mkdf-iwt-content\" style=\"padding-top: px\">\n        \t\t\t\t\t<h4 class=\"mkdf-iwt-title\" style=\"margin-top: -4px\">\n\t\t\t\t\t\t\t\t<span class=\"mkdf-iwt-title-text\">Experiencia<\/span>\n\t\t\t\t\t\t\t<\/h4>\n\t\t\t\t\t\t\t<p class=\"mkdf-iwt-text\" style=\"margin-top: 14px\">El rigor y la profesionalidad, combinados con el s\u00f3lido conocimiento de la experiencia de medio siglo, hacen de Safina uno de los actores m\u00e1s importantes del mercado ib\u00e9rico.<\/p>\n\t\t\t<\/div>\n<\/div>\t\t<\/div>\n\t<\/div>\n<\/div><\/div>[\/vc_column][\/vc_row][vc_row row_btt_skin=\u00bblight\u00bb row_background_text_position=\u00bbfront\u00bb row_background_text_vertical_align=\u00bbtop\u00bb row_skin=\u00bbdark\u00bb css=\u00bb.vc_custom_1651579455672{padding-top: 0px !important;padding-bottom: 54px !important;}\u00bb el_class=\u00bbmkdf-gray-text\u00bb row_background_text_1=\u00bbObjetivos\u00bb row_background_text_size=\u00bb180px\u00bb row_background_text_size_1440=\u00bb160px\u00bb row_background_text_size_1280=\u00bb160px\u00bb row_background_text_padding_top=\u00bb65px\u00bb row_background_text_padding_top_1440=\u00bb68px\u00bb row_background_text_padding_top_1280=\u00bb64px\u00bb row_background_text_padding_left=\u00bb104px\u00bb row_background_text_padding_left_1440=\u00bb3.2%\u00bb row_background_text_padding_left_1280=\u00bb4%\u00bb el_id=\u00bbobjectivos-estrategicos\u00bb][vc_column el_class=\u00bbcontainner\u00bb]<div class=\"mkdf-elements-holder mkdf-row-grid-section  mkdf-one-column  mkdf-responsive-mode-1024 \" ><div class=\"mkdf-eh-item    \"  data-item-class=\"mkdf-eh-custom-9240\" data-1367-1600=\"133px 0 0px 76px\" data-1025-1366=\"117px 0 0 8.1%\" data-769-1024=\"95px 0 0 118px\" data-681-768=\"95px 0 0 72px\" data-680=\"95px 0 0 35px\">\n\t<div class=\"mkdf-eh-item-inner\">\n\t\t<div class=\"mkdf-eh-item-content mkdf-eh-custom-9240\" style=\"padding: 125px 0 0px 152px\">\n\t\t\t[vc_column_text]<\/p>\n<h2>Objetivos Estrat\u00e9gicos<\/h2>\n<p>[\/vc_column_text]\t\t<\/div>\n\t<\/div>\n<\/div><\/div>[\/vc_column][\/vc_row][vc_row row_content_width=\u00bbgrid\u00bb row_btt_skin=\u00bblight\u00bb row_background_text_position=\u00bbfront\u00bb row_skin=\u00bbdark\u00bb css=\u00bb.vc_custom_1648041031379{padding-top: 0px !important;padding-bottom: 54px !important;}\u00bb el_class=\u00bbmkdf-gray-text\u00bb el_id=\u00bb50-anos\u00bb][vc_column el_class=\u00bbcontainner\u00bb]<div class=\"mkdf-elements-holder mkdf-row-grid-section  mkdf-one-column  mkdf-responsive-mode-1024 \" ><div class=\"mkdf-eh-item    \"  data-item-class=\"mkdf-eh-custom-8042\">\n\t<div class=\"mkdf-eh-item-inner\">\n\t\t<div class=\"mkdf-eh-item-content mkdf-eh-custom-8042\" >\n\t\t\t[vc_column_text]10 de febrero de 1971 Safina &#8211; Sociedade Industrial de Alcatifas, abre sus puertas en Cortega\u00e7a, Ovar. Inicialmente se especializ\u00f3 en la producci\u00f3n de alfombras, pasarelas y tapetes, y con el tiempo ampli\u00f3 su actividad a las \u00e1reas de extrusi\u00f3n de hilo sint\u00e9tico y fabricaci\u00f3n de alfombras de coco. En 1996, comenz\u00f3 la fabricaci\u00f3n y comercializaci\u00f3n de c\u00e9sped artificial decorativo, ampliando la actividad, en 2006, para la fabricaci\u00f3n de c\u00e9sped artificial deportivo y paisaj\u00edstico, que actualmente corresponde a cerca del 80% de la producci\u00f3n de la empresa.[\/vc_column_text]\t\t<\/div>\n\t<\/div>\n<\/div><\/div>[\/vc_column][\/vc_row][vc_row row_content_width=\u00bbgrid\u00bb row_btt_skin=\u00bblight\u00bb row_background_text_position=\u00bbfront\u00bb row_skin=\u00bbdark\u00bb css=\u00bb.vc_custom_1648041065445{padding-top: 0px !important;padding-bottom: 54px !important;}\u00bb el_class=\u00bbmkdf-gray-text\u00bb el_id=\u00bbsobre-blockquote\u00bb][vc_column el_class=\u00bbcontainner\u00bb]<div class=\"mkdf-elements-holder mkdf-row-grid-section  mkdf-one-column  mkdf-responsive-mode-1024 \" ><div class=\"mkdf-eh-item    \"  data-item-class=\"mkdf-eh-custom-8711\">\n\t<div class=\"mkdf-eh-item-inner\">\n\t\t<div class=\"mkdf-eh-item-content mkdf-eh-custom-8711\" >\n\t\t\t[vc_column_text]<\/p>\n<blockquote><p><span style=\"color: #d11217;\"><em>Nuestra ventaja competitiva es la buena relaci\u00f3n que fomentamos con nuestros clientes.<\/em><\/span><\/p>\n<p>Ac\u00e1cio Coelho, Fundador de Safina<\/p><\/blockquote>\n<p>[\/vc_column_text]\t\t<\/div>\n\t<\/div>\n<\/div><\/div>[\/vc_column][\/vc_row][vc_row row_content_width=\u00bbgrid\u00bb row_btt_skin=\u00bblight\u00bb row_background_text_position=\u00bbfront\u00bb row_skin=\u00bbdark\u00bb css=\u00bb.vc_custom_1640357872312{padding-top: 0px !important;padding-bottom: 102px !important;}\u00bb el_class=\u00bbmkdf-gray-text\u00bb][vc_column el_class=\u00bbcontainner\u00bb]<div class=\"mkdf-elements-holder mkdf-row-grid-section  mkdf-one-column  mkdf-responsive-mode-1024 \" ><div class=\"mkdf-eh-item    \"  data-item-class=\"mkdf-eh-custom-9699\">\n\t<div class=\"mkdf-eh-item-inner\">\n\t\t<div class=\"mkdf-eh-item-content mkdf-eh-custom-9699\" >\n\t\t\t[vc_column_text]Safina es uno de los actores m\u00e1s relevantes en el mercado de la Pen\u00ednsula Ib\u00e9rica, vendiendo tambi\u00e9n a otros mercados europeos y m\u00e1s all\u00e1: Australia, Marruecos, Argelia y Qatar son otros de los destinos con producciones de Safina, concretamente sedes de f\u00fatbol, eventos y jardines, entre otros servicios. La producci\u00f3n de alfombras sigue constituyendo el 20% de la producci\u00f3n de Safina, destinada principalmente al mercado multiprecio.<\/p>\n<p>A lo largo de 50 a\u00f1os de experiencia se han conseguido muchos logros, de los que destacamos<\/p>\n<p>&#8211; La Certificaci\u00f3n del Sistema de Gesti\u00f3n de Calidad de la empresa por la Norma ISO9001:2015, as\u00ed como la puesta en marcha de un amplio plan de modernizaci\u00f3n de los sistemas y tecnolog\u00edas de fabricaci\u00f3n (inversi\u00f3n global de m\u00e1s de 5 M\u20ac en el periodo 2008-2011);<\/p>\n<p>&#8211; La firma por parte de Safina de la primera gran licitaci\u00f3n para el suministro de c\u00e9sped artificial para el f\u00fatbol en Portugal, para un total de 38 campos en el Distrito de Braga entre 2009 y 2010.<\/p>\n<p>&#8211; La integraci\u00f3n como miembro ESTC (Consejo de C\u00e9sped Sint\u00e9tico de la EMEA) y, m\u00e1s recientemente, la asociaci\u00f3n con proveedores certificados por la FIFA.<\/p>\n<p>Hoy en d\u00eda, valores como la calidad, el compromiso y la proximidad sostienen la longevidad de un negocio que, incluso en expansi\u00f3n, no pierde su esencia. Con un equipo de unos 100 colaboradores y una cartera de aproximadamente 500 clientes nacionales e internacionales, el factor diferenciador es la proximidad con la que se siguen tratando.[\/vc_column_text]\t\t<\/div>\n\t<\/div>\n<\/div><\/div>[\/vc_column][\/vc_row]<\/p>\n","protected":false},"excerpt":{"rendered":"<p>[vc_row row_content_width=\u00bbgrid\u00bb row_btt_skin=\u00bblight\u00bb row_background_text_position=\u00bbfront\u00bb row_skin=\u00bbdark\u00bb css=\u00bb.vc_custom_1648038016940{padding-top: 54px !important;padding-bottom: 54px !important;}\u00bb simple_background_color=\u00bb#1e212b\u00bb el_id=\u00bbsobre-foto\u00bb][vc_column offset=\u00bbvc_col-lg-offset-0 vc_col-lg-6 vc_col-md-offset-0 vc_col-md-12 vc_col-sm-offset-0&#8243; el_class=\u00bbmkdf-appearing-section mkdf-custom-column-image\u00bb][\/vc_column][vc_column offset=\u00bbvc_col-lg-offset-0 vc_col-lg-6 vc_col-md-offset-0 vc_col-md-12 vc_col-sm-offset-0&#8243;][\/vc_column][\/vc_row][vc_row row_btt_skin=\u00bblight\u00bb row_background_text_position=\u00bbfront\u00bb row_background_text_align=\u00bbleft\u00bb row_skin=\u00bbdark\u00bb row_background_text_1=\u00bbInstalaciones\u00bb row_background_text_size=\u00bb10em\u00bb row_background_text_size_1280=\u00bb7em\u00bb row_background_text_size_1440=\u00bb9m\u00bb row_background_text_color=\u00bbrgba(222,223,224,0.6)\u00bb simple_background_color=\u00bb#8491a3&#8243; row_background_text_padding_top=\u00bb2%\u00bb row_background_text_padding_top_1440=\u00bb2%\u00bb row_background_text_padding_top_1280=\u00bb2%\u00bb row_background_text_padding_left=\u00bb9%\u00bb row_background_text_padding_left_1440=\u00bb9%\u00bb row_background_text_padding_left_1280=\u00bb9%\u00bb][vc_column][\/vc_column][\/vc_row][vc_row [&hellip;]<\/p>\n","protected":false},"author":7,"featured_media":0,"parent":0,"menu_order":0,"comment_status":"closed","ping_status":"closed","template":"full-width.php","meta":{"om_disable_all_campaigns":false,"inline_featured_image":false,"_monsterinsights_skip_tracking":false,"_monsterinsights_sitenote_active":false,"_monsterinsights_sitenote_note":"","_monsterinsights_sitenote_category":0},"aioseo_notices":[],"_links":{"self":[{"href":"https:\/\/safina.pt\/es\/wp-json\/wp\/v2\/pages\/11910"}],"collection":[{"href":"https:\/\/safina.pt\/es\/wp-json\/wp\/v2\/pages"}],"about":[{"href":"https:\/\/safina.pt\/es\/wp-json\/wp\/v2\/types\/page"}],"author":[{"embeddable":true,"href":"https:\/\/safina.pt\/es\/wp-json\/wp\/v2\/users\/7"}],"replies":[{"embeddable":true,"href":"https:\/\/safina.pt\/es\/wp-json\/wp\/v2\/comments?post=11910"}],"version-history":[{"count":23,"href":"https:\/\/safina.pt\/es\/wp-json\/wp\/v2\/pages\/11910\/revisions"}],"predecessor-version":[{"id":12865,"href":"https:\/\/safina.pt\/es\/wp-json\/wp\/v2\/pages\/11910\/revisions\/12865"}],"wp:attachment":[{"href":"https:\/\/safina.pt\/es\/wp-json\/wp\/v2\/media?parent=11910"}],"curies":[{"name":"wp","href":"https:\/\/api.w.org\/{rel}","templated":true}]}}