{"id":11914,"date":"2018-12-04T09:30:44","date_gmt":"2018-12-04T09:30:44","guid":{"rendered":"https:\/\/safina.pt\/sobre\/politica-de-privacidade\/"},"modified":"2022-04-30T10:13:48","modified_gmt":"2022-04-30T10:13:48","slug":"politica-de-privacidad","status":"publish","type":"page","link":"https:\/\/safina.pt\/es\/acerca\/politica-de-privacidad\/","title":{"rendered":"Pol\u00edtica de privacidad"},"content":{"rendered":"<p>[vc_row content_placement=\u00bbtop\u00bb row_content_width=\u00bbgrid\u00bb row_btt_skin=\u00bblight\u00bb enable_bg_pattern=\u00bbyes\u00bb row_background_text_position=\u00bbfront\u00bb row_skin=\u00bbdark\u00bb css=\u00bb.vc_custom_1639050322238{padding-bottom: 150px !important;}\u00bb][vc_column]<div class=\"mkdf-elements-holder   mkdf-one-column  mkdf-responsive-mode-1024 \" ><div class=\"mkdf-eh-item  mkdf-vertical-alignment-top  \"  data-item-class=\"mkdf-eh-custom-3383\" data-1367-1600=\"0px 120px 8px 50px\" data-1025-1366=\"0px 21px 4px 40px\" data-769-1024=\"57px 260px 0 0px\" data-681-768=\"57px 120px 0 0px\" data-680=\"57px 0px 0 0px\">\n\t<div class=\"mkdf-eh-item-inner\">\n\t\t<div class=\"mkdf-eh-item-content mkdf-eh-custom-3383\" style=\"padding: 0px 90px 8px 80px\">\n\t\t\t<div class=\"mkdf-section-title-holder  mkdf-st-standard mkdf-st-title-left mkdf-st-normal-space \" >\n\t<div class=\"mkdf-st-inner\">\n                    <h6 class=\"mkdf-st-intro-title\" >\n                POLITICA DE PRIVACIDAD            <\/h6>\n        \t\t\t\t\t<h2 class=\"mkdf-st-title\" >\n\t\t\t\tPOLITICA DE PRIVACIDAD\t\t\t<\/h2>\n\t\t\t\t\t<\/div>\n<\/div>[vc_empty_space][vc_column_text]Safina &#8211; Sociedade Industrial de Alcatifas, SA, con domicilio en Travessa da G\u00e2ndara n\u00ba 65, 3886-908 Cortega\u00e7a OVR, es la entidad responsable del funcionamiento de este Sitio, incluyendo su mantenimiento y colocaci\u00f3n de contenidos, estando permanentemente comprometida con la protecci\u00f3n de los datos personales de sus clientes y\/o usuarios.<br \/>\nLa presente Pol\u00edtica de Privacidad se aplica al tratamiento de los datos personales proporcionados o recogidos en relaci\u00f3n con el uso de este Sitio o a trav\u00e9s de contactos para la compra de productos e identifica las categor\u00edas de informaci\u00f3n personal recogida, el uso que se hace de esa informaci\u00f3n y la forma en que se comparte y protege. El presente documento tiene por objeto dar a conocer los t\u00e9rminos y condiciones del tratamiento de los datos personales para que, en su caso, los usuarios, ya sean clientes o proveedores o sus representantes, puedan dar su consentimiento de forma libre, espec\u00edfica e informada.<\/p>\n<p><strong>Datos personales que recogemos<\/strong><br \/>\nRecogeremos, retendremos y procesaremos informaci\u00f3n personal si usted utiliza nuestro Sitio para ver o solicitar informaci\u00f3n para comprar productos o si nos proporciona voluntariamente dicha informaci\u00f3n, en particular si se suscribe a nuestro bolet\u00edn de noticias, si participa en una promoci\u00f3n o concurso o si pone a disposici\u00f3n de nuestro Sitio contenido personal publicando dicho contenido en nuestras p\u00e1ginas de medios sociales o utilizando un hashtag u otro identificador utilizado por nosotros para integrar los medios sociales con nuestro sitio web. Dicha informaci\u00f3n puede incluir:<br \/>\n&#8211; Datos de contacto, incluidos el nombre, la direcci\u00f3n de correo electr\u00f3nico, el n\u00famero de tel\u00e9fono y la direcci\u00f3n; y<br \/>\n&#8211; La imagen y otros datos personales que puedan figurar en el contenido que usted proporciona a nuestro Sitio, incluidos los comentarios, las fotos y los v\u00eddeos, as\u00ed como el nombre de la cuenta de las redes sociales desde la que proporciona esa informaci\u00f3n.<br \/>\nLa informaci\u00f3n que consideramos obligatoria para poder facilitar el acceso a determinadas partes de nuestro sitio web est\u00e1 debidamente marcada en los respectivos formularios, a saber, a efectos de recibir marketing sobre nuestros productos y servicios, o de la que depende la prestaci\u00f3n de determinados servicios solicitados por el usuario.<\/p>\n<p><strong>Datos personales que recogemos autom\u00e1ticamente<\/strong><br \/>\nCuando usted visita nuestro Sitio, cierta informaci\u00f3n puede ser recogida y almacenada autom\u00e1ticamente en nuestros servidores con fines de gesti\u00f3n del sistema, seguridad, copia de seguridad, soporte t\u00e9cnico o uso estad\u00edstico. Dicha informaci\u00f3n puede incluir:<br \/>\n&#8211; Fecha y hora;<br \/>\n&#8211; Direcci\u00f3n IP de origen<br \/>\n&#8211; El nombre del dominio;<br \/>\n&#8211; Tipo de navegador y sistema operativo utilizado (si lo proporciona el navegador)<br \/>\n&#8211; URL de la p\u00e1gina de referencia (si la proporciona el navegador)<br \/>\n&#8211; Objeto solicitado;<br \/>\n&#8211; Estado de ejecuci\u00f3n de la solicitud;<br \/>\n&#8211; Ubicaci\u00f3n geogr\u00e1fica; o<br \/>\n&#8211; Elecci\u00f3n del idioma.<\/p>\n<p><strong>Finalidad del tratamiento de los datos personales<\/strong><br \/>\nSus datos personales se utilizar\u00e1n y tratar\u00e1n para los siguientes fines:<br \/>\n&#8211; permitirle utilizar y mejorar nuestro Sitio;<br \/>\n&#8211; para procesar las solicitudes de presupuesto y las actividades relacionadas;<br \/>\n&#8211; enviarle comunicaciones de marketing;<br \/>\n&#8211; para desarrollar, evaluar y mejorar nuestra actividad;<br \/>\n&#8211; gestionar las relaciones con los clientes y los proveedores de servicios; y<br \/>\n&#8211; cumplir con los requisitos legales y reglamentarios aplicables.<\/p>\n<p><strong>Base para el tratamiento de datos personales<\/strong><br \/>\nEl tratamiento de los datos personales se realizar\u00e1 sobre la base del consentimiento del interesado, cuando la finalidad del tratamiento sea la realizaci\u00f3n de actividades de marketing y afines o cuando se prevea expresamente en esta Pol\u00edtica de Privacidad, en la realizaci\u00f3n de diligencias precontractuales o en la celebraci\u00f3n y ejecuci\u00f3n de un contrato, cuando se trate de la gesti\u00f3n de la relaci\u00f3n precontractual o contractual, en inter\u00e9s leg\u00edtimo del desarrollo de la actividad del responsable del tratamiento, en situaciones dirigidas al desarrollo de productos y servicios y del negocio, y en cumplimiento de obligaciones legales.<br \/>\nEl consentimiento debe ser previo, libre, informado, espec\u00edfico e inequ\u00edvoco y otorgado mediante una declaraci\u00f3n escrita o validando una opci\u00f3n, incluso por medios electr\u00f3nicos. El cliente y\/o usuario podr\u00e1 retirar su consentimiento en cualquier momento, mediante correo electr\u00f3nico o comunicaci\u00f3n escrita, sin que ello comprometa la licitud del tratamiento realizado sobre el consentimiento previamente otorgado.<\/p>\n<p><strong>Intercambio de datos personales<\/strong><br \/>\nNo cedemos, ni revelamos de ninguna otra manera los datos personales que recogemos y tratamos, con la excepci\u00f3n de las situaciones previstas en esta Pol\u00edtica de Privacidad<br \/>\nRevelamos los datos personales para los fines descritos anteriormente a las personas de Safina que son estrictamente necesarias para llevar a cabo las operaciones relacionadas con el uso de nuestro Sitio y para procesar y ejecutar las solicitudes de ofertas y actividades relacionadas que est\u00e1n sujetas a las obligaciones de confidencialidad<br \/>\nCompartimos datos personales con terceros que prestan servicios en nuestro nombre, por ejemplo, para fines de contabilidad, env\u00edo y entrega de productos o asistencia t\u00e9cnica. Estas partes est\u00e1n obligadas a mantener la confidencialidad y no pueden utilizar o revelar los datos personales, salvo en la medida en que sea necesario para llevar a cabo los servicios prestados en nuestro nombre o para cumplir con los requisitos legales.<br \/>\nS\u00f3lo comunicaremos los datos personales a los socios comerciales, para los fines identificados anteriormente, si usted y\/o el usuario han dado su consentimiento previo, libre, informado, espec\u00edfico e inequ\u00edvoco para hacerlo.<br \/>\nNos reservamos el derecho de transferir los datos personales que obtenemos en caso de venta o transferencia, total o parcial, de nuestro negocio o activos, incluso en caso de reestructuraci\u00f3n o disoluci\u00f3n, pero s\u00f3lo despu\u00e9s de que se hayan tomado las medidas adecuadas para garantizar la seguridad y confidencialidad de los datos personales.<\/p>\n<p><strong>Derechos de acceso, rectificaci\u00f3n, oposici\u00f3n, supresi\u00f3n, limitaci\u00f3n y portabilidad de los datos personales<\/strong><br \/>\nEl interesado podr\u00e1 solicitar el acceso a sus datos personales, as\u00ed como la actualizaci\u00f3n, rectificaci\u00f3n o, en los casos espec\u00edficamente previstos por la ley, la supresi\u00f3n de los mismos y, en determinadas circunstancias, podr\u00e1 oponerse a su utilizaci\u00f3n. Tambi\u00e9n tiene derecho a solicitar la limitaci\u00f3n del tratamiento de sus datos personales, en las condiciones previstas por la ley, as\u00ed como a recibir los datos personales que le conciernen y que usted ha facilitado, en un formato estructurado, de uso com\u00fan y legible por m\u00e1quina, siempre que se cumplan los requisitos legales aplicables, y a transmitir dichos datos a otro responsable del tratamiento cuando sea t\u00e9cnicamente posible.<br \/>\nTambi\u00e9n puede solicitar que dejemos de enviarle comunicaciones de marketing, ya sea por correo electr\u00f3nico o de otro modo. Para ello, puede (i) seleccionar las opciones pertinentes en los formularios que utilizamos para recopilar datos personales, (ii) hacer clic en el enlace de cancelaci\u00f3n de la suscripci\u00f3n en nuestros correos electr\u00f3nicos de marketing o (iii) solicitarnos, por correo electr\u00f3nico o por escrito, que no tratemos su informaci\u00f3n con fines de marketing.<br \/>\nPara ejercer estos derechos, presentar una queja o reclamaci\u00f3n o solicitar cualquier aclaraci\u00f3n sobre nuestras pr\u00e1cticas de tratamiento de datos personales, p\u00f3ngase en contacto con nosotros en info@safina.pt o escr\u00edbanos a<br \/>\nSafina &#8211; Sociedade Industrial de Alcatifas, Lda.<br \/>\nTravessa da G\u00e2ndara n.\u00ba 65,<br \/>\n3886-908 Cortega\u00e7a OVR<br \/>\nPara proteger su privacidad y por razones de seguridad, podemos tomar medidas para confirmar su identidad antes de proporcionarle acceso a sus datos personales.<br \/>\nSin perjuicio de la posibilidad de reclamar ante Safina, usted y\/o el usuario podr\u00e1n presentar una reclamaci\u00f3n ante la autoridad de control: Comiss\u00e3o Nacional de Prote\u00e7\u00e3o de Dados &#8211; CNPD, Rua de S\u00e3o Bento n.\u00ba 148, 3.\u00ba, 1200-821 Lisboa, Tel. +351213928400, geral@cnpd.pt<\/p>\n<p><strong>Hiperv\u00ednculos a otros sitios<\/strong><br \/>\nNuestro sitio puede contener hiperv\u00ednculos a otros sitios para su comodidad o con fines informativos. Estos sitios pueden operar de forma independiente a nosotros y pueden tener sus propias pol\u00edticas y avisos de privacidad que debe leer si los visita. No somos responsables del contenido, el uso o el tratamiento de los datos personales en cualquier otro sitio.<\/p>\n<p><strong>C\u00f3mo protegemos los datos personales<\/strong><br \/>\nTomamos medidas t\u00e9cnicas y administrativas para proteger los datos personales contra la destrucci\u00f3n ilegal o la p\u00e9rdida accidental, la alteraci\u00f3n, la divulgaci\u00f3n no autorizada o el acceso de terceros. Los proveedores de servicios que tienen acceso a los datos personales con el fin de prestar servicios en nuestro nombre est\u00e1n obligados por contrato a mantener la confidencialidad de dichos datos, a aplicar medidas de seguridad de protecci\u00f3n de datos y no pueden utilizar dichos datos para ning\u00fan otro fin.<\/p>\n<p><strong>Conservaci\u00f3n de datos personales<\/strong><br \/>\nConservaremos sus datos personales durante el tiempo que sea necesario para los fines para los que los hemos recogido, incluido el suministro de los productos o servicios solicitados, o durante el tiempo que exija la ley.<br \/>\nLos datos tratados con fines de marketing o actividades conexas o con vistas a la elaboraci\u00f3n de perfiles se conservar\u00e1n hasta que el interesado revoque el consentimiento dado.<br \/>\nLos datos personales proporcionados por los clientes con vistas a la compra de productos o la contrataci\u00f3n de servicios se conservar\u00e1n durante un per\u00edodo de 10 a\u00f1os en lo que respecta a los datos de facturaci\u00f3n y de 5 a\u00f1os despu\u00e9s de la fecha de compra o de contrataci\u00f3n de servicios cuando se conserven por motivos de que Safina necesite defenderse de reclamaciones legales basadas en la responsabilidad contractual o extracontractual.<\/p>\n<p><strong>Transferencias de datos<\/strong><br \/>\nPodemos transferir y almacenar datos personales en pa\u00edses distintos del pa\u00eds en el que se recogieron originalmente, incluidos pa\u00edses fuera del Espacio Econ\u00f3mico Europeo (EEE), de acuerdo con la legislaci\u00f3n aplicable. Estos pa\u00edses pueden no tener el mismo nivel de protecci\u00f3n de los datos personales que el pa\u00eds en el que se recogieron. Cuando transfiramos datos personales a otros pa\u00edses, adoptaremos las medidas de protecci\u00f3n establecidas en esta Pol\u00edtica de Privacidad y cumpliremos con las disposiciones legales aplicables que garanticen una protecci\u00f3n adecuada para las transferencias de datos a pa\u00edses fuera del EEE.<\/p>\n<p><strong>Actualizaciones de nuestra pol\u00edtica de privacidad<\/strong><br \/>\nLa presente pol\u00edtica de privacidad podr\u00e1 actualizarse peri\u00f3dicamente y sin previo aviso para adaptarse a los cambios en el tratamiento de datos. Se publicar\u00e1n avisos en nuestro Sitio para informarle de cualquier cambio material en nuestra Pol\u00edtica de Privacidad y la fecha de la actualizaci\u00f3n m\u00e1s reciente aparecer\u00e1 en la Pol\u00edtica de Privacidad. Le recomendamos que revise esta Pol\u00edtica peri\u00f3dicamente para estar al tanto de cualquier actualizaci\u00f3n.<\/p>\n<p><strong>C\u00f3mo puede ponerse en contacto con nosotros<\/strong><br \/>\nSi tiene alguna pregunta o duda sobre nuestra pol\u00edtica de privacidad, si desea actualizar la informaci\u00f3n que tenemos sobre sus opciones, o si desea ejercer sus derechos de acceso, rectificaci\u00f3n, oposici\u00f3n, supresi\u00f3n, limitaci\u00f3n y portabilidad de sus datos personales, p\u00f3ngase en contacto con nosotros por correo electr\u00f3nico [ ] o escr\u00edbanos a<br \/>\nSafina &#8211; Sociedade Industrial de Alcatifas, Lda.<br \/>\nTravessa da G\u00e2ndara n.\u00ba 65,<br \/>\n3886-908 Cortega\u00e7a OVR<\/p>\n<p>Esta pol\u00edtica de privacidad fue actualizada por \u00faltima vez el 25\/05\/2018.[\/vc_column_text]\t\t<\/div>\n\t<\/div>\n<\/div><\/div>[\/vc_column][\/vc_row]<\/p>\n","protected":false},"excerpt":{"rendered":"<p>[vc_row content_placement=\u00bbtop\u00bb row_content_width=\u00bbgrid\u00bb row_btt_skin=\u00bblight\u00bb enable_bg_pattern=\u00bbyes\u00bb row_background_text_position=\u00bbfront\u00bb row_skin=\u00bbdark\u00bb css=\u00bb.vc_custom_1639050322238{padding-bottom: 150px !important;}\u00bb][vc_column][\/vc_column][\/vc_row]<\/p>\n","protected":false},"author":7,"featured_media":0,"parent":11910,"menu_order":0,"comment_status":"closed","ping_status":"open","template":"","meta":{"om_disable_all_campaigns":false,"inline_featured_image":false,"_monsterinsights_skip_tracking":false,"_monsterinsights_sitenote_active":false,"_monsterinsights_sitenote_note":"","_monsterinsights_sitenote_category":0},"aioseo_notices":[],"_links":{"self":[{"href":"https:\/\/safina.pt\/es\/wp-json\/wp\/v2\/pages\/11914"}],"collection":[{"href":"https:\/\/safina.pt\/es\/wp-json\/wp\/v2\/pages"}],"about":[{"href":"https:\/\/safina.pt\/es\/wp-json\/wp\/v2\/types\/page"}],"author":[{"embeddable":true,"href":"https:\/\/safina.pt\/es\/wp-json\/wp\/v2\/users\/7"}],"replies":[{"embeddable":true,"href":"https:\/\/safina.pt\/es\/wp-json\/wp\/v2\/comments?post=11914"}],"version-history":[{"count":4,"href":"https:\/\/safina.pt\/es\/wp-json\/wp\/v2\/pages\/11914\/revisions"}],"predecessor-version":[{"id":12795,"href":"https:\/\/safina.pt\/es\/wp-json\/wp\/v2\/pages\/11914\/revisions\/12795"}],"up":[{"embeddable":true,"href":"https:\/\/safina.pt\/es\/wp-json\/wp\/v2\/pages\/11910"}],"wp:attachment":[{"href":"https:\/\/safina.pt\/es\/wp-json\/wp\/v2\/media?parent=11914"}],"curies":[{"name":"wp","href":"https:\/\/api.w.org\/{rel}","templated":true}]}}