{"id":11918,"date":"2021-12-09T11:58:08","date_gmt":"2021-12-09T11:58:08","guid":{"rendered":"https:\/\/safina.pt\/sobre\/projeto-compete-2020-desenvolvimento-regional\/"},"modified":"2022-05-03T09:53:19","modified_gmt":"2022-05-03T09:53:19","slug":"proyecto-compete-2020-desarrollo-regional","status":"publish","type":"page","link":"https:\/\/safina.pt\/es\/acerca\/proyecto-compete-2020-desarrollo-regional\/","title":{"rendered":"Proyecto Compete 2020 (Desarrollo regional)"},"content":{"rendered":"<p>[vc_row content_placement=\u00bbtop\u00bb row_content_width=\u00bbgrid\u00bb row_btt_skin=\u00bblight\u00bb enable_bg_pattern=\u00bbyes\u00bb row_background_text_position=\u00bbfront\u00bb row_skin=\u00bbdark\u00bb css=\u00bb.vc_custom_1639050322238{padding-bottom: 150px !important;}\u00bb][vc_column]<div class=\"mkdf-elements-holder   mkdf-one-column  mkdf-responsive-mode-1024 \" ><div class=\"mkdf-eh-item  mkdf-vertical-alignment-top  \"  data-item-class=\"mkdf-eh-custom-5007\" data-1367-1600=\"0px 120px 8px 50px\" data-1025-1366=\"0px 21px 4px 40px\" data-769-1024=\"57px 260px 0 0px\" data-681-768=\"57px 120px 0 0px\" data-680=\"57px 0px 0 0px\">\n\t<div class=\"mkdf-eh-item-inner\">\n\t\t<div class=\"mkdf-eh-item-content mkdf-eh-custom-5007\" style=\"padding: 0px 90px 8px 80px\">\n\t\t\t<div class=\"mkdf-section-title-holder  mkdf-st-standard mkdf-st-title-left mkdf-st-normal-space \" >\n\t<div class=\"mkdf-st-inner\">\n                    <h6 class=\"mkdf-st-intro-title\" >\n                SOBRE SAFINA            <\/h6>\n        \t\t\t\t\t<h2 class=\"mkdf-st-title\" >\n\t\t\t\tPROYECTO COMPETE 2020\t\t\t<\/h2>\n\t\t\t\t\t\t\t<h5 class=\"mkdf-st-text\" style=\"font-size: 18px;line-height: 26px;font-weight: 400;margin-top: 21px\">\n\t\t\t\tCofinanciado por:\t\t\t<\/h5>\n\t\t\t<\/div>\n<\/div>[vc_empty_space]<div class=\"mkdf-single-image-holder   \">\n    <div class=\"mkdf-si-inner\" >\n                                    <img width=\"1024\" height=\"97\" src=\"https:\/\/safina.pt\/wp-content\/uploads\/2021\/12\/compete2020_regional-black-1024x97.png\" class=\"attachment-large size-large\" alt=\"\" loading=\"lazy\" srcset=\"https:\/\/safina.pt\/wp-content\/uploads\/2021\/12\/compete2020_regional-black-1024x97.png 1024w, https:\/\/safina.pt\/wp-content\/uploads\/2021\/12\/compete2020_regional-black-300x28.png 300w, https:\/\/safina.pt\/wp-content\/uploads\/2021\/12\/compete2020_regional-black-768x73.png 768w, https:\/\/safina.pt\/wp-content\/uploads\/2021\/12\/compete2020_regional-black-1536x146.png 1536w, https:\/\/safina.pt\/wp-content\/uploads\/2021\/12\/compete2020_regional-black.png 1920w\" sizes=\"(max-width: 1024px) 100vw, 1024px\" \/>                        <\/div>\n<\/div>[vc_empty_space][vc_column_text]Nombre del proyecto: GRASS-LIGHT: Filamento para c\u00e9sped sint\u00e9tico sostenible, fotoluminiscente y retroiluminado<\/p>\n<p>C\u00f3digo del proyecto: POCI-01-0247-FEDER-047096<br \/>\nObjetivo principal: Potenciar la investigaci\u00f3n, el desarrollo tecnol\u00f3gico y la innovaci\u00f3n<br \/>\nPrograma Operativo de Financiaci\u00f3n: POCI<br \/>\nRegi\u00f3n de intervenci\u00f3n: Centro<br \/>\nEntidad beneficiaria: SAFINA &#8211; Sociedade Industrial de Alcatifas, Lda<\/p>\n<p>IT &#8211; Instituto de Telecomunicaciones<br \/>\nUA &#8211; Universidad de Aveiro<\/p>\n<p>Fecha de aprobaci\u00f3n: 12-05-2021<br \/>\nFecha de inicio: 01-05-2021<br \/>\nFecha de finalizaci\u00f3n: 30-06-203<\/p>\n<p>Coste subvencionable: 689 115,14 euros (Total)<br \/>\nApoyo financiero de la Uni\u00f3n Europea &#8211; FEDER: 450.366,98\u20ac (Total)<\/p>\n<p>El proyecto GRASS-LIGHT propone el desarrollo de filamentos fotoluminiscentes y\/o retroiluminados que puedan integrarse en sistemas de c\u00e9sped artificial convencionales, sistemas h\u00edbridos o incluso en sistemas de plantaci\u00f3n de c\u00e9sped artificial. Las sustancias fotoluminiscentes, al ser expuestas a fuentes de luz, naturales o artificiales, almacenan energ\u00eda a trav\u00e9s de la excitaci\u00f3n de los \u00e1tomos constituyentes, hasta que en ausencia de luz liberan esa energ\u00eda, contribuyendo as\u00ed a la iluminaci\u00f3n del material y del espacio. Al mismo tiempo, y de forma complementaria, se incorporar\u00e1 la retroiluminaci\u00f3n en los filamentos del c\u00e9sped, mediante un sistema de iluminaci\u00f3n LED, creando un campo formado por varios bloques que pueden ser iluminados individualmente, con control individual del color y la intensidad de la luz.<\/p>\n<p>__________________________________<\/p>\n<p>Nombre del proyecto: SAFINA Export 01\/SI\/2020<\/p>\n<p>C\u00f3digo del proyecto: POCI-02-0752-FEDER-071196<br \/>\nObjetivo principal: Potenciar la exportaci\u00f3n de los productos Safina<br \/>\nRegi\u00f3n de intervenci\u00f3n: Centro<br \/>\nEntidad beneficiaria: SAFINA &#8211; SOCIEDADE INDUSTRIAL DE ALCATIFAS, LDA<\/p>\n<p>Fecha de aprobaci\u00f3n: 15-12-2020<br \/>\nFecha de inicio: 28-10-2020<br \/>\nFecha de finalizaci\u00f3n: 27-10-2022<\/p>\n<p>Coste total subvencionable: 515.650,00EUR<br \/>\nApoyo financiero de la Uni\u00f3n Europea: FEDER 232.042,50EUR<\/p>\n<p>Con la realizaci\u00f3n de este proyecto tenemos como objetivos<br \/>\n&#8211; Aprovechar la exportaci\u00f3n de nuestros productos;<br \/>\n&#8211; Ampliar la actual tasa de exportaci\u00f3n al 67%;<br \/>\n&#8211; Aumentar el negocio electr\u00f3nico;<br \/>\n&#8211; Invertir en innovaci\u00f3n en t\u00e9rminos de progreso organizativo y de marketing[\/vc_column_text]\t\t<\/div>\n\t<\/div>\n<\/div><\/div>[\/vc_column][\/vc_row]<\/p>\n","protected":false},"excerpt":{"rendered":"<p>[vc_row content_placement=\u00bbtop\u00bb row_content_width=\u00bbgrid\u00bb row_btt_skin=\u00bblight\u00bb enable_bg_pattern=\u00bbyes\u00bb row_background_text_position=\u00bbfront\u00bb row_skin=\u00bbdark\u00bb css=\u00bb.vc_custom_1639050322238{padding-bottom: 150px !important;}\u00bb][vc_column][\/vc_column][\/vc_row]<\/p>\n","protected":false},"author":7,"featured_media":11453,"parent":11910,"menu_order":0,"comment_status":"closed","ping_status":"closed","template":"","meta":{"om_disable_all_campaigns":false,"inline_featured_image":false,"_monsterinsights_skip_tracking":false,"_monsterinsights_sitenote_active":false,"_monsterinsights_sitenote_note":"","_monsterinsights_sitenote_category":0},"aioseo_notices":[],"_links":{"self":[{"href":"https:\/\/safina.pt\/es\/wp-json\/wp\/v2\/pages\/11918"}],"collection":[{"href":"https:\/\/safina.pt\/es\/wp-json\/wp\/v2\/pages"}],"about":[{"href":"https:\/\/safina.pt\/es\/wp-json\/wp\/v2\/types\/page"}],"author":[{"embeddable":true,"href":"https:\/\/safina.pt\/es\/wp-json\/wp\/v2\/users\/7"}],"replies":[{"embeddable":true,"href":"https:\/\/safina.pt\/es\/wp-json\/wp\/v2\/comments?post=11918"}],"version-history":[{"count":4,"href":"https:\/\/safina.pt\/es\/wp-json\/wp\/v2\/pages\/11918\/revisions"}],"predecessor-version":[{"id":12789,"href":"https:\/\/safina.pt\/es\/wp-json\/wp\/v2\/pages\/11918\/revisions\/12789"}],"up":[{"embeddable":true,"href":"https:\/\/safina.pt\/es\/wp-json\/wp\/v2\/pages\/11910"}],"wp:featuredmedia":[{"embeddable":true,"href":"https:\/\/safina.pt\/es\/wp-json\/wp\/v2\/media\/11453"}],"wp:attachment":[{"href":"https:\/\/safina.pt\/es\/wp-json\/wp\/v2\/media?parent=11918"}],"curies":[{"name":"wp","href":"https:\/\/api.w.org\/{rel}","templated":true}]}}