{"id":11787,"date":"2021-12-09T11:49:33","date_gmt":"2021-12-09T11:49:33","guid":{"rendered":"https:\/\/safina.pt\/projeto-compete-2020\/"},"modified":"2022-04-29T14:49:35","modified_gmt":"2022-04-29T14:49:35","slug":"projet-compete-2020","status":"publish","type":"page","link":"https:\/\/safina.pt\/fr\/sobre\/projet-compete-2020\/","title":{"rendered":"Projet Compete 2020"},"content":{"rendered":"<p>[vc_row content_placement=\u00a0\u00bbtop\u00a0\u00bb row_content_width=\u00a0\u00bbgrid\u00a0\u00bb row_btt_skin=\u00a0\u00bblight\u00a0\u00bb enable_bg_pattern=\u00a0\u00bbyes\u00a0\u00bb row_background_text_position=\u00a0\u00bbfront\u00a0\u00bb row_skin=\u00a0\u00bbdark\u00a0\u00bb css=\u00a0\u00bb.vc_custom_1639050322238{padding-bottom: 150px !important;}\u00a0\u00bb][vc_column]<div class=\"mkdf-elements-holder   mkdf-one-column  mkdf-responsive-mode-1024 \" ><div class=\"mkdf-eh-item  mkdf-vertical-alignment-top  \"  data-item-class=\"mkdf-eh-custom-4535\" data-1367-1600=\"0px 120px 8px 50px\" data-1025-1366=\"0px 21px 4px 40px\" data-769-1024=\"57px 260px 0 0px\" data-681-768=\"57px 120px 0 0px\" data-680=\"57px 0px 0 0px\">\n\t<div class=\"mkdf-eh-item-inner\">\n\t\t<div class=\"mkdf-eh-item-content mkdf-eh-custom-4535\" style=\"padding: 0px 90px 8px 80px\">\n\t\t\t<div class=\"mkdf-section-title-holder  mkdf-st-standard mkdf-st-title-left mkdf-st-normal-space \" >\n\t<div class=\"mkdf-st-inner\">\n                    <h6 class=\"mkdf-st-intro-title\" >\n                SUR LA SAFINA            <\/h6>\n        \t\t\t\t\t<h2 class=\"mkdf-st-title\" >\n\t\t\t\tPROJET COMPETE 2020\t\t\t<\/h2>\n\t\t\t\t\t\t\t<h5 class=\"mkdf-st-text\" style=\"font-size: 18px;line-height: 26px;font-weight: 400;margin-top: 21px\">\n\t\t\t\tCofinanc\u00e9 par:\t\t\t<\/h5>\n\t\t\t<\/div>\n<\/div>[vc_empty_space]<div class=\"mkdf-single-image-holder   \">\n    <div class=\"mkdf-si-inner\" >\n                                    <img width=\"1024\" height=\"97\" src=\"https:\/\/safina.pt\/wp-content\/uploads\/2021\/12\/compete2020_sem-cofinanciados-black-1024x97.png\" class=\"attachment-large size-large\" alt=\"\" loading=\"lazy\" srcset=\"https:\/\/safina.pt\/wp-content\/uploads\/2021\/12\/compete2020_sem-cofinanciados-black-1024x97.png 1024w, https:\/\/safina.pt\/wp-content\/uploads\/2021\/12\/compete2020_sem-cofinanciados-black-300x28.png 300w, https:\/\/safina.pt\/wp-content\/uploads\/2021\/12\/compete2020_sem-cofinanciados-black-768x73.png 768w, https:\/\/safina.pt\/wp-content\/uploads\/2021\/12\/compete2020_sem-cofinanciados-black-1536x146.png 1536w, https:\/\/safina.pt\/wp-content\/uploads\/2021\/12\/compete2020_sem-cofinanciados-black.png 1920w\" sizes=\"(max-width: 1024px) 100vw, 1024px\" \/>                        <\/div>\n<\/div>[vc_empty_space][vc_column_text]Nom du projet | SAFINA ADAPT<\/p>\n<p>Code de projet | POCI-02-08B9-FEDER-068072<br \/>\nObjectif principal | Renforcer la comp\u00e9titivit\u00e9 des petites et moyennes entreprises<br \/>\nR\u00e9gion d&rsquo;intervention | Centro (R\u00e9gion centrale)<br \/>\nEntit\u00e9 b\u00e9n\u00e9ficiaire | SAFINA-SOCIEDADE INDUSTRIAL DE ALCATIFAS LDA<\/p>\n<p>Date d&rsquo;approbation 2020-06-29<br \/>\nDate de d\u00e9but | 2020-06-01<br \/>\nDate de cl\u00f4ture &#8211; 2020-11-30<br \/>\nCo\u00fbt total \u00e9ligible &#8211; 10 053,91 euros<br \/>\nSoutien financier de l&rsquo;Union europ\u00e9enne &#8211; FEDER &#8211; 5.026,96 euros<\/p>\n<p>Gr\u00e2ce \u00e0 cet investissement, SAFINA vise \u00e0<br \/>\n&#8211; Proc\u00e9der \u00e0 l&rsquo;adaptation de son \u00e9tablissement, par l&rsquo;adoption de nouvelles m\u00e9thodes d&rsquo;organisation du travail et de relation avec les clients et les fournisseurs compte tenu des nouvelles conditions d&rsquo;\u00e9loignement physique dans le contexte de la pand\u00e9mie COVID-19 et en veillant au respect des normes \u00e9tablies et des recommandations des autorit\u00e9s comp\u00e9tentes.<\/p>\n<p>Titre du projet | Partir \u00e0 l&rsquo;\u00e9tranger &#8211; SAFINA<\/p>\n<p>Code du projet | POCI-02-0752-FEDER-025679 | POCI-03-3560-FSE-025679<br \/>\nObjectif principal | Prospection et pr\u00e9sence sur les march\u00e9s internationaux (Prospection et captation de nouveaux clients)<\/p>\n<p>R\u00e9gion d&rsquo;intervention &#8211; Centre<\/p>\n<p>Entit\u00e9 b\u00e9n\u00e9ficiaire |SAFINA-SOCIEDADE INDUSTRIAL DE ALCATIFAS LDA<\/p>\n<p>Date d&rsquo;approbation : 2017-03-28<br \/>\nDate de d\u00e9but | 2017-03-03<br \/>\nDate d&rsquo;ach\u00e8vement | 2019-03-02<br \/>\nCo\u00fbt total \u00e9ligible : 280 941,17 euros<br \/>\nSoutien financier de l&rsquo;Union europ\u00e9enne &#8211; FEDER &#8211; 122.476.50 EUR | FSE &#8211; 5.262.70 EUR<\/p>\n<p>SAFINA s&rsquo;est fix\u00e9 les objectifs strat\u00e9giques suivants<br \/>\n&#8211; Commencer \u00e0 exporter la gamme d&rsquo;int\u00e9rieurs et obtenir ainsi une forte qualification sur les march\u00e9s internationaux ;<br \/>\n&#8211; Atteindre un chiffre d&rsquo;affaires proche de 14,5 millions d&rsquo;euros d&rsquo;ici 2019 ;<br \/>\n&#8211; P\u00e9n\u00e9trer et consolider sa position sur 4 nouveaux march\u00e9s extra-ib\u00e9riques ;<br \/>\n&#8211; Introduire 2 nouvelles innovations : 1 innovation marketing et 1 innovation organisationnelle.[\/vc_column_text]\t\t<\/div>\n\t<\/div>\n<\/div><\/div>[\/vc_column][\/vc_row]<\/p>\n","protected":false},"excerpt":{"rendered":"<p>[vc_row content_placement=\u00a0\u00bbtop\u00a0\u00bb row_content_width=\u00a0\u00bbgrid\u00a0\u00bb row_btt_skin=\u00a0\u00bblight\u00a0\u00bb enable_bg_pattern=\u00a0\u00bbyes\u00a0\u00bb row_background_text_position=\u00a0\u00bbfront\u00a0\u00bb row_skin=\u00a0\u00bbdark\u00a0\u00bb css=\u00a0\u00bb.vc_custom_1639050322238{padding-bottom: 150px !important;}\u00a0\u00bb][vc_column][\/vc_column][\/vc_row]<\/p>\n","protected":false},"author":7,"featured_media":10586,"parent":11922,"menu_order":0,"comment_status":"closed","ping_status":"closed","template":"","meta":{"om_disable_all_campaigns":false,"inline_featured_image":false,"_monsterinsights_skip_tracking":false,"_monsterinsights_sitenote_active":false,"_monsterinsights_sitenote_note":"","_monsterinsights_sitenote_category":0},"aioseo_notices":[],"_links":{"self":[{"href":"https:\/\/safina.pt\/fr\/wp-json\/wp\/v2\/pages\/11787"}],"collection":[{"href":"https:\/\/safina.pt\/fr\/wp-json\/wp\/v2\/pages"}],"about":[{"href":"https:\/\/safina.pt\/fr\/wp-json\/wp\/v2\/types\/page"}],"author":[{"embeddable":true,"href":"https:\/\/safina.pt\/fr\/wp-json\/wp\/v2\/users\/7"}],"replies":[{"embeddable":true,"href":"https:\/\/safina.pt\/fr\/wp-json\/wp\/v2\/comments?post=11787"}],"version-history":[{"count":2,"href":"https:\/\/safina.pt\/fr\/wp-json\/wp\/v2\/pages\/11787\/revisions"}],"predecessor-version":[{"id":12739,"href":"https:\/\/safina.pt\/fr\/wp-json\/wp\/v2\/pages\/11787\/revisions\/12739"}],"up":[{"embeddable":true,"href":"https:\/\/safina.pt\/fr\/wp-json\/wp\/v2\/pages\/11922"}],"wp:featuredmedia":[{"embeddable":true,"href":"https:\/\/safina.pt\/fr\/wp-json\/wp\/v2\/media\/10586"}],"wp:attachment":[{"href":"https:\/\/safina.pt\/fr\/wp-json\/wp\/v2\/media?parent=11787"}],"curies":[{"name":"wp","href":"https:\/\/api.w.org\/{rel}","templated":true}]}}