{"id":11792,"date":"2021-12-09T11:33:28","date_gmt":"2021-12-09T11:33:28","guid":{"rendered":"https:\/\/safina.pt\/projeto-centro-2020\/"},"modified":"2022-04-29T14:48:08","modified_gmt":"2022-04-29T14:48:08","slug":"projet-centro-2020","status":"publish","type":"page","link":"https:\/\/safina.pt\/fr\/sobre\/projet-centro-2020\/","title":{"rendered":"Projet Centro 2020"},"content":{"rendered":"<p>[vc_row content_placement=\u00a0\u00bbtop\u00a0\u00bb row_content_width=\u00a0\u00bbgrid\u00a0\u00bb row_btt_skin=\u00a0\u00bblight\u00a0\u00bb enable_bg_pattern=\u00a0\u00bbyes\u00a0\u00bb row_background_text_position=\u00a0\u00bbfront\u00a0\u00bb row_skin=\u00a0\u00bbdark\u00a0\u00bb css=\u00a0\u00bb.vc_custom_1639050322238{padding-bottom: 150px !important;}\u00a0\u00bb][vc_column]<div class=\"mkdf-elements-holder   mkdf-one-column  mkdf-responsive-mode-1024 \" ><div class=\"mkdf-eh-item  mkdf-vertical-alignment-top  \"  data-item-class=\"mkdf-eh-custom-1666\" data-1367-1600=\"0px 120px 8px 50px\" data-1025-1366=\"0px 21px 4px 40px\" data-769-1024=\"57px 260px 0 0px\" data-681-768=\"57px 120px 0 0px\" data-680=\"57px 0px 0 0px\">\n\t<div class=\"mkdf-eh-item-inner\">\n\t\t<div class=\"mkdf-eh-item-content mkdf-eh-custom-1666\" style=\"padding: 0px 90px 8px 80px\">\n\t\t\t<div class=\"mkdf-section-title-holder  mkdf-st-standard mkdf-st-title-left mkdf-st-normal-space \" >\n\t<div class=\"mkdf-st-inner\">\n                    <h6 class=\"mkdf-st-intro-title\" >\n                SUR LA SAFINA            <\/h6>\n        \t\t\t\t\t<h2 class=\"mkdf-st-title\" >\n\t\t\t\tPROJET CENTRO 2020\t\t\t<\/h2>\n\t\t\t\t\t\t\t<h5 class=\"mkdf-st-text\" style=\"font-size: 18px;line-height: 26px;font-weight: 400;margin-top: 21px\">\n\t\t\t\tCofinanc\u00e9 par:\t\t\t<\/h5>\n\t\t\t<\/div>\n<\/div>[vc_empty_space]<div class=\"mkdf-single-image-holder   \">\n    <div class=\"mkdf-si-inner\" >\n                                    <img width=\"1024\" height=\"90\" src=\"https:\/\/safina.pt\/wp-content\/uploads\/2021\/12\/centro2020_sem-cofinanciados-black-1024x90.png\" class=\"attachment-large size-large\" alt=\"\" loading=\"lazy\" srcset=\"https:\/\/safina.pt\/wp-content\/uploads\/2021\/12\/centro2020_sem-cofinanciados-black-1024x90.png 1024w, https:\/\/safina.pt\/wp-content\/uploads\/2021\/12\/centro2020_sem-cofinanciados-black-300x26.png 300w, https:\/\/safina.pt\/wp-content\/uploads\/2021\/12\/centro2020_sem-cofinanciados-black-768x67.png 768w, https:\/\/safina.pt\/wp-content\/uploads\/2021\/12\/centro2020_sem-cofinanciados-black-1536x134.png 1536w, https:\/\/safina.pt\/wp-content\/uploads\/2021\/12\/centro2020_sem-cofinanciados-black.png 1920w\" sizes=\"(max-width: 1024px) 100vw, 1024px\" \/>                        <\/div>\n<\/div>[vc_empty_space][vc_column_text]Titre du projet : Innovation &#8211; Safina<\/p>\n<p>Code projet | CENTRO-02-0853-FEDER-023429<br \/>\nCENTRO-04-3560-FSE-023429\u200b<\/p>\n<p>R\u00e9gion d&rsquo;intervention | Centro (R\u00e9gion centrale)<br \/>\nEntit\u00e9 b\u00e9n\u00e9ficiaire | SAFINA-SOCIEDADE INDUSTRIAL DE ALCATIFAS LDA<\/p>\n<p>Date d&rsquo;approbation : 2017-05-18<br \/>\nDate de d\u00e9but | 2016-10-01<br \/>\nDate de conclusion | 2018-09-30<\/p>\n<p>Co\u00fbt total \u00e9ligible : 2 047 794,25 euros<br \/>\nSoutien financier de l&rsquo;Union europ\u00e9enne FEDER &#8211; 1.219.322,55 euros<br \/>\nESF &#8211; 9.354,00 EUROS<\/p>\n<p>Ce projet na\u00eet suite \u00e0 la n\u00e9cessit\u00e9 primaire pour SAFINA de r\u00e9aliser une am\u00e9lioration technologique et infrastructurelle qui permette \u00e0 l&rsquo;entreprise d&rsquo;atteindre les objectifs op\u00e9rationnels et productifs suivants dans la production des produits actuels et nouveaux de la gamme \u00ab\u00a0ext\u00e9rieur\u00a0\u00bb et \u00e9galement de la gamme \u00ab\u00a0int\u00e9rieur\u00a0\u00bb, \u00e0 savoir<\/p>\n<p>&#8211; Am\u00e9liorer les caract\u00e9ristiques de ses produits et, par le biais du march\u00e9 sensoriel, accro\u00eetre la qualit\u00e9 extrins\u00e8que et la notori\u00e9t\u00e9 de ses produits.<br \/>\n&#8211; Augmenter la qualit\u00e9 du produit final en r\u00e9duisant le nombre de produits d\u00e9fectueux (r\u00e9duction estim\u00e9e \u00e0 70%).<br \/>\n&#8211; Augmentation de la productivit\u00e9 d&rsquo;environ 25%, avec de nouveaux \u00e9quipements et de nouvelles m\u00e9thodes.<br \/>\n&#8211; Mesures ayant un impact sur l&rsquo;efficacit\u00e9 op\u00e9rationnelle et la rationalisation des co\u00fbts, ainsi que sur l&rsquo;am\u00e9lioration de la qualit\u00e9 de vie des RH.<\/p>\n<p>Par cons\u00e9quent, il est pr\u00e9vu d&rsquo;ex\u00e9cuter ce projet pour obtenir une innovation de tous les processus de production de SAFINA.[\/vc_column_text]\t\t<\/div>\n\t<\/div>\n<\/div><\/div>[\/vc_column][\/vc_row]<\/p>\n","protected":false},"excerpt":{"rendered":"<p>[vc_row content_placement=\u00a0\u00bbtop\u00a0\u00bb row_content_width=\u00a0\u00bbgrid\u00a0\u00bb row_btt_skin=\u00a0\u00bblight\u00a0\u00bb enable_bg_pattern=\u00a0\u00bbyes\u00a0\u00bb row_background_text_position=\u00a0\u00bbfront\u00a0\u00bb row_skin=\u00a0\u00bbdark\u00a0\u00bb css=\u00a0\u00bb.vc_custom_1639050322238{padding-bottom: 150px !important;}\u00a0\u00bb][vc_column][\/vc_column][\/vc_row]<\/p>\n","protected":false},"author":7,"featured_media":10586,"parent":11922,"menu_order":0,"comment_status":"closed","ping_status":"closed","template":"","meta":{"om_disable_all_campaigns":false,"inline_featured_image":false,"_monsterinsights_skip_tracking":false,"_monsterinsights_sitenote_active":false,"_monsterinsights_sitenote_note":"","_monsterinsights_sitenote_category":0},"aioseo_notices":[],"_links":{"self":[{"href":"https:\/\/safina.pt\/fr\/wp-json\/wp\/v2\/pages\/11792"}],"collection":[{"href":"https:\/\/safina.pt\/fr\/wp-json\/wp\/v2\/pages"}],"about":[{"href":"https:\/\/safina.pt\/fr\/wp-json\/wp\/v2\/types\/page"}],"author":[{"embeddable":true,"href":"https:\/\/safina.pt\/fr\/wp-json\/wp\/v2\/users\/7"}],"replies":[{"embeddable":true,"href":"https:\/\/safina.pt\/fr\/wp-json\/wp\/v2\/comments?post=11792"}],"version-history":[{"count":4,"href":"https:\/\/safina.pt\/fr\/wp-json\/wp\/v2\/pages\/11792\/revisions"}],"predecessor-version":[{"id":12738,"href":"https:\/\/safina.pt\/fr\/wp-json\/wp\/v2\/pages\/11792\/revisions\/12738"}],"up":[{"embeddable":true,"href":"https:\/\/safina.pt\/fr\/wp-json\/wp\/v2\/pages\/11922"}],"wp:featuredmedia":[{"embeddable":true,"href":"https:\/\/safina.pt\/fr\/wp-json\/wp\/v2\/media\/10586"}],"wp:attachment":[{"href":"https:\/\/safina.pt\/fr\/wp-json\/wp\/v2\/media?parent=11792"}],"curies":[{"name":"wp","href":"https:\/\/api.w.org\/{rel}","templated":true}]}}