{"id":11810,"date":"2021-12-22T19:30:04","date_gmt":"2021-12-22T19:30:04","guid":{"rendered":"https:\/\/safina.pt\/relva-decorativa\/"},"modified":"2022-04-29T14:39:37","modified_gmt":"2022-04-29T14:39:37","slug":"gazon-decoratif","status":"publish","type":"page","link":"https:\/\/safina.pt\/fr\/produit\/gazon-decoratif\/","title":{"rendered":"Gazon D\u00e9coratif"},"content":{"rendered":"<p>[vc_row row_btt_skin=\u00a0\u00bblight\u00a0\u00bb row_background_text_position=\u00a0\u00bbfront\u00a0\u00bb row_skin=\u00a0\u00bbdark\u00a0\u00bb][vc_column]<div class=\"mkdf-ss-holder mkdf-ss-image-right mkdf-ss-break-1024 mkdf-ss-light-skin \">\n\t\t\t<div class=\"mkdf-ss-image\" style=\"background-image: url(https:\/\/safina.pt\/wp-content\/uploads\/2022\/03\/decorativa-1.jpg)\">\n\t\t\t<img width=\"2500\" height=\"1667\" src=\"https:\/\/safina.pt\/wp-content\/uploads\/2022\/03\/decorativa-1.jpg\" class=\"attachment-full size-full\" alt=\"\" loading=\"lazy\" srcset=\"https:\/\/safina.pt\/wp-content\/uploads\/2022\/03\/decorativa-1.jpg 2500w, https:\/\/safina.pt\/wp-content\/uploads\/2022\/03\/decorativa-1-300x200.jpg 300w, https:\/\/safina.pt\/wp-content\/uploads\/2022\/03\/decorativa-1-1024x683.jpg 1024w, https:\/\/safina.pt\/wp-content\/uploads\/2022\/03\/decorativa-1-768x512.jpg 768w, https:\/\/safina.pt\/wp-content\/uploads\/2022\/03\/decorativa-1-1536x1024.jpg 1536w\" sizes=\"(max-width: 2500px) 100vw, 2500px\" \/>\t\t<\/div>\n\t\t<div class=\"mkdf-ss-content\">\n        <div class=\"mkdf-ss-content-inner\">\n                            <div class=\"mkdf-ss-top-content\">\n                                            <h6 class=\"mkdf-ss-upper-subtitle\">\n                            GAZON                        <\/h6>\n                    \n                                            <h1 class=\"mkdf-ss-upper-title\">\n                            D\u00c9CORATIF                        <\/h1>\n                                    <\/div>\n                                            <\/div>\n        <div class=\"mkdf-ss-background-holder\" style=\"background-color:#1e212b\"><\/div>\n\t<\/div>\n            <div class=\"mkdf-item-background-text\">\n            <div class=\"mkdf-background-text-holder\" style=\"-webkit-text-stroke-color: rgba(255,255,255,0.61)\">\n                <div class=\"mkdf-split-text-outer\">\n                    <span class=\"mkdf-split-text-left\">\n                        <span class=\"mkdf-split-text-left-inner\">\n                            D\u00c9CORATIF                        <\/span>\n                    <\/span>\n                    <span class=\"mkdf-split-text-right\">\n                        <span class=\"mkdf-split-text-right-inner\">\n                            D\u00c9CORATIF                        <\/span>\n                    <\/span>\n                <\/div>\n            <\/div>\n        <\/div>\n    <\/div>[\/vc_column][\/vc_row][vc_row row_btt_skin=\u00a0\u00bblight\u00a0\u00bb row_background_text_position=\u00a0\u00bbfront\u00a0\u00bb row_skin=\u00a0\u00bbdark\u00a0\u00bb el_id=\u00a0\u00bbproduto-imagem-esquerda-desktop\u00a0\u00bb][vc_column]<div class=\"mkdf-elements-holder   mkdf-two-columns  mkdf-responsive-mode-1024 \" ><div class=\"mkdf-eh-item    \"  data-item-class=\"mkdf-eh-custom-2539\"     >\n\t<div class=\"mkdf-eh-item-inner\">\n\t\t<div class=\"mkdf-eh-item-content mkdf-eh-custom-2539\" style=\"padding: 0\">\n\t\t\t<div class=\"mkdf-single-image-holder   \">\n    <div class=\"mkdf-si-inner\" >\n                                    <img width=\"2560\" height=\"1707\" src=\"https:\/\/safina.pt\/wp-content\/uploads\/2022\/01\/A78I5782-scaled.jpg\" class=\"attachment-full size-full\" alt=\"\" loading=\"lazy\" srcset=\"https:\/\/safina.pt\/wp-content\/uploads\/2022\/01\/A78I5782-scaled.jpg 2560w, https:\/\/safina.pt\/wp-content\/uploads\/2022\/01\/A78I5782-300x200.jpg 300w, https:\/\/safina.pt\/wp-content\/uploads\/2022\/01\/A78I5782-1024x683.jpg 1024w, https:\/\/safina.pt\/wp-content\/uploads\/2022\/01\/A78I5782-768x512.jpg 768w, https:\/\/safina.pt\/wp-content\/uploads\/2022\/01\/A78I5782-1536x1024.jpg 1536w\" sizes=\"(max-width: 2560px) 100vw, 2560px\" \/>                        <\/div>\n<\/div>\t\t<\/div>\n\t<\/div>\n<\/div><div class=\"mkdf-eh-item   mkdf-horizontal-alignment-right \"  data-item-class=\"mkdf-eh-custom-8980\" data-1367-1600=\"5% 3%\" data-1025-1366=\"5% 3%\">\n\t<div class=\"mkdf-eh-item-inner\">\n\t\t<div class=\"mkdf-eh-item-content mkdf-eh-custom-8980\" >\n\t\t\t<div class=\"mkdf-section-title-holder  mkdf-st-standard mkdf-st-title-left mkdf-st-normal-space \" style=\"padding: 0 5%\">\n\t<div class=\"mkdf-st-inner\">\n                    <h6 class=\"mkdf-st-intro-title\" style=\"color: #8491a3\">\n                Gazon D\u00e9coratif            <\/h6>\n        \t\t\t\t\t<h2 class=\"mkdf-st-title\" style=\"color: #1e212b\">\n\t\t\t\tFor\u00eat Eco 10\t\t\t<\/h2>\n\t\t\t\t\t\t\t<h5 class=\"mkdf-st-text\" style=\"color: #1e212b;font-size: 18px;line-height: 26px;font-weight: 400;margin-top: 21px\">\n\t\t\t\tLe gazon FOR\u00caT ECO est fabriqu\u00e9 avec des fils fibrill\u00e9s, 2200 dtex, avec stabilisation UV, agr\u00e9g\u00e9s sur une maille en polypropyl\u00e8ne enduite de SBR. Disponible en 5 et 10 mm, Vert. \t\t\t<\/h5>\n\t\t\t<\/div>\n<\/div>\t\t<\/div>\n\t<\/div>\n<\/div><\/div>[\/vc_column][\/vc_row][vc_row row_btt_skin=\u00a0\u00bblight\u00a0\u00bb row_background_text_position=\u00a0\u00bbfront\u00a0\u00bb row_skin=\u00a0\u00bbdark\u00a0\u00bb el_id=\u00a0\u00bbproduto-imagem-esquerda-mobile\u00a0\u00bb][vc_column]<div class=\"mkdf-elements-holder   mkdf-two-columns  mkdf-responsive-mode-1024 \" ><div class=\"mkdf-eh-item   mkdf-horizontal-alignment-right \"  data-item-class=\"mkdf-eh-custom-5344\" data-769-1024=\"100px 25px\" data-681-768=\"100px 25px\" data-680=\"100px 25px\">\n\t<div class=\"mkdf-eh-item-inner\">\n\t\t<div class=\"mkdf-eh-item-content mkdf-eh-custom-5344\" style=\"padding: 100px 90px\">\n\t\t\t<div class=\"mkdf-section-title-holder  mkdf-st-standard mkdf-st-title-left mkdf-st-normal-space \" style=\"padding: 0 5%\">\n\t<div class=\"mkdf-st-inner\">\n                    <h6 class=\"mkdf-st-intro-title\" style=\"color: #8491a3\">\n                Relva Decorativa            <\/h6>\n        \t\t\t\t\t<h2 class=\"mkdf-st-title\" style=\"color: #1e212b\">\n\t\t\t\tFor\u00eat Eco 10\t\t\t<\/h2>\n\t\t\t\t\t\t\t<h5 class=\"mkdf-st-text\" style=\"color: #1e212b;font-size: 18px;line-height: 26px;font-weight: 400;margin-top: 21px\">\n\t\t\t\tA relva FOR\u00caT ECO \u00e9 produzida com fios fibrilados de 2200 dtex, com estabiliza\u00e7\u00e3o UV, agregados numa tela de polipropileno revestida com SBR. Dispon\u00edvel em 5 e 10 mm.\t\t\t<\/h5>\n\t\t\t<\/div>\n<\/div>\t\t<\/div>\n\t<\/div>\n<\/div><div class=\"mkdf-eh-item    \"  data-item-class=\"mkdf-eh-custom-2307\"     >\n\t<div class=\"mkdf-eh-item-inner\">\n\t\t<div class=\"mkdf-eh-item-content mkdf-eh-custom-2307\" style=\"padding: 0\">\n\t\t\t<div class=\"mkdf-single-image-holder   \">\n    <div class=\"mkdf-si-inner\" >\n                                    <img width=\"2560\" height=\"1707\" src=\"https:\/\/safina.pt\/wp-content\/uploads\/2022\/01\/A78I5782-scaled.jpg\" class=\"attachment-full size-full\" alt=\"\" loading=\"lazy\" srcset=\"https:\/\/safina.pt\/wp-content\/uploads\/2022\/01\/A78I5782-scaled.jpg 2560w, https:\/\/safina.pt\/wp-content\/uploads\/2022\/01\/A78I5782-300x200.jpg 300w, https:\/\/safina.pt\/wp-content\/uploads\/2022\/01\/A78I5782-1024x683.jpg 1024w, https:\/\/safina.pt\/wp-content\/uploads\/2022\/01\/A78I5782-768x512.jpg 768w, https:\/\/safina.pt\/wp-content\/uploads\/2022\/01\/A78I5782-1536x1024.jpg 1536w\" sizes=\"(max-width: 2560px) 100vw, 2560px\" \/>                        <\/div>\n<\/div>\t\t<\/div>\n\t<\/div>\n<\/div><\/div>[\/vc_column][\/vc_row][vc_row disable_element=\u00a0\u00bbyes\u00a0\u00bb row_btt_skin=\u00a0\u00bblight\u00a0\u00bb row_background_text_position=\u00a0\u00bbfront\u00a0\u00bb row_skin=\u00a0\u00bbdark\u00a0\u00bb][vc_column]<div class=\"mkdf-elements-holder   mkdf-two-columns  mkdf-responsive-mode-1024 \" ><div class=\"mkdf-eh-item    \"  data-item-class=\"mkdf-eh-custom-3391\" data-1367-1600=\"5% 3%\" data-1025-1366=\"5% 3%\" data-769-1024=\"100px 25px\" data-681-768=\"100px 25px\" data-680=\"100px 25px\">\n\t<div class=\"mkdf-eh-item-inner\">\n\t\t<div class=\"mkdf-eh-item-content mkdf-eh-custom-3391\" style=\"padding: 100px 90px\">\n\t\t\t<div class=\"mkdf-section-title-holder  mkdf-st-standard mkdf-st-title-left mkdf-st-normal-space \" style=\"padding: 0 5%\">\n\t<div class=\"mkdf-st-inner\">\n                    <h6 class=\"mkdf-st-intro-title\" style=\"color: #8491a3\">\n                Relva Decorativa            <\/h6>\n        \t\t\t\t\t<h2 class=\"mkdf-st-title\" style=\"color: #1e212b\">\n\t\t\t\tProduto B\t\t\t<\/h2>\n\t\t\t\t\t\t\t<h5 class=\"mkdf-st-text\" style=\"color: #1e212b;font-size: 18px;line-height: 26px;font-weight: 400;margin-top: 21px\">\n\t\t\t\tLorem ipsum dolor sit amet, consectetur adipiscing elit. Ut molestie convallis dapibus. Duis sodales elit et tortor ultrices rutrum at bibendum justo. Praesent eleifend ut mauris gravida ultricies. Mauris sit amet iaculis.\t\t\t<\/h5>\n\t\t\t<\/div>\n<\/div>\t\t<\/div>\n\t<\/div>\n<\/div><div class=\"mkdf-eh-item   mkdf-horizontal-alignment-center \"  data-item-class=\"mkdf-eh-custom-8477\"     >\n\t<div class=\"mkdf-eh-item-inner\">\n\t\t<div class=\"mkdf-eh-item-content mkdf-eh-custom-8477\" style=\"padding: 0\">\n\t\t\t<div class=\"mkdf-single-image-holder   \">\n    <div class=\"mkdf-si-inner\" >\n                                    <img width=\"2560\" height=\"1707\" src=\"https:\/\/safina.pt\/wp-content\/uploads\/2019\/01\/A78I4053-scaled.jpg\" class=\"attachment-full size-full\" alt=\"\" loading=\"lazy\" srcset=\"https:\/\/safina.pt\/wp-content\/uploads\/2019\/01\/A78I4053-scaled.jpg 2560w, https:\/\/safina.pt\/wp-content\/uploads\/2019\/01\/A78I4053-300x200.jpg 300w, https:\/\/safina.pt\/wp-content\/uploads\/2019\/01\/A78I4053-1024x683.jpg 1024w, https:\/\/safina.pt\/wp-content\/uploads\/2019\/01\/A78I4053-768x512.jpg 768w, https:\/\/safina.pt\/wp-content\/uploads\/2019\/01\/A78I4053-1536x1024.jpg 1536w\" sizes=\"(max-width: 2560px) 100vw, 2560px\" \/>                        <\/div>\n<\/div>\t\t<\/div>\n\t<\/div>\n<\/div><\/div>[\/vc_column][\/vc_row]<\/p>\n","protected":false},"excerpt":{"rendered":"<p>[vc_row row_btt_skin=\u00a0\u00bblight\u00a0\u00bb row_background_text_position=\u00a0\u00bbfront\u00a0\u00bb row_skin=\u00a0\u00bbdark\u00a0\u00bb][vc_column][\/vc_column][\/vc_row][vc_row row_btt_skin=\u00a0\u00bblight\u00a0\u00bb row_background_text_position=\u00a0\u00bbfront\u00a0\u00bb row_skin=\u00a0\u00bbdark\u00a0\u00bb el_id=\u00a0\u00bbproduto-imagem-esquerda-desktop\u00a0\u00bb][vc_column][\/vc_column][\/vc_row][vc_row row_btt_skin=\u00a0\u00bblight\u00a0\u00bb row_background_text_position=\u00a0\u00bbfront\u00a0\u00bb row_skin=\u00a0\u00bbdark\u00a0\u00bb el_id=\u00a0\u00bbproduto-imagem-esquerda-mobile\u00a0\u00bb][vc_column][\/vc_column][\/vc_row][vc_row disable_element=\u00a0\u00bbyes\u00a0\u00bb row_btt_skin=\u00a0\u00bblight\u00a0\u00bb row_background_text_position=\u00a0\u00bbfront\u00a0\u00bb row_skin=\u00a0\u00bbdark\u00a0\u00bb][vc_column][\/vc_column][\/vc_row]<\/p>\n","protected":false},"author":7,"featured_media":0,"parent":11905,"menu_order":0,"comment_status":"closed","ping_status":"closed","template":"full-width.php","meta":{"om_disable_all_campaigns":false,"inline_featured_image":false,"_monsterinsights_skip_tracking":false,"_monsterinsights_sitenote_active":false,"_monsterinsights_sitenote_note":"","_monsterinsights_sitenote_category":0},"aioseo_notices":[],"_links":{"self":[{"href":"https:\/\/safina.pt\/fr\/wp-json\/wp\/v2\/pages\/11810"}],"collection":[{"href":"https:\/\/safina.pt\/fr\/wp-json\/wp\/v2\/pages"}],"about":[{"href":"https:\/\/safina.pt\/fr\/wp-json\/wp\/v2\/types\/page"}],"author":[{"embeddable":true,"href":"https:\/\/safina.pt\/fr\/wp-json\/wp\/v2\/users\/7"}],"replies":[{"embeddable":true,"href":"https:\/\/safina.pt\/fr\/wp-json\/wp\/v2\/comments?post=11810"}],"version-history":[{"count":7,"href":"https:\/\/safina.pt\/fr\/wp-json\/wp\/v2\/pages\/11810\/revisions"}],"predecessor-version":[{"id":12735,"href":"https:\/\/safina.pt\/fr\/wp-json\/wp\/v2\/pages\/11810\/revisions\/12735"}],"up":[{"embeddable":true,"href":"https:\/\/safina.pt\/fr\/wp-json\/wp\/v2\/pages\/11905"}],"wp:attachment":[{"href":"https:\/\/safina.pt\/fr\/wp-json\/wp\/v2\/media?parent=11810"}],"curies":[{"name":"wp","href":"https:\/\/api.w.org\/{rel}","templated":true}]}}