{"id":11816,"date":"2021-12-22T19:23:59","date_gmt":"2021-12-22T19:23:59","guid":{"rendered":"https:\/\/safina.pt\/relva-desportiva\/"},"modified":"2022-04-29T14:35:59","modified_gmt":"2022-04-29T14:35:59","slug":"gazon-sportif","status":"publish","type":"page","link":"https:\/\/safina.pt\/fr\/produit\/gazon-sportif\/","title":{"rendered":"Gazon Sportif"},"content":{"rendered":"<p>[vc_row row_btt_skin=\u00a0\u00bblight\u00a0\u00bb row_background_text_position=\u00a0\u00bbfront\u00a0\u00bb row_skin=\u00a0\u00bbdark\u00a0\u00bb][vc_column]<div class=\"mkdf-ss-holder mkdf-ss-image-right mkdf-ss-break-1024 mkdf-ss-light-skin \">\n\t\t\t<div class=\"mkdf-ss-image\" style=\"background-image: url(https:\/\/safina.pt\/wp-content\/uploads\/2022\/03\/desportiva-1.jpg)\">\n\t\t\t<img width=\"2500\" height=\"1667\" src=\"https:\/\/safina.pt\/wp-content\/uploads\/2022\/03\/desportiva-1.jpg\" class=\"attachment-full size-full\" alt=\"\" loading=\"lazy\" srcset=\"https:\/\/safina.pt\/wp-content\/uploads\/2022\/03\/desportiva-1.jpg 2500w, https:\/\/safina.pt\/wp-content\/uploads\/2022\/03\/desportiva-1-300x200.jpg 300w, https:\/\/safina.pt\/wp-content\/uploads\/2022\/03\/desportiva-1-1024x683.jpg 1024w, https:\/\/safina.pt\/wp-content\/uploads\/2022\/03\/desportiva-1-768x512.jpg 768w, https:\/\/safina.pt\/wp-content\/uploads\/2022\/03\/desportiva-1-1536x1024.jpg 1536w\" sizes=\"(max-width: 2500px) 100vw, 2500px\" \/>\t\t<\/div>\n\t\t<div class=\"mkdf-ss-content\">\n        <div class=\"mkdf-ss-content-inner\">\n                            <div class=\"mkdf-ss-top-content\">\n                                            <h6 class=\"mkdf-ss-upper-subtitle\">\n                            GAZON                        <\/h6>\n                    \n                                            <h1 class=\"mkdf-ss-upper-title\">\n                            SPORTIF                        <\/h1>\n                                    <\/div>\n                                            <\/div>\n        <div class=\"mkdf-ss-background-holder\" style=\"background-color:#1e212b\"><\/div>\n\t<\/div>\n            <div class=\"mkdf-item-background-text\">\n            <div class=\"mkdf-background-text-holder\" style=\"-webkit-text-stroke-color: rgba(255,255,255,0.61)\">\n                <div class=\"mkdf-split-text-outer\">\n                    <span class=\"mkdf-split-text-left\">\n                        <span class=\"mkdf-split-text-left-inner\">\n                            SPORTIF                        <\/span>\n                    <\/span>\n                    <span class=\"mkdf-split-text-right\">\n                        <span class=\"mkdf-split-text-right-inner\">\n                            SPORTIF                        <\/span>\n                    <\/span>\n                <\/div>\n            <\/div>\n        <\/div>\n    <\/div>[\/vc_column][\/vc_row][vc_row row_btt_skin=\u00a0\u00bblight\u00a0\u00bb row_background_text_position=\u00a0\u00bbfront\u00a0\u00bb row_skin=\u00a0\u00bbdark\u00a0\u00bb el_id=\u00a0\u00bbproduto-imagem-esquerda-desktop\u00a0\u00bb][vc_column]<div class=\"mkdf-elements-holder   mkdf-two-columns  mkdf-responsive-mode-1024 \" ><div class=\"mkdf-eh-item    \"  data-item-class=\"mkdf-eh-custom-2140\"     >\n\t<div class=\"mkdf-eh-item-inner\">\n\t\t<div class=\"mkdf-eh-item-content mkdf-eh-custom-2140\" style=\"padding: 0\">\n\t\t\t<div class=\"mkdf-single-image-holder   \">\n    <div class=\"mkdf-si-inner\" >\n                                    <img width=\"2560\" height=\"1706\" src=\"https:\/\/safina.pt\/wp-content\/uploads\/2022\/01\/Relva-Safina-PRO_futebol-scaled.jpg\" class=\"attachment-full size-full\" alt=\"\" loading=\"lazy\" srcset=\"https:\/\/safina.pt\/wp-content\/uploads\/2022\/01\/Relva-Safina-PRO_futebol-scaled.jpg 2560w, https:\/\/safina.pt\/wp-content\/uploads\/2022\/01\/Relva-Safina-PRO_futebol-300x200.jpg 300w, https:\/\/safina.pt\/wp-content\/uploads\/2022\/01\/Relva-Safina-PRO_futebol-1024x683.jpg 1024w, https:\/\/safina.pt\/wp-content\/uploads\/2022\/01\/Relva-Safina-PRO_futebol-768x512.jpg 768w, https:\/\/safina.pt\/wp-content\/uploads\/2022\/01\/Relva-Safina-PRO_futebol-1536x1024.jpg 1536w\" sizes=\"(max-width: 2560px) 100vw, 2560px\" \/>                        <\/div>\n<\/div>\t\t<\/div>\n\t<\/div>\n<\/div><div class=\"mkdf-eh-item   mkdf-horizontal-alignment-right \"  data-item-class=\"mkdf-eh-custom-2137\" data-1367-1600=\"5% 3%\" data-1025-1366=\"5% 3%\">\n\t<div class=\"mkdf-eh-item-inner\">\n\t\t<div class=\"mkdf-eh-item-content mkdf-eh-custom-2137\" >\n\t\t\t<div class=\"mkdf-section-title-holder  mkdf-st-standard mkdf-st-title-left mkdf-st-normal-space \" style=\"padding: 0 5%\">\n\t<div class=\"mkdf-st-inner\">\n                    <h6 class=\"mkdf-st-intro-title\" style=\"color: #8491a3\">\n                GAZON SPORTIF            <\/h6>\n        \t\t\t\t\t<h2 class=\"mkdf-st-title\" style=\"color: #1e212b\">\n\t\t\t\tSafina PRO\t\t\t<\/h2>\n\t\t\t\t\t\t\t<h5 class=\"mkdf-st-text\" style=\"color: #1e212b;font-size: 18px;line-height: 26px;font-weight: 400;margin-top: 21px\">\n\t\t\t\tSAFINA PRO est d\u00e9di\u00e9 \u00e0 la pratique du football et du rugby. Gazon en poly\u00e9thyl\u00e8ne monofilament bicolore au profil nervur\u00e9 en forme de diamant, 13 500 dtex, cousu sur une double maille en polypropyl\u00e8ne, pour une plus grande stabilit\u00e9 dimensionnelle. Le gazon SAFINA PRO est certifi\u00e9 par la FIFA sur les terrains de toute l'Europe et r\u00e9pond aux d\u00e9fis sportifs les plus exigeants.<br \/>\n50, 60 mm | Vert<br \/>\n\t\t\t<\/h5>\n\t\t\t<\/div>\n<\/div>\t\t<\/div>\n\t<\/div>\n<\/div><\/div>[\/vc_column][\/vc_row][vc_row row_btt_skin=\u00a0\u00bblight\u00a0\u00bb row_background_text_position=\u00a0\u00bbfront\u00a0\u00bb row_skin=\u00a0\u00bbdark\u00a0\u00bb el_id=\u00a0\u00bbproduto-imagem-esquerda-mobile\u00a0\u00bb][vc_column]<div class=\"mkdf-elements-holder   mkdf-two-columns  mkdf-responsive-mode-1024 \" ><div class=\"mkdf-eh-item   mkdf-horizontal-alignment-right \"  data-item-class=\"mkdf-eh-custom-5036\" data-769-1024=\"100px 25px\" data-681-768=\"100px 25px\" data-680=\"100px 25px\">\n\t<div class=\"mkdf-eh-item-inner\">\n\t\t<div class=\"mkdf-eh-item-content mkdf-eh-custom-5036\" style=\"padding: 100px 90px\">\n\t\t\t<div class=\"mkdf-section-title-holder  mkdf-st-standard mkdf-st-title-left mkdf-st-normal-space \" style=\"padding: 0 5%\">\n\t<div class=\"mkdf-st-inner\">\n                    <h6 class=\"mkdf-st-intro-title\" style=\"color: #8491a3\">\n                GAZON SPORTIF            <\/h6>\n        \t\t\t\t\t<h2 class=\"mkdf-st-title\" style=\"color: #1e212b\">\n\t\t\t\tSafina PRO\t\t\t<\/h2>\n\t\t\t\t\t\t\t<h5 class=\"mkdf-st-text\" style=\"color: #1e212b;font-size: 18px;line-height: 26px;font-weight: 400;margin-top: 21px\">\n\t\t\t\tSAFINA PRO est d\u00e9di\u00e9 \u00e0 la pratique du football et du rugby. Gazon en poly\u00e9thyl\u00e8ne monofilament bicolore au profil nervur\u00e9 en forme de diamant, 13 500 dtex, cousu sur une double maille en polypropyl\u00e8ne, pour une plus grande stabilit\u00e9 dimensionnelle. Le gazon SAFINA PRO est certifi\u00e9 par la FIFA sur les terrains de toute l'Europe et r\u00e9pond aux d\u00e9fis sportifs les plus exigeants.<br \/>\n50, 60 mm | Vert\t\t\t<\/h5>\n\t\t\t<\/div>\n<\/div>\t\t<\/div>\n\t<\/div>\n<\/div><div class=\"mkdf-eh-item    \"  data-item-class=\"mkdf-eh-custom-1522\"     >\n\t<div class=\"mkdf-eh-item-inner\">\n\t\t<div class=\"mkdf-eh-item-content mkdf-eh-custom-1522\" style=\"padding: 0\">\n\t\t\t<div class=\"mkdf-single-image-holder   \">\n    <div class=\"mkdf-si-inner\" >\n                                    <img width=\"2560\" height=\"1706\" src=\"https:\/\/safina.pt\/wp-content\/uploads\/2022\/01\/Relva-Safina-PRO_futebol-scaled.jpg\" class=\"attachment-full size-full\" alt=\"\" loading=\"lazy\" srcset=\"https:\/\/safina.pt\/wp-content\/uploads\/2022\/01\/Relva-Safina-PRO_futebol-scaled.jpg 2560w, https:\/\/safina.pt\/wp-content\/uploads\/2022\/01\/Relva-Safina-PRO_futebol-300x200.jpg 300w, https:\/\/safina.pt\/wp-content\/uploads\/2022\/01\/Relva-Safina-PRO_futebol-1024x683.jpg 1024w, https:\/\/safina.pt\/wp-content\/uploads\/2022\/01\/Relva-Safina-PRO_futebol-768x512.jpg 768w, https:\/\/safina.pt\/wp-content\/uploads\/2022\/01\/Relva-Safina-PRO_futebol-1536x1024.jpg 1536w\" sizes=\"(max-width: 2560px) 100vw, 2560px\" \/>                        <\/div>\n<\/div>\t\t<\/div>\n\t<\/div>\n<\/div><\/div>[\/vc_column][\/vc_row][vc_row row_btt_skin=\u00a0\u00bblight\u00a0\u00bb row_background_text_position=\u00a0\u00bbfront\u00a0\u00bb row_skin=\u00a0\u00bbdark\u00a0\u00bb][vc_column]<div class=\"mkdf-elements-holder   mkdf-two-columns  mkdf-responsive-mode-1024 \" ><div class=\"mkdf-eh-item    \"  data-item-class=\"mkdf-eh-custom-6752\" data-1367-1600=\"5% 3%\" data-1025-1366=\"5% 3%\" data-769-1024=\"100px 25px\" data-681-768=\"100px 25px\" data-680=\"100px 25px\">\n\t<div class=\"mkdf-eh-item-inner\">\n\t\t<div class=\"mkdf-eh-item-content mkdf-eh-custom-6752\" style=\"padding: 100px 90px\">\n\t\t\t<div class=\"mkdf-section-title-holder  mkdf-st-standard mkdf-st-title-left mkdf-st-normal-space \" style=\"padding: 0 5%\">\n\t<div class=\"mkdf-st-inner\">\n                    <h6 class=\"mkdf-st-intro-title\" style=\"color: #8491a3\">\n                GAZON SPORTIF            <\/h6>\n        \t\t\t\t\t<h2 class=\"mkdf-st-title\" style=\"color: #1e212b\">\n\t\t\t\tSafina Extra\t\t\t<\/h2>\n\t\t\t\t\t\t\t<h5 class=\"mkdf-st-text\" style=\"color: #1e212b;font-size: 18px;line-height: 26px;font-weight: 400;margin-top: 21px\">\n\t\t\t\tSAFINA EXTRA est d\u00e9di\u00e9 \u00e0 la pratique du football et du rugby. Gazon en poly\u00e9thyl\u00e8ne monofilament bicolore au profil nervur\u00e9 central, 12 000 dtex, cousu sur une double maille en polypropyl\u00e8ne, pour une plus grande stabilit\u00e9 dimensionnelle. Le gazon SAFINA EXTRA est soumis aux tests FIFA les plus stricts et est donc id\u00e9al pour r\u00e9pondre aux exigences de n\u2019importe quelle \u00e9quipe.<br \/>\n50, 60 mm | 2 tons de vert\t\t\t<\/h5>\n\t\t\t<\/div>\n<\/div>\t\t<\/div>\n\t<\/div>\n<\/div><div class=\"mkdf-eh-item   mkdf-horizontal-alignment-center \"  data-item-class=\"mkdf-eh-custom-5425\"     >\n\t<div class=\"mkdf-eh-item-inner\">\n\t\t<div class=\"mkdf-eh-item-content mkdf-eh-custom-5425\" style=\"padding: 0\">\n\t\t\t<div class=\"mkdf-single-image-holder   \">\n    <div class=\"mkdf-si-inner\" >\n                                    <img width=\"2560\" height=\"1707\" src=\"https:\/\/safina.pt\/wp-content\/uploads\/2022\/01\/EXTRA-6013_-scaled.jpg\" class=\"attachment-full size-full\" alt=\"\" loading=\"lazy\" srcset=\"https:\/\/safina.pt\/wp-content\/uploads\/2022\/01\/EXTRA-6013_-scaled.jpg 2560w, https:\/\/safina.pt\/wp-content\/uploads\/2022\/01\/EXTRA-6013_-300x200.jpg 300w, https:\/\/safina.pt\/wp-content\/uploads\/2022\/01\/EXTRA-6013_-1024x683.jpg 1024w, https:\/\/safina.pt\/wp-content\/uploads\/2022\/01\/EXTRA-6013_-768x512.jpg 768w\" sizes=\"(max-width: 2560px) 100vw, 2560px\" \/>                        <\/div>\n<\/div>\t\t<\/div>\n\t<\/div>\n<\/div><\/div>[\/vc_column][\/vc_row]<\/p>\n","protected":false},"excerpt":{"rendered":"<p>[vc_row row_btt_skin=\u00a0\u00bblight\u00a0\u00bb row_background_text_position=\u00a0\u00bbfront\u00a0\u00bb row_skin=\u00a0\u00bbdark\u00a0\u00bb][vc_column][\/vc_column][\/vc_row][vc_row row_btt_skin=\u00a0\u00bblight\u00a0\u00bb row_background_text_position=\u00a0\u00bbfront\u00a0\u00bb row_skin=\u00a0\u00bbdark\u00a0\u00bb el_id=\u00a0\u00bbproduto-imagem-esquerda-desktop\u00a0\u00bb][vc_column][\/vc_column][\/vc_row][vc_row row_btt_skin=\u00a0\u00bblight\u00a0\u00bb row_background_text_position=\u00a0\u00bbfront\u00a0\u00bb row_skin=\u00a0\u00bbdark\u00a0\u00bb el_id=\u00a0\u00bbproduto-imagem-esquerda-mobile\u00a0\u00bb][vc_column][\/vc_column][\/vc_row][vc_row row_btt_skin=\u00a0\u00bblight\u00a0\u00bb row_background_text_position=\u00a0\u00bbfront\u00a0\u00bb row_skin=\u00a0\u00bbdark\u00a0\u00bb][vc_column][\/vc_column][\/vc_row]<\/p>\n","protected":false},"author":7,"featured_media":0,"parent":11905,"menu_order":0,"comment_status":"closed","ping_status":"closed","template":"full-width.php","meta":{"om_disable_all_campaigns":false,"inline_featured_image":false,"_monsterinsights_skip_tracking":false,"_monsterinsights_sitenote_active":false,"_monsterinsights_sitenote_note":"","_monsterinsights_sitenote_category":0},"aioseo_notices":[],"_links":{"self":[{"href":"https:\/\/safina.pt\/fr\/wp-json\/wp\/v2\/pages\/11816"}],"collection":[{"href":"https:\/\/safina.pt\/fr\/wp-json\/wp\/v2\/pages"}],"about":[{"href":"https:\/\/safina.pt\/fr\/wp-json\/wp\/v2\/types\/page"}],"author":[{"embeddable":true,"href":"https:\/\/safina.pt\/fr\/wp-json\/wp\/v2\/users\/7"}],"replies":[{"embeddable":true,"href":"https:\/\/safina.pt\/fr\/wp-json\/wp\/v2\/comments?post=11816"}],"version-history":[{"count":7,"href":"https:\/\/safina.pt\/fr\/wp-json\/wp\/v2\/pages\/11816\/revisions"}],"predecessor-version":[{"id":12733,"href":"https:\/\/safina.pt\/fr\/wp-json\/wp\/v2\/pages\/11816\/revisions\/12733"}],"up":[{"embeddable":true,"href":"https:\/\/safina.pt\/fr\/wp-json\/wp\/v2\/pages\/11905"}],"wp:attachment":[{"href":"https:\/\/safina.pt\/fr\/wp-json\/wp\/v2\/media?parent=11816"}],"curies":[{"name":"wp","href":"https:\/\/api.w.org\/{rel}","templated":true}]}}