{"id":11822,"date":"2019-03-11T08:19:51","date_gmt":"2019-03-11T08:19:51","guid":{"rendered":"https:\/\/safina.pt\/relva-paisagistica\/"},"modified":"2022-08-19T15:15:09","modified_gmt":"2022-08-19T15:15:09","slug":"gazon-paysager","status":"publish","type":"page","link":"https:\/\/safina.pt\/fr\/produit\/gazon-paysager\/","title":{"rendered":"Gazon paysager"},"content":{"rendered":"<p>[vc_row row_btt_skin=\u00a0\u00bblight\u00a0\u00bb row_background_text_position=\u00a0\u00bbfront\u00a0\u00bb row_skin=\u00a0\u00bbdark\u00a0\u00bb][vc_column]<div class=\"mkdf-ss-holder mkdf-ss-image-right mkdf-ss-break-1024 mkdf-ss-light-skin \">\n\t\t\t<div class=\"mkdf-ss-image\" style=\"background-image: url(https:\/\/safina.pt\/wp-content\/uploads\/2022\/03\/paisagistica-1.jpg)\">\n\t\t\t<img width=\"2500\" height=\"1667\" src=\"https:\/\/safina.pt\/wp-content\/uploads\/2022\/03\/paisagistica-1.jpg\" class=\"attachment-full size-full\" alt=\"\" loading=\"lazy\" srcset=\"https:\/\/safina.pt\/wp-content\/uploads\/2022\/03\/paisagistica-1.jpg 2500w, https:\/\/safina.pt\/wp-content\/uploads\/2022\/03\/paisagistica-1-300x200.jpg 300w, https:\/\/safina.pt\/wp-content\/uploads\/2022\/03\/paisagistica-1-1024x683.jpg 1024w, https:\/\/safina.pt\/wp-content\/uploads\/2022\/03\/paisagistica-1-768x512.jpg 768w, https:\/\/safina.pt\/wp-content\/uploads\/2022\/03\/paisagistica-1-1536x1024.jpg 1536w\" sizes=\"(max-width: 2500px) 100vw, 2500px\" \/>\t\t<\/div>\n\t\t<div class=\"mkdf-ss-content\">\n        <div class=\"mkdf-ss-content-inner\">\n                            <div class=\"mkdf-ss-top-content\">\n                                            <h6 class=\"mkdf-ss-upper-subtitle\">\n                            Gazon                        <\/h6>\n                    \n                                            <h1 class=\"mkdf-ss-upper-title\">\n                            PAYSAGER                        <\/h1>\n                                    <\/div>\n                                            <\/div>\n        <div class=\"mkdf-ss-background-holder\" style=\"background-color:#1e212b\"><\/div>\n\t<\/div>\n            <div class=\"mkdf-item-background-text\">\n            <div class=\"mkdf-background-text-holder\" style=\"-webkit-text-stroke-color: rgba(255,255,255,0.61)\">\n                <div class=\"mkdf-split-text-outer\">\n                    <span class=\"mkdf-split-text-left\">\n                        <span class=\"mkdf-split-text-left-inner\">\n                            Paysager                        <\/span>\n                    <\/span>\n                    <span class=\"mkdf-split-text-right\">\n                        <span class=\"mkdf-split-text-right-inner\">\n                            Paysager                        <\/span>\n                    <\/span>\n                <\/div>\n            <\/div>\n        <\/div>\n    <\/div>[\/vc_column][\/vc_row][vc_row row_btt_skin=\u00a0\u00bblight\u00a0\u00bb row_background_text_position=\u00a0\u00bbfront\u00a0\u00bb row_skin=\u00a0\u00bbdark\u00a0\u00bb el_id=\u00a0\u00bbproduto-imagem-esquerda-desktop\u00a0\u00bb][vc_column]<div class=\"mkdf-elements-holder   mkdf-two-columns  mkdf-responsive-mode-1024 \" ><div class=\"mkdf-eh-item    \"  data-item-class=\"mkdf-eh-custom-9948\"     >\n\t<div class=\"mkdf-eh-item-inner\">\n\t\t<div class=\"mkdf-eh-item-content mkdf-eh-custom-9948\" style=\"padding: 0\">\n\t\t\t<div class=\"mkdf-single-image-holder   \">\n    <div class=\"mkdf-si-inner\" >\n                                    <img width=\"2560\" height=\"1707\" src=\"https:\/\/safina.pt\/wp-content\/uploads\/2022\/01\/A78I5798-scaled.jpg\" class=\"attachment-full size-full\" alt=\"\" loading=\"lazy\" srcset=\"https:\/\/safina.pt\/wp-content\/uploads\/2022\/01\/A78I5798-scaled.jpg 2560w, https:\/\/safina.pt\/wp-content\/uploads\/2022\/01\/A78I5798-300x200.jpg 300w, https:\/\/safina.pt\/wp-content\/uploads\/2022\/01\/A78I5798-1024x683.jpg 1024w, https:\/\/safina.pt\/wp-content\/uploads\/2022\/01\/A78I5798-768x512.jpg 768w, https:\/\/safina.pt\/wp-content\/uploads\/2022\/01\/A78I5798-1536x1024.jpg 1536w\" sizes=\"(max-width: 2560px) 100vw, 2560px\" \/>                        <\/div>\n<\/div>\t\t<\/div>\n\t<\/div>\n<\/div><div class=\"mkdf-eh-item   mkdf-horizontal-alignment-right \"  data-item-class=\"mkdf-eh-custom-7804\" data-1367-1600=\"5% 3%\" data-1025-1366=\"5% 3%\">\n\t<div class=\"mkdf-eh-item-inner\">\n\t\t<div class=\"mkdf-eh-item-content mkdf-eh-custom-7804\" >\n\t\t\t<div class=\"mkdf-section-title-holder  mkdf-st-standard mkdf-st-title-left mkdf-st-normal-space \" style=\"padding: 0 5%\">\n\t<div class=\"mkdf-st-inner\">\n                    <h6 class=\"mkdf-st-intro-title\" style=\"color: #8491a3\">\n                GAZON PAYSAGER            <\/h6>\n        \t\t\t\t\t<h2 class=\"mkdf-st-title\" style=\"color: #1e212b\">\n\t\t\t\tPremium 50\t\t\t<\/h2>\n\t\t\t\t\t\t\t<h5 class=\"mkdf-st-text\" style=\"color: #1e212b;font-size: 18px;line-height: 26px;font-weight: 400;margin-top: 21px\">\n\t\t\t\tLe gazon Premium est un m\u00e9lange de fils monofilaments droits semi-textur\u00e9s, en poly\u00e9thyl\u00e8ne bicolore vert, 17 800 dtex, avec des fils en poly\u00e9thyl\u00e8ne texturis\u00e9 vert\/beige, 4500 dtex, avec stabilisation UV, agr\u00e9g\u00e9s sur une maille en polypropyl\u00e8ne enduite de SBR. Disponible en \u00e9paisseur de 50 mm, vert\/beige.\t\t\t<\/h5>\n\t\t\t<\/div>\n<\/div>\t\t<\/div>\n\t<\/div>\n<\/div><\/div>[\/vc_column][\/vc_row][vc_row row_btt_skin=\u00a0\u00bblight\u00a0\u00bb row_background_text_position=\u00a0\u00bbfront\u00a0\u00bb row_skin=\u00a0\u00bbdark\u00a0\u00bb el_id=\u00a0\u00bbproduto-imagem-esquerda-mobile\u00a0\u00bb][vc_column]<div class=\"mkdf-elements-holder   mkdf-two-columns  mkdf-responsive-mode-1024 \" ><div class=\"mkdf-eh-item   mkdf-horizontal-alignment-right \"  data-item-class=\"mkdf-eh-custom-6771\" data-769-1024=\"100px 25px\" data-681-768=\"100px 25px\" data-680=\"100px 25px\">\n\t<div class=\"mkdf-eh-item-inner\">\n\t\t<div class=\"mkdf-eh-item-content mkdf-eh-custom-6771\" style=\"padding: 100px 90px\">\n\t\t\t<div class=\"mkdf-section-title-holder  mkdf-st-standard mkdf-st-title-left mkdf-st-normal-space \" style=\"padding: 0 5%\">\n\t<div class=\"mkdf-st-inner\">\n                    <h6 class=\"mkdf-st-intro-title\" style=\"color: #8491a3\">\n                RELVA PAISAG\u00cdSTICA            <\/h6>\n        \t\t\t\t\t<h2 class=\"mkdf-st-title\" style=\"color: #1e212b\">\n\t\t\t\tPremium 50\t\t\t<\/h2>\n\t\t\t\t\t\t\t<h5 class=\"mkdf-st-text\" style=\"color: #1e212b;font-size: 18px;line-height: 26px;font-weight: 400;margin-top: 21px\">\n\t\t\t\tA relva Premium \u00e9 a mistura de fios monofilamentares recto semi-texturizados,<br \/>\nverde bicolor de polietileno com 17.800 dtex, com fios de polietileno texturizado verde\/<br \/>\nbeije de 4.500 dtex, com estabiliza\u00e7\u00e3o UV, agregados numa tela de polipropileno<br \/>\nrevestida com SBR. Dispon\u00edvel em 50 mm de espessura.\t\t\t<\/h5>\n\t\t\t<\/div>\n<\/div>\t\t<\/div>\n\t<\/div>\n<\/div><div class=\"mkdf-eh-item    \"  data-item-class=\"mkdf-eh-custom-7489\"     >\n\t<div class=\"mkdf-eh-item-inner\">\n\t\t<div class=\"mkdf-eh-item-content mkdf-eh-custom-7489\" style=\"padding: 0\">\n\t\t\t<div class=\"mkdf-single-image-holder   \">\n    <div class=\"mkdf-si-inner\" >\n                                    <img width=\"2560\" height=\"1707\" src=\"https:\/\/safina.pt\/wp-content\/uploads\/2022\/01\/A78I5798-scaled.jpg\" class=\"attachment-full size-full\" alt=\"\" loading=\"lazy\" srcset=\"https:\/\/safina.pt\/wp-content\/uploads\/2022\/01\/A78I5798-scaled.jpg 2560w, https:\/\/safina.pt\/wp-content\/uploads\/2022\/01\/A78I5798-300x200.jpg 300w, https:\/\/safina.pt\/wp-content\/uploads\/2022\/01\/A78I5798-1024x683.jpg 1024w, https:\/\/safina.pt\/wp-content\/uploads\/2022\/01\/A78I5798-768x512.jpg 768w, https:\/\/safina.pt\/wp-content\/uploads\/2022\/01\/A78I5798-1536x1024.jpg 1536w\" sizes=\"(max-width: 2560px) 100vw, 2560px\" \/>                        <\/div>\n<\/div>\t\t<\/div>\n\t<\/div>\n<\/div><\/div>[\/vc_column][\/vc_row][vc_row row_btt_skin=\u00a0\u00bblight\u00a0\u00bb row_background_text_position=\u00a0\u00bbfront\u00a0\u00bb row_skin=\u00a0\u00bbdark\u00a0\u00bb][vc_column]<div class=\"mkdf-elements-holder   mkdf-two-columns  mkdf-responsive-mode-1024 \" ><div class=\"mkdf-eh-item    \"  data-item-class=\"mkdf-eh-custom-1792\" data-1367-1600=\"5% 3%\" data-1025-1366=\"5% 3%\" data-769-1024=\"100px 25px\" data-681-768=\"100px 25px\" data-680=\"100px 25px\">\n\t<div class=\"mkdf-eh-item-inner\">\n\t\t<div class=\"mkdf-eh-item-content mkdf-eh-custom-1792\" style=\"padding: 100px 90px\">\n\t\t\t<div class=\"mkdf-section-title-holder  mkdf-st-standard mkdf-st-title-left mkdf-st-normal-space \" style=\"padding: 0 5%\">\n\t<div class=\"mkdf-st-inner\">\n                    <h6 class=\"mkdf-st-intro-title\" style=\"color: #8491a3\">\n                GAZON PAYSAGER            <\/h6>\n        \t\t\t\t\t<h2 class=\"mkdf-st-title\" style=\"color: #1e212b\">\n\t\t\t\tNATUR 50\t\t\t<\/h2>\n\t\t\t\t\t\t\t<h5 class=\"mkdf-st-text\" style=\"color: #1e212b;font-size: 18px;line-height: 26px;font-weight: 400;margin-top: 21px\">\n\t\t\t\tPlus de r\u00e9alisme, de douceur et de confort. Natur grass associe des fils droits monofilament tricolores en poly\u00e9thyl\u00e8ne d'un total de 10350 Dtex \u00e0 des fils textur\u00e9s en poly\u00e9thyl\u00e8ne de 4500 Dtex. Stabilisation UV, tuft\u00e9s dans un tissu polypropyl\u00e8ne enduit de SBR.<br \/>\nDisponible en \u00e9paisseur 50 mm en vert\/beige.\t\t\t<\/h5>\n\t\t\t<\/div>\n<\/div>\t\t<\/div>\n\t<\/div>\n<\/div><div class=\"mkdf-eh-item   mkdf-horizontal-alignment-center \"  data-item-class=\"mkdf-eh-custom-6785\"     >\n\t<div class=\"mkdf-eh-item-inner\">\n\t\t<div class=\"mkdf-eh-item-content mkdf-eh-custom-6785\" style=\"padding: 0\">\n\t\t\t<div class=\"mkdf-single-image-holder   \">\n    <div class=\"mkdf-si-inner\" >\n                                    <img src=\"https:\/\/safina.pt\/wp-content\/uploads\/2022\/08\/Natur50-scaled.jpg\" class=\"attachment-full size-full\" alt=\"\" loading=\"lazy\" \/>                        <\/div>\n<\/div>\t\t<\/div>\n\t<\/div>\n<\/div><\/div>[\/vc_column][\/vc_row][vc_row row_btt_skin=\u00a0\u00bblight\u00a0\u00bb row_background_text_position=\u00a0\u00bbfront\u00a0\u00bb row_skin=\u00a0\u00bbdark\u00a0\u00bb el_id=\u00a0\u00bbproduto-imagem-esquerda-desktop\u00a0\u00bb][vc_column]<div class=\"mkdf-elements-holder   mkdf-two-columns  mkdf-responsive-mode-1024 \" ><div class=\"mkdf-eh-item    \"  data-item-class=\"mkdf-eh-custom-1061\"     >\n\t<div class=\"mkdf-eh-item-inner\">\n\t\t<div class=\"mkdf-eh-item-content mkdf-eh-custom-1061\" style=\"padding: 0\">\n\t\t\t<div class=\"mkdf-single-image-holder   \">\n    <div class=\"mkdf-si-inner\" >\n                                    <img width=\"2560\" height=\"1707\" src=\"https:\/\/safina.pt\/wp-content\/uploads\/2022\/01\/A78I5682-scaled.jpg\" class=\"attachment-full size-full\" alt=\"\" loading=\"lazy\" srcset=\"https:\/\/safina.pt\/wp-content\/uploads\/2022\/01\/A78I5682-scaled.jpg 2560w, https:\/\/safina.pt\/wp-content\/uploads\/2022\/01\/A78I5682-300x200.jpg 300w, https:\/\/safina.pt\/wp-content\/uploads\/2022\/01\/A78I5682-1024x683.jpg 1024w, https:\/\/safina.pt\/wp-content\/uploads\/2022\/01\/A78I5682-768x512.jpg 768w\" sizes=\"(max-width: 2560px) 100vw, 2560px\" \/>                        <\/div>\n<\/div>\t\t<\/div>\n\t<\/div>\n<\/div><div class=\"mkdf-eh-item   mkdf-horizontal-alignment-right \"  data-item-class=\"mkdf-eh-custom-4346\" data-1367-1600=\"5% 3%\" data-1025-1366=\"5% 3%\">\n\t<div class=\"mkdf-eh-item-inner\">\n\t\t<div class=\"mkdf-eh-item-content mkdf-eh-custom-4346\" >\n\t\t\t<div class=\"mkdf-section-title-holder  mkdf-st-standard mkdf-st-title-left mkdf-st-normal-space \" style=\"padding: 0 5%\">\n\t<div class=\"mkdf-st-inner\">\n                    <h6 class=\"mkdf-st-intro-title\" style=\"color: #8491a3\">\n                GAZON PAYSAGER            <\/h6>\n        \t\t\t\t\t<h2 class=\"mkdf-st-title\" style=\"color: #1e212b\">\n\t\t\t\tFor\u00eat 40\t\t\t<\/h2>\n\t\t\t\t\t\t\t<h5 class=\"mkdf-st-text\" style=\"color: #1e212b;font-size: 18px;line-height: 26px;font-weight: 400;margin-top: 21px\">\n\t\t\t\tLe gazon FOR\u00caT combine des fils en poly\u00e9thyl\u00e8ne monofilaments, droits, bicolores, 3750 dtex et profil concave, avec des fils en polypropyl\u00e8ne texturis\u00e9s 3200 dtex, avec stabilisation UV, agr\u00e9g\u00e9s sur une maille en polypropyl\u00e8ne enduite de SBR. Disponible en 20, 30 e 40 mm et dans les combinaisons vert\/beige (FOR\u00caT) ou vert\/vert (FOR\u00caT VERDE).\t\t\t<\/h5>\n\t\t\t<\/div>\n<\/div>\t\t<\/div>\n\t<\/div>\n<\/div><\/div>[\/vc_column][\/vc_row][vc_row row_btt_skin=\u00a0\u00bblight\u00a0\u00bb row_background_text_position=\u00a0\u00bbfront\u00a0\u00bb row_skin=\u00a0\u00bbdark\u00a0\u00bb el_id=\u00a0\u00bbproduto-imagem-esquerda-mobile\u00a0\u00bb][vc_column]<div class=\"mkdf-elements-holder   mkdf-two-columns  mkdf-responsive-mode-1024 \" ><div class=\"mkdf-eh-item   mkdf-horizontal-alignment-right \"  data-item-class=\"mkdf-eh-custom-9736\" data-769-1024=\"100px 25px\" data-681-768=\"100px 25px\" data-680=\"100px 25px\">\n\t<div class=\"mkdf-eh-item-inner\">\n\t\t<div class=\"mkdf-eh-item-content mkdf-eh-custom-9736\" style=\"padding: 100px 90px\">\n\t\t\t<div class=\"mkdf-section-title-holder  mkdf-st-standard mkdf-st-title-left mkdf-st-normal-space \" style=\"padding: 0 5%\">\n\t<div class=\"mkdf-st-inner\">\n                    <h6 class=\"mkdf-st-intro-title\" style=\"color: #8491a3\">\n                RELVA PAISAG\u00cdSTICA            <\/h6>\n        \t\t\t\t\t<h2 class=\"mkdf-st-title\" style=\"color: #1e212b\">\n\t\t\t\tFor\u00eat 40\t\t\t<\/h2>\n\t\t\t\t\t\t\t<h5 class=\"mkdf-st-text\" style=\"color: #1e212b;font-size: 18px;line-height: 26px;font-weight: 400;margin-top: 21px\">\n\t\t\t\tA relva FOR\u00caT combina fios monofilamentares retos bicolores de polietileno com 3750 dtex e perfil c\u00f4ncavo, com fios de polipropileno texturizados de 3200 dtex, com estabiliza\u00e7\u00e3o UV, agregados numa tela de polipropileno revestida com SBR. Dispon\u00edvel em 20, 30 e 40 mm e nas combina\u00e7\u00f5es verde\/bege (FOR\u00caT) ou verde\/verde (FOR\u00caT VERDE).\t\t\t<\/h5>\n\t\t\t<\/div>\n<\/div>\t\t<\/div>\n\t<\/div>\n<\/div><div class=\"mkdf-eh-item    \"  data-item-class=\"mkdf-eh-custom-1699\"     >\n\t<div class=\"mkdf-eh-item-inner\">\n\t\t<div class=\"mkdf-eh-item-content mkdf-eh-custom-1699\" style=\"padding: 0\">\n\t\t\t<div class=\"mkdf-single-image-holder   \">\n    <div class=\"mkdf-si-inner\" >\n                                    <img src=\"https:\/\/safina.pt\/wp-content\/uploads\/2022\/08\/Natur50-scaled.jpg\" class=\"attachment-full size-full\" alt=\"\" loading=\"lazy\" \/>                        <\/div>\n<\/div>\t\t<\/div>\n\t<\/div>\n<\/div><\/div>[\/vc_column][\/vc_row][vc_row row_btt_skin=\u00a0\u00bblight\u00a0\u00bb row_background_text_position=\u00a0\u00bbfront\u00a0\u00bb row_skin=\u00a0\u00bbdark\u00a0\u00bb][vc_column]<div class=\"mkdf-elements-holder   mkdf-two-columns  mkdf-responsive-mode-1024 \" ><div class=\"mkdf-eh-item    \"  data-item-class=\"mkdf-eh-custom-5024\" data-1367-1600=\"5% 3%\" data-1025-1366=\"5% 3%\" data-769-1024=\"100px 25px\" data-681-768=\"100px 25px\" data-680=\"100px 25px\">\n\t<div class=\"mkdf-eh-item-inner\">\n\t\t<div class=\"mkdf-eh-item-content mkdf-eh-custom-5024\" style=\"padding: 100px 90px\">\n\t\t\t<div class=\"mkdf-section-title-holder  mkdf-st-standard mkdf-st-title-left mkdf-st-normal-space \" style=\"padding: 0 5%\">\n\t<div class=\"mkdf-st-inner\">\n                    <h6 class=\"mkdf-st-intro-title\" style=\"color: #8491a3\">\n                GAZON PAYSAGER            <\/h6>\n        \t\t\t\t\t<h2 class=\"mkdf-st-title\" style=\"color: #1e212b\">\n\t\t\t\tEmeraud Vert 45\t\t\t<\/h2>\n\t\t\t\t\t\t\t<h5 class=\"mkdf-st-text\" style=\"color: #1e212b;font-size: 18px;line-height: 26px;font-weight: 400;margin-top: 21px\">\n\t\t\t\tLe gazon EMERAUD provient d\u2019un m\u00e9lange de fils en poly\u00e9thyl\u00e8ne, monofilaments, droits, bicolores, 5000 dtex et profil nervur\u00e9 central, avec des fils en polypropyl\u00e8ne texturis\u00e9s, 3200 dtex, avec stabilisation UV, agr\u00e9g\u00e9s sur une maille en polypropyl\u00e8ne enduite de SBR. Disponible en 25, 35 et 45 mm et dans les combinaisons vert\/beige (EMERAUD) ou vert\/vert (EMERAUD VERDE).\t\t\t<\/h5>\n\t\t\t<\/div>\n<\/div>\t\t<\/div>\n\t<\/div>\n<\/div><div class=\"mkdf-eh-item   mkdf-horizontal-alignment-center \"  data-item-class=\"mkdf-eh-custom-8637\"     >\n\t<div class=\"mkdf-eh-item-inner\">\n\t\t<div class=\"mkdf-eh-item-content mkdf-eh-custom-8637\" style=\"padding: 0\">\n\t\t\t<div class=\"mkdf-single-image-holder   \">\n    <div class=\"mkdf-si-inner\" >\n                                    <img width=\"2560\" height=\"1707\" src=\"https:\/\/safina.pt\/wp-content\/uploads\/2022\/01\/A78I5735-scaled.jpg\" class=\"attachment-full size-full\" alt=\"\" loading=\"lazy\" srcset=\"https:\/\/safina.pt\/wp-content\/uploads\/2022\/01\/A78I5735-scaled.jpg 2560w, https:\/\/safina.pt\/wp-content\/uploads\/2022\/01\/A78I5735-300x200.jpg 300w, https:\/\/safina.pt\/wp-content\/uploads\/2022\/01\/A78I5735-1024x683.jpg 1024w, https:\/\/safina.pt\/wp-content\/uploads\/2022\/01\/A78I5735-768x512.jpg 768w, https:\/\/safina.pt\/wp-content\/uploads\/2022\/01\/A78I5735-1536x1024.jpg 1536w\" sizes=\"(max-width: 2560px) 100vw, 2560px\" \/>                        <\/div>\n<\/div>\t\t<\/div>\n\t<\/div>\n<\/div><\/div>[\/vc_column][\/vc_row]<\/p>\n","protected":false},"excerpt":{"rendered":"<p>[vc_row row_btt_skin=\u00a0\u00bblight\u00a0\u00bb row_background_text_position=\u00a0\u00bbfront\u00a0\u00bb row_skin=\u00a0\u00bbdark\u00a0\u00bb][vc_column][\/vc_column][\/vc_row][vc_row row_btt_skin=\u00a0\u00bblight\u00a0\u00bb row_background_text_position=\u00a0\u00bbfront\u00a0\u00bb row_skin=\u00a0\u00bbdark\u00a0\u00bb el_id=\u00a0\u00bbproduto-imagem-esquerda-desktop\u00a0\u00bb][vc_column][\/vc_column][\/vc_row][vc_row row_btt_skin=\u00a0\u00bblight\u00a0\u00bb row_background_text_position=\u00a0\u00bbfront\u00a0\u00bb row_skin=\u00a0\u00bbdark\u00a0\u00bb el_id=\u00a0\u00bbproduto-imagem-esquerda-mobile\u00a0\u00bb][vc_column][\/vc_column][\/vc_row][vc_row row_btt_skin=\u00a0\u00bblight\u00a0\u00bb row_background_text_position=\u00a0\u00bbfront\u00a0\u00bb row_skin=\u00a0\u00bbdark\u00a0\u00bb][vc_column][\/vc_column][\/vc_row][vc_row row_btt_skin=\u00a0\u00bblight\u00a0\u00bb row_background_text_position=\u00a0\u00bbfront\u00a0\u00bb row_skin=\u00a0\u00bbdark\u00a0\u00bb el_id=\u00a0\u00bbproduto-imagem-esquerda-desktop\u00a0\u00bb][vc_column][\/vc_column][\/vc_row][vc_row row_btt_skin=\u00a0\u00bblight\u00a0\u00bb row_background_text_position=\u00a0\u00bbfront\u00a0\u00bb row_skin=\u00a0\u00bbdark\u00a0\u00bb el_id=\u00a0\u00bbproduto-imagem-esquerda-mobile\u00a0\u00bb][vc_column][\/vc_column][\/vc_row][vc_row row_btt_skin=\u00a0\u00bblight\u00a0\u00bb row_background_text_position=\u00a0\u00bbfront\u00a0\u00bb row_skin=\u00a0\u00bbdark\u00a0\u00bb][vc_column][\/vc_column][\/vc_row]<\/p>\n","protected":false},"author":7,"featured_media":0,"parent":11905,"menu_order":0,"comment_status":"closed","ping_status":"closed","template":"full-width.php","meta":{"om_disable_all_campaigns":false,"inline_featured_image":false,"_monsterinsights_skip_tracking":false,"_monsterinsights_sitenote_active":false,"_monsterinsights_sitenote_note":"","_monsterinsights_sitenote_category":0},"aioseo_notices":[],"_links":{"self":[{"href":"https:\/\/safina.pt\/fr\/wp-json\/wp\/v2\/pages\/11822"}],"collection":[{"href":"https:\/\/safina.pt\/fr\/wp-json\/wp\/v2\/pages"}],"about":[{"href":"https:\/\/safina.pt\/fr\/wp-json\/wp\/v2\/types\/page"}],"author":[{"embeddable":true,"href":"https:\/\/safina.pt\/fr\/wp-json\/wp\/v2\/users\/7"}],"replies":[{"embeddable":true,"href":"https:\/\/safina.pt\/fr\/wp-json\/wp\/v2\/comments?post=11822"}],"version-history":[{"count":11,"href":"https:\/\/safina.pt\/fr\/wp-json\/wp\/v2\/pages\/11822\/revisions"}],"predecessor-version":[{"id":13145,"href":"https:\/\/safina.pt\/fr\/wp-json\/wp\/v2\/pages\/11822\/revisions\/13145"}],"up":[{"embeddable":true,"href":"https:\/\/safina.pt\/fr\/wp-json\/wp\/v2\/pages\/11905"}],"wp:attachment":[{"href":"https:\/\/safina.pt\/fr\/wp-json\/wp\/v2\/media?parent=11822"}],"curies":[{"name":"wp","href":"https:\/\/api.w.org\/{rel}","templated":true}]}}