{"id":11909,"date":"2021-11-17T14:10:36","date_gmt":"2021-11-17T14:10:36","guid":{"rendered":"https:\/\/safina.pt\/sobre\/"},"modified":"2021-11-17T14:10:36","modified_gmt":"2021-11-17T14:10:36","slug":"sobre","status":"publish","type":"page","link":"https:\/\/safina.pt\/fr\/sobre\/","title":{"rendered":"Sobre a Safina"},"content":{"rendered":"<p>[vc_row row_content_width=\u00a0\u00bbgrid\u00a0\u00bb row_btt_skin=\u00a0\u00bblight\u00a0\u00bb row_background_text_position=\u00a0\u00bbfront\u00a0\u00bb row_skin=\u00a0\u00bbdark\u00a0\u00bb css=\u00a0\u00bb.vc_custom_1639444373962{padding-top: 130px !important;padding-bottom: 130px !important;}\u00a0\u00bb simple_background_color=\u00a0\u00bb#1e212b\u00a0\u00bb el_id=\u00a0\u00bbsobre-foto\u00a0\u00bb][vc_column offset=\u00a0\u00bbvc_col-lg-offset-0 vc_col-lg-6 vc_col-md-offset-0 vc_col-md-12 vc_col-sm-offset-0&Prime; el_class=\u00a0\u00bbmkdf-appearing-section mkdf-custom-column-image\u00a0\u00bb]<div class=\"mkdf-elements-holder   mkdf-one-column  mkdf-responsive-mode-768 \" ><div class=\"mkdf-eh-item    \"  data-item-class=\"mkdf-eh-custom-4168\" data-769-1024=\"0 35px 0 35px\" data-681-768=\"0 35px 0 35px\" data-680=\"0 15px 0 15px\">\n\t<div class=\"mkdf-eh-item-inner\">\n\t\t<div class=\"mkdf-eh-item-content mkdf-eh-custom-4168\" style=\"padding: 0 0 0 28px\">\n\t\t\t<div class=\"mkdf-single-image-holder   \">\n    <div class=\"mkdf-si-inner\" >\n                                    <img width=\"799\" height=\"558\" src=\"https:\/\/safina.pt\/wp-content\/uploads\/2019\/01\/78I9417-scaled-e1639443769377.jpg\" class=\"attachment-full size-full\" alt=\"\" loading=\"lazy\" srcset=\"https:\/\/safina.pt\/wp-content\/uploads\/2019\/01\/78I9417-scaled-e1639443769377.jpg 799w, https:\/\/safina.pt\/wp-content\/uploads\/2019\/01\/78I9417-scaled-e1639443769377-300x210.jpg 300w, https:\/\/safina.pt\/wp-content\/uploads\/2019\/01\/78I9417-scaled-e1639443769377-768x536.jpg 768w\" sizes=\"(max-width: 799px) 100vw, 799px\" \/>                        <\/div>\n<\/div>\t\t<\/div>\n\t<\/div>\n<\/div><\/div>[\/vc_column][vc_column offset=\u00a0\u00bbvc_col-lg-offset-0 vc_col-lg-6 vc_col-md-offset-0 vc_col-md-12 vc_col-sm-offset-0&Prime;]<div class=\"mkdf-elements-holder   mkdf-one-column  mkdf-responsive-mode-768 \" ><div class=\"mkdf-eh-item    \"  data-item-class=\"mkdf-eh-custom-5334\" data-1367-1600=\"46px 100px 0 50px\" data-1025-1366=\"21px 0px 0 50px\" data-769-1024=\"76px 260px 0px 0px\" data-681-768=\"76px 120px 0px 0px\" data-680=\"76px 0px 0px 0px\">\n\t<div class=\"mkdf-eh-item-inner\">\n\t\t<div class=\"mkdf-eh-item-content mkdf-eh-custom-5334\" style=\"padding: 46px 90px 0 50px\">\n\t\t\t[vc_column_text]<\/p>\n<h6><span style=\"color: #8491a3;\">SOBRE A SAFINA<\/span><\/h6>\n<p><span style=\"color: #f7fff6;\">A Safina, fundada em 1971, especializou-se inicialmente na produ\u00e7\u00e3o de alcatifas, passadeiras e tapetes. Ao longo do tempo, alargou a sua atividade para as \u00e1reas de extrus\u00e3o de fios sint\u00e9ticos e fabrico de tapetes em cairo. Em 1996, iniciou-se o fabrico e comercializa\u00e7\u00e3o de relva artificial decorativa, alargando-se a atividade, em 2006, para o fabrico de relva artificial desportiva e paisag\u00edstica.<\/span>[\/vc_column_text][vc_empty_space]<a itemprop=\"url\" href=\"#objectivos-estrategicos\" target=\"_self\" style=\"color: #ffffff;padding: 7px 38px\" class=\"mkdf-btn mkdf-btn-medium mkdf-btn-solid\"  >\n    <span class=\"mkdf-btn-text\">Ler Mais<\/span>\n    <\/a>\t\t<\/div>\n\t<\/div>\n<\/div><\/div>[\/vc_column][\/vc_row][vc_row row_btt_skin=\u00a0\u00bblight\u00a0\u00bb row_background_text_position=\u00a0\u00bbfront\u00a0\u00bb row_background_text_align=\u00a0\u00bbleft\u00a0\u00bb row_skin=\u00a0\u00bbdark\u00a0\u00bb row_background_text_1=\u00a0\u00bbInstala\u00e7\u00f5es\u00a0\u00bb row_background_text_size=\u00a0\u00bb10em\u00a0\u00bb row_background_text_padding_left=\u00a0\u00bb9%\u00a0\u00bb row_background_text_padding_top=\u00a0\u00bb4%\u00a0\u00bb row_background_text_padding_left_1440=\u00a0\u00bb9%\u00a0\u00bb row_background_text_size_1280=\u00a0\u00bb7em\u00a0\u00bb row_background_text_padding_left_1280=\u00a0\u00bb9%\u00a0\u00bb row_background_text_size_1440=\u00a0\u00bb9m\u00a0\u00bb row_background_text_color=\u00a0\u00bbrgba(222,223,224,0.6)\u00a0\u00bb simple_background_color=\u00a0\u00bb#8491a3&Prime; row_background_text_padding_top_1440=\u00a0\u00bb9%\u00a0\u00bb row_background_text_padding_top_1280=\u00a0\u00bb9%\u00a0\u00bb][vc_column]<div class=\"mkdf-elements-holder   mkdf-one-column  mkdf-responsive-mode-768 \" ><div class=\"mkdf-eh-item    \"  data-item-class=\"mkdf-eh-custom-4991\" data-1367-1600=\"151px 0 0 155px\" data-1025-1366=\"151px 0 0 11%\" data-769-1024=\"76px 0 6px 116px\" data-681-768=\"76px 0 6px 72px\" data-680=\"78px 0 11px 35px\">\n\t<div class=\"mkdf-eh-item-inner\">\n\t\t<div class=\"mkdf-eh-item-content mkdf-eh-custom-4991\" style=\"padding: 152px 0 0 405px\">\n\t\t\t[vc_column_text]<\/p>\n<h1>Instala\u00e7\u00f5es<\/h1>\n<p>[\/vc_column_text]\t\t<\/div>\n\t<\/div>\n<\/div><\/div>[\/vc_column][\/vc_row][vc_row row_btt_skin=\u00a0\u00bblight\u00a0\u00bb row_background_text_position=\u00a0\u00bbfront\u00a0\u00bb row_skin=\u00a0\u00bbdark\u00a0\u00bb css=\u00a0\u00bb.vc_custom_1639444576558{padding-top: 43px !important;}\u00a0\u00bb simple_background_color=\u00a0\u00bb#8491a3&Prime; el_id=\u00a0\u00bbinstalacoes-fotos\u00a0\u00bb][vc_column]<div class=\"mkdf-elements-holder   mkdf-one-column  mkdf-responsive-mode-768 \" ><div class=\"mkdf-eh-item    \"  data-item-class=\"mkdf-eh-custom-8142\" data-1367-1600=\"0 5px 0 5px\" data-1025-1366=\"0 0px 0 0px\" data-769-1024=\"0 87px 5px 87px\" data-681-768=\"0 51px 50px 51px\" data-680=\"0 4px 75px 4px\">\n\t<div class=\"mkdf-eh-item-inner\">\n\t\t<div class=\"mkdf-eh-item-content mkdf-eh-custom-8142\" style=\"padding: 0 4px 0 4px\">\n\t\t\t<div class=\"mkdf-triple-frame-image-highlight-holder   mkdf-tfih-with-nav\">\n    <div class=\"mkdf-triple-frame-image-highlight\">\n        <div class=\"mkdf-tfih-inner\">\n                                        <div class=\"mkdf-tfih-image-holder mkdf-tfih-centered-image-holder\">\n                                                            <img class=\"mkdf-tfih-centered-image\" \n                        src=\"https:\/\/safina.pt\/wp-content\/uploads\/2021\/12\/instalacoes-3-1.jpg\" \n                        alt=\"instalacoes-3\" \/>\n                <\/div>\n                            <div class=\"mkdf-tfih-image-holder mkdf-tfih-left-image-holder\">\n                                                            <img class=\"mkdf-tfih-left-image\" \n                        src=\"https:\/\/safina.pt\/wp-content\/uploads\/2021\/12\/instalacoes-1-1.jpg\" \n                        alt=\"instalacoes-1\" \/>\n                <\/div>\n                            <div class=\"mkdf-tfih-image-holder mkdf-tfih-right-image-holder\">\n                                                            <img class=\"mkdf-tfih-right-image\" \n                        src=\"https:\/\/safina.pt\/wp-content\/uploads\/2021\/12\/instalacoes-2-1.jpg\" \n                        alt=\"instalacoes-2\" \/>\n                <\/div>\n                    <\/div>\n        <div class=\"mkdf-tfih-left-trigger\"><\/div>\n        <div class=\"mkdf-tfih-right-trigger\"><\/div>\n    <\/div>\n            <span class=\"mkdf-tfih-nav mkdf-tfih-left\">\n            <span class=\"arrow_carrot-left\"><\/span>\n        <\/span>\n        <span class=\"mkdf-tfih-nav mkdf-tfih-right\">\n            <span class=\"arrow_carrot-right\"><\/span>\n        <\/span>\n    <\/div>\n\t\t<\/div>\n\t<\/div>\n<\/div><\/div>[\/vc_column][\/vc_row][vc_row row_btt_skin=\u00a0\u00bblight\u00a0\u00bb content_text_aligment=\u00a0\u00bbcenter\u00a0\u00bb row_background_text_position=\u00a0\u00bbfront\u00a0\u00bb row_skin=\u00a0\u00bbdark\u00a0\u00bb simple_background_color=\u00a0\u00bb#1e212b\u00a0\u00bb css=\u00a0\u00bb.vc_custom_1639444909895{margin-top: -200px !important;padding-top: 130px !important;padding-bottom: 130px !important;}\u00a0\u00bb][vc_column][vc_empty_space][\/vc_column][\/vc_row][vc_row row_content_width=\u00a0\u00bbgrid\u00a0\u00bb row_btt_skin=\u00a0\u00bblight\u00a0\u00bb row_background_text_position=\u00a0\u00bbfront\u00a0\u00bb css=\u00a0\u00bb.vc_custom_1639509316710{padding-top: 150px !important;padding-bottom: 31px !important;}\u00a0\u00bb el_id=\u00a0\u00bbsobre-pessoas-valores\u00a0\u00bb][vc_column]<div class=\"mkdf-elements-holder   mkdf-three-columns  mkdf-responsive-mode-1024 \" ><div class=\"mkdf-eh-item    \"  data-item-class=\"mkdf-eh-custom-1169\" data-769-1024=\"0 0px 0px 0\" data-681-768=\"0 0px 0px 0\" data-680=\"0 0px 0px 0\">\n\t<div class=\"mkdf-eh-item-inner\">\n\t\t<div class=\"mkdf-eh-item-content mkdf-eh-custom-1169\" style=\"padding: 0 20px 0px 0\">\n\t\t\t<div class=\"mkdf-single-image-holder   \">\n    <div class=\"mkdf-si-inner\" >\n                                    <img src=\"https:\/\/safina.pt\/wp-content\/uploads\/2021\/11\/Capturejjj-400x400.png\" alt=\"\" width=\"400\" height=\"400\" \/>                        <\/div>\n<\/div>\t\t<\/div>\n\t<\/div>\n<\/div><div class=\"mkdf-eh-item    \"  data-item-class=\"mkdf-eh-custom-9254\" data-769-1024=\"60px 0px 60px 0px\" data-681-768=\"60px 0px 60px 0px\" data-680=\"60px 0px 60px 0px\">\n\t<div class=\"mkdf-eh-item-inner\">\n\t\t<div class=\"mkdf-eh-item-content mkdf-eh-custom-9254\" style=\"padding: 0 11px 0px 11px\">\n\t\t\t<div class=\"mkdf-iwt clearfix  mkdf-iwt-icon-top-centered mkdf-iwt-boxed mkdf-iwt-icon-medium\" >\n\t<div class=\"mkdf-iwt-icon\">\n\t\t\t\t\t\t\t\t\t    <span class=\"mkdf-icon-shortcode mkdf-normal   mkdf-icon-medium\"  >\n                    <span aria-hidden=\"true\" class=\"mkdf-icon-linear-icons lnr lnr-users mkdf-icon-element\" style=\"\" ><\/span>            <\/span>\n\t\t\t\t\t\t<\/div>\n\t<div class=\"mkdf-iwt-content\" style=\"padding-top: px\">\n        \t\t\t\t\t<h4 class=\"mkdf-iwt-title\" style=\"margin-top: -4px\">\n\t\t\t\t\t\t\t\t<span class=\"mkdf-iwt-title-text\">Pessoas<\/span>\n\t\t\t\t\t\t\t<\/h4>\n\t\t\t\t\t\t\t<p class=\"mkdf-iwt-text\" style=\"margin-top: 14px\">A Safina tem um quadro que re\u00fane mais de 100 profissionais especializados, altamente comprometidos e dedicados a satisfazer as necessidades de mais de 500 clientes nacionais e internacionais.<\/p>\n\t\t\t<\/div>\n<\/div>\t\t<\/div>\n\t<\/div>\n<\/div><div class=\"mkdf-eh-item    \"  data-item-class=\"mkdf-eh-custom-7715\" data-769-1024=\"0 0px 28px 0px\" data-681-768=\"0 0px 28px 0px\" data-680=\"0 0px 28px 0px\">\n\t<div class=\"mkdf-eh-item-inner\">\n\t\t<div class=\"mkdf-eh-item-content mkdf-eh-custom-7715\" style=\"padding: 0 0px 0px 19px\">\n\t\t\t<div class=\"mkdf-single-image-holder   \">\n    <div class=\"mkdf-si-inner\" >\n                                    <img src=\"https:\/\/safina.pt\/wp-content\/uploads\/2021\/11\/iuoi-400x400.png\" alt=\"\" width=\"400\" height=\"400\" \/>                        <\/div>\n<\/div>\t\t<\/div>\n\t<\/div>\n<\/div><\/div>[\/vc_column][\/vc_row][vc_row row_content_width=\u00a0\u00bbgrid\u00a0\u00bb row_btt_skin=\u00a0\u00bblight\u00a0\u00bb row_background_text_position=\u00a0\u00bbfront\u00a0\u00bb css=\u00a0\u00bb.vc_custom_1639509327969{padding-bottom: 31px !important;}\u00a0\u00bb el_id=\u00a0\u00bbsobre-pessoas-valores\u00a0\u00bb][vc_column]<div class=\"mkdf-elements-holder   mkdf-three-columns  mkdf-responsive-mode-1024 \" ><div class=\"mkdf-eh-item    \"  data-item-class=\"mkdf-eh-custom-3192\" data-769-1024=\"0px 0px 28px 0px\" data-681-768=\"0px 0px 28px 0px\" data-680=\"0px 0px 28px 0px\">\n\t<div class=\"mkdf-eh-item-inner\">\n\t\t<div class=\"mkdf-eh-item-content mkdf-eh-custom-3192\" style=\"padding: 0 0px 0px 19px\">\n\t\t\t<div class=\"mkdf-iwt clearfix  mkdf-iwt-icon-top-centered mkdf-iwt-boxed mkdf-iwt-icon-medium\" >\n\t<div class=\"mkdf-iwt-icon\">\n\t\t\t\t\t\t\t\t\t    <span class=\"mkdf-icon-shortcode mkdf-normal   mkdf-icon-medium\"  >\n                    <span aria-hidden=\"true\" class=\"mkdf-icon-linear-icons lnr lnr-heart mkdf-icon-element\" style=\"\" ><\/span>            <\/span>\n\t\t\t\t\t\t<\/div>\n\t<div class=\"mkdf-iwt-content\" style=\"padding-top: px\">\n        \t\t\t\t\t<h4 class=\"mkdf-iwt-title\" style=\"margin-top: -4px\">\n\t\t\t\t\t\t\t\t<span class=\"mkdf-iwt-title-text\">Valores<\/span>\n\t\t\t\t\t\t\t<\/h4>\n\t\t\t\t\t\t\t<p class=\"mkdf-iwt-text\" style=\"margin-top: 14px\">A qualidade \u00e9 apenas o ponto de partida para a satisfa\u00e7\u00e3o: a transpar\u00eancia na comunica\u00e7\u00e3o e nas rela\u00e7\u00f5es, assim como o compromisso com clientes, colaboradores e parceiros de neg\u00f3cios s\u00e3o reflexo dos valores Safina.<\/p>\n\t\t\t<\/div>\n<\/div>\t\t<\/div>\n\t<\/div>\n<\/div><div class=\"mkdf-eh-item    \"  data-item-class=\"mkdf-eh-custom-6140\" data-769-1024=\"60px 0px 60px 0px\" data-681-768=\"60px 0px 60px 0px\" data-680=\"60px 0px 60px 0px\">\n\t<div class=\"mkdf-eh-item-inner\">\n\t\t<div class=\"mkdf-eh-item-content mkdf-eh-custom-6140\" style=\"padding: 0 11px 0px 11px\">\n\t\t\t<div class=\"mkdf-single-image-holder   \">\n    <div class=\"mkdf-si-inner\" >\n                                    <img src=\"https:\/\/safina.pt\/wp-content\/uploads\/2021\/11\/iii-400x400.png\" alt=\"\" width=\"400\" height=\"400\" \/>                        <\/div>\n<\/div>\t\t<\/div>\n\t<\/div>\n<\/div><div class=\"mkdf-eh-item    \"  data-item-class=\"mkdf-eh-custom-8441\" data-769-1024=\"0 0px 0px 0\" data-681-768=\"0 0px 0px 0\" data-680=\"0 0px 0px 0\">\n\t<div class=\"mkdf-eh-item-inner\">\n\t\t<div class=\"mkdf-eh-item-content mkdf-eh-custom-8441\" style=\"padding: 0 20px 0px 0\">\n\t\t\t<div class=\"mkdf-iwt clearfix  mkdf-iwt-icon-top-centered mkdf-iwt-boxed mkdf-iwt-icon-medium\" >\n\t<div class=\"mkdf-iwt-icon\">\n\t\t\t\t\t\t\t\t\t    <span class=\"mkdf-icon-shortcode mkdf-normal   mkdf-icon-medium\"  >\n                    <span aria-hidden=\"true\" class=\"mkdf-icon-linear-icons lnr lnr-book mkdf-icon-element\" style=\"\" ><\/span>            <\/span>\n\t\t\t\t\t\t<\/div>\n\t<div class=\"mkdf-iwt-content\" style=\"padding-top: px\">\n        \t\t\t\t\t<h4 class=\"mkdf-iwt-title\" style=\"margin-top: -4px\">\n\t\t\t\t\t\t\t\t<span class=\"mkdf-iwt-title-text\">Know How<\/span>\n\t\t\t\t\t\t\t<\/h4>\n\t\t\t\t\t\t\t<p class=\"mkdf-iwt-text\" style=\"margin-top: 14px\">Rigor e profissionalismo, aliado ao conhecimento s\u00f3lido de meio s\u00e9culo de experi\u00eancia, faz da Safina um dos players de mais relevo no mercado Ib\u00e9rico.<\/p>\n\t\t\t<\/div>\n<\/div>\t\t<\/div>\n\t<\/div>\n<\/div><\/div>[\/vc_column][\/vc_row][vc_row row_btt_skin=\u00a0\u00bblight\u00a0\u00bb row_background_text_position=\u00a0\u00bbfront\u00a0\u00bb row_background_text_vertical_align=\u00a0\u00bbtop\u00a0\u00bb row_skin=\u00a0\u00bbdark\u00a0\u00bb css=\u00a0\u00bb.vc_custom_1640358837369{padding-top: 0px !important;padding-bottom: 102px !important;}\u00a0\u00bb el_class=\u00a0\u00bbmkdf-gray-text\u00a0\u00bb row_background_text_1=\u00a0\u00bbObjectivos\u00a0\u00bb row_background_text_size=\u00a0\u00bb180px\u00a0\u00bb row_background_text_size_1440=\u00a0\u00bb160px\u00a0\u00bb row_background_text_size_1280=\u00a0\u00bb160px\u00a0\u00bb row_background_text_padding_top=\u00a0\u00bb65px\u00a0\u00bb row_background_text_padding_top_1440=\u00a0\u00bb68px\u00a0\u00bb row_background_text_padding_top_1280=\u00a0\u00bb64px\u00a0\u00bb row_background_text_padding_left=\u00a0\u00bb104px\u00a0\u00bb row_background_text_padding_left_1440=\u00a0\u00bb3.2%\u00a0\u00bb row_background_text_padding_left_1280=\u00a0\u00bb4%\u00a0\u00bb el_id=\u00a0\u00bbobjectivos-estrategicos\u00a0\u00bb][vc_column el_class=\u00a0\u00bbcontainner\u00a0\u00bb]<div class=\"mkdf-elements-holder mkdf-row-grid-section  mkdf-one-column  mkdf-responsive-mode-1024 \" ><div class=\"mkdf-eh-item    \"  data-item-class=\"mkdf-eh-custom-7394\" data-1367-1600=\"133px 0 0px 76px\" data-1025-1366=\"117px 0 0 8.1%\" data-769-1024=\"95px 0 0 118px\" data-681-768=\"95px 0 0 72px\" data-680=\"95px 0 0 35px\">\n\t<div class=\"mkdf-eh-item-inner\">\n\t\t<div class=\"mkdf-eh-item-content mkdf-eh-custom-7394\" style=\"padding: 125px 0 0px 152px\">\n\t\t\t[vc_column_text]<\/p>\n<h2>Objectivos Estrat\u00e9gicos<\/h2>\n<p>[\/vc_column_text]\t\t<\/div>\n\t<\/div>\n<\/div><\/div>[\/vc_column][\/vc_row][vc_row row_content_width=\u00a0\u00bbgrid\u00a0\u00bb row_btt_skin=\u00a0\u00bblight\u00a0\u00bb row_background_text_position=\u00a0\u00bbfront\u00a0\u00bb row_skin=\u00a0\u00bbdark\u00a0\u00bb css=\u00a0\u00bb.vc_custom_1640357859073{padding-top: 0px !important;padding-bottom: 102px !important;}\u00a0\u00bb el_class=\u00a0\u00bbmkdf-gray-text\u00a0\u00bb el_id=\u00a0\u00bb50-anos\u00a0\u00bb][vc_column el_class=\u00a0\u00bbcontainner\u00a0\u00bb]<div class=\"mkdf-elements-holder mkdf-row-grid-section  mkdf-one-column  mkdf-responsive-mode-1024 \" ><div class=\"mkdf-eh-item    \"  data-item-class=\"mkdf-eh-custom-9371\">\n\t<div class=\"mkdf-eh-item-inner\">\n\t\t<div class=\"mkdf-eh-item-content mkdf-eh-custom-9371\" >\n\t\t\t[vc_column_text]A 10 de Fevereiro de 1971 a Safina &#8211; Sociedade Industrial de Alcatifas, abria portas em Cortega\u00e7a, Ovar. Especializou-se, inicialmente, na produ\u00e7\u00e3o de alcatifas, passadeiras e tapetes, e ao longo do tempo alargou a sua atividade para as \u00e1reas de extrus\u00e3o de fios sint\u00e9ticos e fabrico de tapetes em cairo. Em 1996, iniciou-se no fabrico e comercializa\u00e7\u00e3o de relva artificial decorativa, estendendo a atividade, em 2006, para o fabrico de relva artificial desportiva e paisag\u00edstica, que corresponde, atualmente, a cerca de 80% da produ\u00e7\u00e3o da empresa.[\/vc_column_text]\t\t<\/div>\n\t<\/div>\n<\/div><\/div>[\/vc_column][\/vc_row][vc_row row_content_width=\u00a0\u00bbgrid\u00a0\u00bb row_btt_skin=\u00a0\u00bblight\u00a0\u00bb row_background_text_position=\u00a0\u00bbfront\u00a0\u00bb row_skin=\u00a0\u00bbdark\u00a0\u00bb css=\u00a0\u00bb.vc_custom_1640357865992{padding-top: 0px !important;padding-bottom: 102px !important;}\u00a0\u00bb el_class=\u00a0\u00bbmkdf-gray-text\u00a0\u00bb el_id=\u00a0\u00bbsobre-blockquote\u00a0\u00bb][vc_column el_class=\u00a0\u00bbcontainner\u00a0\u00bb]<div class=\"mkdf-elements-holder mkdf-row-grid-section  mkdf-one-column  mkdf-responsive-mode-1024 \" ><div class=\"mkdf-eh-item    \"  data-item-class=\"mkdf-eh-custom-2167\">\n\t<div class=\"mkdf-eh-item-inner\">\n\t\t<div class=\"mkdf-eh-item-content mkdf-eh-custom-2167\" >\n\t\t\t[vc_column_text]<\/p>\n<blockquote><p><span style=\"color: #d11217;\"><em>A nossa vantagem competitiva \u00e9 o bom relacionamento que promovemos com os nossos clientes.<br \/>\n<\/em><\/span><span style=\"text-align: right;\">Ac\u00e1cio Coelho, Administrador da Safina<\/span><\/p><\/blockquote>\n<p>[\/vc_column_text]\t\t<\/div>\n\t<\/div>\n<\/div><\/div>[\/vc_column][\/vc_row][vc_row row_content_width=\u00a0\u00bbgrid\u00a0\u00bb row_btt_skin=\u00a0\u00bblight\u00a0\u00bb row_background_text_position=\u00a0\u00bbfront\u00a0\u00bb row_skin=\u00a0\u00bbdark\u00a0\u00bb css=\u00a0\u00bb.vc_custom_1640357872312{padding-top: 0px !important;padding-bottom: 102px !important;}\u00a0\u00bb el_class=\u00a0\u00bbmkdf-gray-text\u00a0\u00bb][vc_column el_class=\u00a0\u00bbcontainner\u00a0\u00bb]<div class=\"mkdf-elements-holder mkdf-row-grid-section  mkdf-one-column  mkdf-responsive-mode-1024 \" ><div class=\"mkdf-eh-item    \"  data-item-class=\"mkdf-eh-custom-9410\">\n\t<div class=\"mkdf-eh-item-inner\">\n\t\t<div class=\"mkdf-eh-item-content mkdf-eh-custom-9410\" >\n\t\t\t[vc_column_text]A Safina \u00e9 um dos players mais relevantes do mercado na Pen\u00ednsula Ib\u00e9rica, comercializando tamb\u00e9m para outros mercados europeus e n\u00e3o s\u00f3: Austr\u00e1lia, Marrocos, Arg\u00e9lia e Qatar s\u00e3o outros destinos com produ\u00e7\u00f5es Safina, nomeadamente recintos de futebol, eventos e jardins, entre outros servi\u00e7os. A produ\u00e7\u00e3o de alcatifas constitui ainda 20% da produ\u00e7\u00e3o da Safina, destinados, sobretudo, ao mercado multipre\u00e7o<\/p>\n<p>Ao longo de 50 anos de experi\u00eancia foram muitas as conquistas, das quais se destacam:<\/p>\n<p>&#8211; A Certifica\u00e7\u00e3o do Sistema de Gest\u00e3o da Qualidade da empresa pela Norma ISO9001:2015, bem como a concretiza\u00e7\u00e3o de um alargado plano de moderniza\u00e7\u00e3o dos sistemas e tecnologias fabris (investimento global superior a 5 M\u20ac no per\u00edodo 2008-2011);<\/p>\n<p>&#8211; A assinatura Safina no primeiro grande concurso de fornecimento de relva artificial para futebol em Portugal, num total de 38 campos no Distrito de Braga entre 2009 e 2010.<\/p>\n<p>&#8211; A integra\u00e7\u00e3o como membro ESTC (EMEA Synthetic Turf Council) e, mais recentemente, a parceria com fornecedores certificados pela FIFA.<\/p>\n<p>Hoje, valores como a qualidade, o compromisso e a proximidade sustentam a longevidade de um neg\u00f3cio que, mesmo em expans\u00e3o, n\u00e3o perde a ess\u00eancia. Com uma equipa de cerca de 100 colaboradores e uma carteira de aproximadamente 500 clientes nacionais e internacionais, o fator de diferencia\u00e7\u00e3o est\u00e1 na proximidade com que continuam a tratar uns e outros.[\/vc_column_text]\t\t<\/div>\n\t<\/div>\n<\/div><\/div>[\/vc_column][\/vc_row]<\/p>\n","protected":false},"excerpt":{"rendered":"<p>[vc_row row_content_width=\u00a0\u00bbgrid\u00a0\u00bb row_btt_skin=\u00a0\u00bblight\u00a0\u00bb row_background_text_position=\u00a0\u00bbfront\u00a0\u00bb row_skin=\u00a0\u00bbdark\u00a0\u00bb css=\u00a0\u00bb.vc_custom_1639444373962{padding-top: 130px !important;padding-bottom: 130px !important;}\u00a0\u00bb simple_background_color=\u00a0\u00bb#1e212b\u00a0\u00bb el_id=\u00a0\u00bbsobre-foto\u00a0\u00bb][vc_column offset=\u00a0\u00bbvc_col-lg-offset-0 vc_col-lg-6 vc_col-md-offset-0 vc_col-md-12 vc_col-sm-offset-0&Prime; el_class=\u00a0\u00bbmkdf-appearing-section mkdf-custom-column-image\u00a0\u00bb][\/vc_column][vc_column offset=\u00a0\u00bbvc_col-lg-offset-0 vc_col-lg-6 vc_col-md-offset-0 vc_col-md-12 vc_col-sm-offset-0&Prime;][\/vc_column][\/vc_row][vc_row row_btt_skin=\u00a0\u00bblight\u00a0\u00bb row_background_text_position=\u00a0\u00bbfront\u00a0\u00bb row_background_text_align=\u00a0\u00bbleft\u00a0\u00bb row_skin=\u00a0\u00bbdark\u00a0\u00bb row_background_text_1=\u00a0\u00bbInstala\u00e7\u00f5es\u00a0\u00bb row_background_text_size=\u00a0\u00bb10em\u00a0\u00bb row_background_text_padding_left=\u00a0\u00bb9%\u00a0\u00bb row_background_text_padding_top=\u00a0\u00bb4%\u00a0\u00bb row_background_text_padding_left_1440=\u00a0\u00bb9%\u00a0\u00bb row_background_text_size_1280=\u00a0\u00bb7em\u00a0\u00bb row_background_text_padding_left_1280=\u00a0\u00bb9%\u00a0\u00bb row_background_text_size_1440=\u00a0\u00bb9m\u00a0\u00bb row_background_text_color=\u00a0\u00bbrgba(222,223,224,0.6)\u00a0\u00bb simple_background_color=\u00a0\u00bb#8491a3&Prime; row_background_text_padding_top_1440=\u00a0\u00bb9%\u00a0\u00bb row_background_text_padding_top_1280=\u00a0\u00bb9%\u00a0\u00bb][vc_column][\/vc_column][\/vc_row][vc_row [&hellip;]<\/p>\n","protected":false},"author":7,"featured_media":0,"parent":0,"menu_order":0,"comment_status":"closed","ping_status":"closed","template":"full-width.php","meta":{"om_disable_all_campaigns":false,"inline_featured_image":false,"_monsterinsights_skip_tracking":false,"_monsterinsights_sitenote_active":false,"_monsterinsights_sitenote_note":"","_monsterinsights_sitenote_category":0},"aioseo_notices":[],"_links":{"self":[{"href":"https:\/\/safina.pt\/fr\/wp-json\/wp\/v2\/pages\/11909"}],"collection":[{"href":"https:\/\/safina.pt\/fr\/wp-json\/wp\/v2\/pages"}],"about":[{"href":"https:\/\/safina.pt\/fr\/wp-json\/wp\/v2\/types\/page"}],"author":[{"embeddable":true,"href":"https:\/\/safina.pt\/fr\/wp-json\/wp\/v2\/users\/7"}],"replies":[{"embeddable":true,"href":"https:\/\/safina.pt\/fr\/wp-json\/wp\/v2\/comments?post=11909"}],"version-history":[{"count":0,"href":"https:\/\/safina.pt\/fr\/wp-json\/wp\/v2\/pages\/11909\/revisions"}],"wp:attachment":[{"href":"https:\/\/safina.pt\/fr\/wp-json\/wp\/v2\/media?parent=11909"}],"curies":[{"name":"wp","href":"https:\/\/api.w.org\/{rel}","templated":true}]}}