{"id":11917,"date":"2021-12-09T11:58:08","date_gmt":"2021-12-09T11:58:08","guid":{"rendered":"https:\/\/safina.pt\/projeto-compete-2020-desenvolvimento-regional\/"},"modified":"2022-04-29T14:51:24","modified_gmt":"2022-04-29T14:51:24","slug":"projet-compete-2020-developpementregional","status":"publish","type":"page","link":"https:\/\/safina.pt\/fr\/sobre\/projet-compete-2020-developpementregional\/","title":{"rendered":"Projet Compete 2020 (D\u00e9veloppement r\u00e9gional)"},"content":{"rendered":"<p>[vc_row content_placement=\u00a0\u00bbtop\u00a0\u00bb row_content_width=\u00a0\u00bbgrid\u00a0\u00bb row_btt_skin=\u00a0\u00bblight\u00a0\u00bb enable_bg_pattern=\u00a0\u00bbyes\u00a0\u00bb row_background_text_position=\u00a0\u00bbfront\u00a0\u00bb row_skin=\u00a0\u00bbdark\u00a0\u00bb css=\u00a0\u00bb.vc_custom_1639050322238{padding-bottom: 150px !important;}\u00a0\u00bb][vc_column]<div class=\"mkdf-elements-holder   mkdf-one-column  mkdf-responsive-mode-1024 \" ><div class=\"mkdf-eh-item  mkdf-vertical-alignment-top  \"  data-item-class=\"mkdf-eh-custom-7167\" data-1367-1600=\"0px 120px 8px 50px\" data-1025-1366=\"0px 21px 4px 40px\" data-769-1024=\"57px 260px 0 0px\" data-681-768=\"57px 120px 0 0px\" data-680=\"57px 0px 0 0px\">\n\t<div class=\"mkdf-eh-item-inner\">\n\t\t<div class=\"mkdf-eh-item-content mkdf-eh-custom-7167\" style=\"padding: 0px 90px 8px 80px\">\n\t\t\t<div class=\"mkdf-section-title-holder  mkdf-st-standard mkdf-st-title-left mkdf-st-normal-space \" >\n\t<div class=\"mkdf-st-inner\">\n                    <h6 class=\"mkdf-st-intro-title\" >\n                SUR LA SAFINA            <\/h6>\n        \t\t\t\t\t<h2 class=\"mkdf-st-title\" >\n\t\t\t\tPROJET COMPETE 2020\t\t\t<\/h2>\n\t\t\t\t\t\t\t<h5 class=\"mkdf-st-text\" style=\"font-size: 18px;line-height: 26px;font-weight: 400;margin-top: 21px\">\n\t\t\t\tCofinanc\u00e9 par:\t\t\t<\/h5>\n\t\t\t<\/div>\n<\/div>[vc_empty_space]<div class=\"mkdf-single-image-holder   \">\n    <div class=\"mkdf-si-inner\" >\n                                    <img width=\"1024\" height=\"97\" src=\"https:\/\/safina.pt\/wp-content\/uploads\/2021\/12\/compete2020_regional-black-1024x97.png\" class=\"attachment-large size-large\" alt=\"\" loading=\"lazy\" srcset=\"https:\/\/safina.pt\/wp-content\/uploads\/2021\/12\/compete2020_regional-black-1024x97.png 1024w, https:\/\/safina.pt\/wp-content\/uploads\/2021\/12\/compete2020_regional-black-300x28.png 300w, https:\/\/safina.pt\/wp-content\/uploads\/2021\/12\/compete2020_regional-black-768x73.png 768w, https:\/\/safina.pt\/wp-content\/uploads\/2021\/12\/compete2020_regional-black-1536x146.png 1536w, https:\/\/safina.pt\/wp-content\/uploads\/2021\/12\/compete2020_regional-black.png 1920w\" sizes=\"(max-width: 1024px) 100vw, 1024px\" \/>                        <\/div>\n<\/div>[vc_empty_space][vc_column_text]Nom du projet : GRASS-LIGHT : Filament pour gazon synth\u00e9tique durable, photoluminescent et r\u00e9tro\u00e9clair\u00e9<\/p>\n<p>Code du projet : POCI-01-0247-FEDER-047096<br \/>\nObjectif principal : renforcer la recherche, le d\u00e9veloppement technologique et l&rsquo;innovation<br \/>\nProgramme op\u00e9rationnel de financement : POCI<br \/>\nR\u00e9gion d&rsquo;intervention : Centre<br \/>\nEntit\u00e9 b\u00e9n\u00e9ficiaire : SAFINA &#8211; Sociedade Industrial de Alcatifas, Lda.<\/p>\n<p>IT &#8211; Institut des t\u00e9l\u00e9communications<br \/>\nUA &#8211; Universit\u00e9 d&rsquo;Aveiro<\/p>\n<p>Date d&rsquo;approbation : 12-05-2021<br \/>\nDate de d\u00e9but : 01-05-2021<br \/>\nDate d&rsquo;ach\u00e8vement : 30-06-203<\/p>\n<p>Co\u00fbt \u00e9ligible : 689 115,14 euros (Total)<br \/>\nSoutien financier de l&rsquo;Union europ\u00e9enne &#8211; FEDER : 450 366,98\u20ac (Total)<\/p>\n<p>Le projet GRASS-LIGHT propose le d\u00e9veloppement d&rsquo;un filament photoluminescent et\/ou r\u00e9tro\u00e9clair\u00e9 qui peut \u00eatre int\u00e9gr\u00e9 dans les syst\u00e8mes conventionnels de gazon artificiel, les syst\u00e8mes hybrides ou m\u00eame dans les syst\u00e8mes de plantation de gazon artificiel. Les substances photoluminescentes, lorsqu&rsquo;elles sont expos\u00e9es \u00e0 des sources de lumi\u00e8re, naturelles ou artificielles, emmagasinent de l&rsquo;\u00e9nergie par l&rsquo;excitation des atomes qui les composent, jusqu&rsquo;\u00e0 ce qu&rsquo;en l&rsquo;absence de lumi\u00e8re, elles lib\u00e8rent cette \u00e9nergie, contribuant ainsi \u00e0 l&rsquo;illumination du mat\u00e9riau et de l&rsquo;espace. Parall\u00e8lement et de mani\u00e8re compl\u00e9mentaire, un r\u00e9tro\u00e9clairage sera incorpor\u00e9 aux filaments d&rsquo;herbe, au moyen d&rsquo;un syst\u00e8me d&rsquo;\u00e9clairage \u00e0 LED, cr\u00e9ant un champ compos\u00e9 de diff\u00e9rents blocs pouvant \u00eatre \u00e9clair\u00e9s individuellement, avec un contr\u00f4le individuel de la couleur et de l&rsquo;intensit\u00e9 lumineuse.<\/p>\n<p>__________________________________<\/p>\n<p>Nom du projet : SAFINA Export 01\/SI\/2020<\/p>\n<p>Code du projet : POCI-02-0752-FEDER-071196<br \/>\nObjectif principal : tirer parti de l&rsquo;exportation des produits Safina.<br \/>\nR\u00e9gion d&rsquo;intervention : Centre<br \/>\nEntit\u00e9 b\u00e9n\u00e9ficiaire : SAFINA &#8211; SOCIEDADE INDUSTRIAL DE ALCATIFAS, LDA<\/p>\n<p>Date d&rsquo;approbation : 15-12-2020<br \/>\nDate de d\u00e9but : 28-10-2020<br \/>\nDate d&rsquo;ach\u00e8vement : 27-10-2022<\/p>\n<p>Co\u00fbt total \u00e9ligible : 515.650.00EUR<br \/>\nSoutien financier de l&rsquo;Union europ\u00e9enne : FEDER 232.042,50EUR<\/p>\n<p>Avec la r\u00e9alisation de ce projet nous avons comme objectifs<br \/>\n&#8211; Tirer parti de l&rsquo;exportation de nos produits ;<br \/>\n&#8211; Faire passer le taux d&rsquo;exportation actuel \u00e0 67% ;<br \/>\n&#8211; Augmenter le commerce \u00e9lectronique ;<br \/>\n&#8211; Investir dans l&rsquo;innovation en termes de progr\u00e8s organisationnels et marketing[\/vc_column_text]\t\t<\/div>\n\t<\/div>\n<\/div><\/div>[\/vc_column][\/vc_row]<\/p>\n","protected":false},"excerpt":{"rendered":"<p>[vc_row content_placement=\u00a0\u00bbtop\u00a0\u00bb row_content_width=\u00a0\u00bbgrid\u00a0\u00bb row_btt_skin=\u00a0\u00bblight\u00a0\u00bb enable_bg_pattern=\u00a0\u00bbyes\u00a0\u00bb row_background_text_position=\u00a0\u00bbfront\u00a0\u00bb row_skin=\u00a0\u00bbdark\u00a0\u00bb css=\u00a0\u00bb.vc_custom_1639050322238{padding-bottom: 150px !important;}\u00a0\u00bb][vc_column][\/vc_column][\/vc_row]<\/p>\n","protected":false},"author":7,"featured_media":10586,"parent":11922,"menu_order":0,"comment_status":"closed","ping_status":"closed","template":"","meta":{"om_disable_all_campaigns":false,"inline_featured_image":false,"_monsterinsights_skip_tracking":false,"_monsterinsights_sitenote_active":false,"_monsterinsights_sitenote_note":"","_monsterinsights_sitenote_category":0},"aioseo_notices":[],"_links":{"self":[{"href":"https:\/\/safina.pt\/fr\/wp-json\/wp\/v2\/pages\/11917"}],"collection":[{"href":"https:\/\/safina.pt\/fr\/wp-json\/wp\/v2\/pages"}],"about":[{"href":"https:\/\/safina.pt\/fr\/wp-json\/wp\/v2\/types\/page"}],"author":[{"embeddable":true,"href":"https:\/\/safina.pt\/fr\/wp-json\/wp\/v2\/users\/7"}],"replies":[{"embeddable":true,"href":"https:\/\/safina.pt\/fr\/wp-json\/wp\/v2\/comments?post=11917"}],"version-history":[{"count":4,"href":"https:\/\/safina.pt\/fr\/wp-json\/wp\/v2\/pages\/11917\/revisions"}],"predecessor-version":[{"id":13758,"href":"https:\/\/safina.pt\/fr\/wp-json\/wp\/v2\/pages\/11917\/revisions\/13758"}],"up":[{"embeddable":true,"href":"https:\/\/safina.pt\/fr\/wp-json\/wp\/v2\/pages\/11922"}],"wp:featuredmedia":[{"embeddable":true,"href":"https:\/\/safina.pt\/fr\/wp-json\/wp\/v2\/media\/10586"}],"wp:attachment":[{"href":"https:\/\/safina.pt\/fr\/wp-json\/wp\/v2\/media?parent=11917"}],"curies":[{"name":"wp","href":"https:\/\/api.w.org\/{rel}","templated":true}]}}